{"id":40215,"date":"2021-09-28T17:20:33","date_gmt":"2021-09-28T15:20:33","guid":{"rendered":"https:\/\/pilot-shop.es\/enviament-i-lliurament\/"},"modified":"2021-09-28T17:20:33","modified_gmt":"2021-09-28T15:20:33","slug":"enviament-i-lliurament","status":"publish","type":"page","link":"https:\/\/pilot-shop.es\/ca\/enviament-i-lliurament\/","title":{"rendered":"Enviament i Lliurament"},"content":{"rendered":"<p>Els preus i condicions de venda nom\u00e9s tenen finalitat informativa i poden modificar-se en resposta a les fluctuacions del mercat. No obstant aix\u00f2, fer la comanda omplint el formulari de compra implica el compliment del preu ofert i de les condicions generals de venda vigents en aquest moment concret. Un cop formalitzada la comanda, la compra s&#8217;entendr\u00e0 perfeccionada de dret, amb totes les garanties legals que protegeixen el consumidor comprador, i a partir d&#8217;aquest moment els preus i condicions seran contractuals, no podent ser modificats sense l&#8217;acord expr\u00e9s de ambdues parts contractants. <\/p>\n<p><strong>ENVIAMENT<\/strong><\/p>\n<p>Els terminis de lliurament oscil\u00b7len entre les 24 i les 72 hores. No podem garantir aquests terminis de lliurament, tot i que intentem que les empreses de transport els compleixin sempre que sigui possible.<\/p>\n<p>Els terminis de lliurament dependran de la disponibilitat de cada producte, que s&#8217;indica en tots i cadascun dels productes oferts. En les comandes que incloguin diversos articles, es realitzar\u00e0 un \u00fanic enviament i el termini de lliurament correspondr\u00e0 a l&#8217;article amb el termini de lliurament m\u00e9s llarg.<\/p>\n<p>Si tots els productes de la comanda estan disponibles, s&#8217;enviar\u00e0 el seg\u00fcent dia h\u00e0bil.<\/p>\n<p>A partir d&#8217;aquest moment i, segons el m\u00e8tode d&#8217;enviament escollit, els lliuraments dins de la pen\u00ednsula es realitzen en un termini d&#8217;entre 24 i 48 hores laborables. Per als enviaments a les Illes Balears, Can\u00e0ries, Ceuta i Melilla, els lliuraments es fan en 2 ~ 5 dies.<\/p>\n<p>Per als enviaments internacionals, el termini de lliurament pot variar d&#8217;1 a 4 setmanes segons el servei postal del pa\u00eds de destinaci\u00f3.<\/p>\n<p>Una comanda es considerar\u00e0 lliurada quan el client signa el rebut de lliurament. \u00c9s en les properes 24 hores quan el client haur\u00e0 de verificar els productes un cop rebuts els mateixos i exposar totes les objeccions que hi pugui haver.<\/p>\n<p>En cas de rebre un producte danyat pel transport, s&#8217;aconsella posar-se en contacte amb nosaltres en les primeres 24 hores per poder reclamar la incid\u00e8ncia a l&#8217;empresa de transport.<\/p>\n<p><strong>DEVOLUCIONS<\/strong><\/p>\n<p>D&#8217;acord amb la legislaci\u00f3 vigent, els productes poden ser retornats, per qualsevol motiu, en un termini de 14 dies naturals des de la recepci\u00f3 de la mercaderia per part del client. Per a aix\u00f2, s&#8217;han de complir les condicions establertes en aquesta p\u00e0gina de condicions. Pots fer-ho omplint el document de retirada accedint al teu nom d&#8217;usuari i contrasenya.<\/p>\n<p>No s&#8217;admetran devolucions dels seg\u00fcents productes, tal com estableix el Reial Decret Legislatiu 1\/2007, de 16 de novembre, pel qual s&#8217;aprova el text ref\u00f3s de la Llei General per a la Defensa dels Consumidors i Usuaris i altres lleis complement\u00e0ries: Tota la mercaderia s&#8217;ha de retornar. en el seu embalatge original amb tots els accessoris que cont\u00e9, en perfecte estat i protegits, evitant adhesius, segells o cintes adhesives directament sobre la superf\u00edcie o embalatge de l&#8217;article. En cas contrari, Pilot-Shop.es es reserva el dret de rebutjar la devoluci\u00f3.<\/p>\n<ol>\n<li>La prestaci\u00f3 de serveis, un cop executat \u00edntegrament el servei, quan s&#8217;hagi iniciat l&#8217;execuci\u00f3, amb el consentiment expr\u00e9s del consumidor i usuari i amb el reconeixement per part seva que tenen coneixement que, un cop executat \u00edntegrament el contracte per part del empresari, haur\u00e0s perdut el teu dret de desistiment.<\/li>\n<li>El subministrament de b\u00e9ns o la prestaci\u00f3 de serveis el preu dels quals depengui de fluctuacions del mercat financer que l&#8217;empresari no pot controlar i que es puguin produir durant el per\u00edode de desistiment.<\/li>\n<li>El subministrament de b\u00e9ns realitzat segons les especificacions del consumidor i usuari o clarament personalitzat.<\/li>\n<li>El subministrament de b\u00e9ns que poden deteriorar-se o caducar r\u00e0pidament.<\/li>\n<li>El subministrament de b\u00e9ns precintats que no siguin aptes per ser retornats per motius de protecci\u00f3 de la salut o higiene i que hagin estat descintats despr\u00e9s del lliurament.<\/li>\n<li>El subministrament de b\u00e9ns que despr\u00e9s del lliurament i tenint en compte la seva naturalesa s&#8217;hagin barrejat indissociablement amb altres b\u00e9ns.<\/li>\n<li>El subministrament d&#8217;enregistraments de so o v\u00eddeo segellats o programes inform\u00e0tics segellats que hagin estat descintats pel consumidor i usuari despr\u00e9s del lliurament.<\/li>\n<li>El subministrament de continguts digitals que no es facilitin en un suport material quan l&#8217;execuci\u00f3 s&#8217;hagi iniciat amb el consentiment previ expr\u00e9s del consumidor i usuari amb el coneixement per part seva que perd en conseq\u00fc\u00e8ncia el seu dret de desistiment.<\/li>\n<\/ol>\n<p>Les despeses de transport originades per la devoluci\u00f3 aniran a c\u00e0rrec seu. Ets lliure d&#8217;escollir i trobar l&#8217;ag\u00e8ncia que millor s&#8217;adapti a les teves necessitats o t&#8217;ofereix les tarifes m\u00e9s competitives.<\/p>\n<p>Un cop rebuda la mercaderia i comprovat que es troba en perfecte estat, es procedir\u00e0 a la devoluci\u00f3 de l&#8217;import. Reemborsarem el pagament rebut de vost\u00e8, amb l&#8217;excepci\u00f3 de les despeses d&#8217;enviament. Efectuarem el pagament en un termini m\u00e0xim de 14 dies naturals a partir de l&#8217;exercici del dret de desistiment. Fins que no rebem la mercaderia podem retenir el reemborsament.<\/p>\n<p>Recordeu no llen\u00e7ar mai els envasos dels productes fins que comproveu que estan en perfecte estat.<\/p>\n<p>Abans d&#8217;obrir qualsevol producte, us demanem que comproveu que tots els productes coincideixen amb els que vau demanar, fent una reclamaci\u00f3 immediata, per si hi ha alguna anomalia.<\/p>\n<p><strong>GARANTIES<\/strong><\/p>\n<p>L&#8217;Aeroclub, l&#8217;empresa propiet\u00e0ria de www.Pilot-Shop.es, garanteix tots els productes que distribueix segons la legislaci\u00f3 vigent.<\/p>\n<p>El consumidor pot posar-se en contacte tant amb el venedor com amb el fabricant del producte, que ser\u00e0 responsable de qualsevol falta de conformitat que es manifesti en el termini de dos anys des del lliurament.<\/p>\n<p>En tot cas, durant el temps que el consumidor es vegi privat del producte, el c\u00f2mput del per\u00edode de garantia queda susp\u00e8s; Per exemple, si la reparaci\u00f3 d&#8217;un objecte dura 15 dies, el per\u00edode de garantia finalitzar\u00e0 15 dies m\u00e9s tard del previst inicialment.<\/p>\n<p>La garantia no cobreix els defectes causats per un \u00fas inadequat del producte. En aquests casos, el consumidor s&#8217;ha de fer c\u00e0rrec de la seva reparaci\u00f3 (si escau).<\/p>\n<p><strong>CANCEL\u00b7LACIONS DE COMANDES<\/strong><\/p>\n<p>Aquelles cancel\u00b7lacions de comandes que impliquin una devoluci\u00f3 al client i que siguin per transfer\u00e8ncia banc\u00e0ria tindran un termini m\u00e0xim de 30 dies per a tr\u00e0mits administratius, encara que s&#8217;intenta que el termini no superi els 7 dies.<\/p>\n","protected":false},"excerpt":{"rendered":"<p>Els preus i condicions de venda nom\u00e9s tenen finalitat informativa i poden modificar-se en resposta a les fluctuacions del mercat. No obstant aix\u00f2, fer la comanda omplint el formulari de compra implica el compliment del preu ofert i de les condicions generals de venda vigents en aquest moment concret. Un cop formalitzada la comanda, la [&#8230;]\n","protected":false},"author":1,"featured_media":0,"parent":0,"menu_order":0,"comment_status":"closed","ping_status":"closed","template":"page-blank-title-center.php","meta":{"footnotes":""},"class_list":["post-40215","page","type-page","status-publish","hentry"],"_links":{"self":[{"href":"https:\/\/pilot-shop.es\/ca\/wp-json\/wp\/v2\/pages\/40215","targetHints":{"allow":["GET"]}}],"collection":[{"href":"https:\/\/pilot-shop.es\/ca\/wp-json\/wp\/v2\/pages"}],"about":[{"href":"https:\/\/pilot-shop.es\/ca\/wp-json\/wp\/v2\/types\/page"}],"author":[{"embeddable":true,"href":"https:\/\/pilot-shop.es\/ca\/wp-json\/wp\/v2\/users\/1"}],"replies":[{"embeddable":true,"href":"https:\/\/pilot-shop.es\/ca\/wp-json\/wp\/v2\/comments?post=40215"}],"version-history":[{"count":0,"href":"https:\/\/pilot-shop.es\/ca\/wp-json\/wp\/v2\/pages\/40215\/revisions"}],"wp:attachment":[{"href":"https:\/\/pilot-shop.es\/ca\/wp-json\/wp\/v2\/media?parent=40215"}],"curies":[{"name":"wp","href":"https:\/\/api.w.org\/{rel}","templated":true}]}}