{"id":40922,"date":"2021-05-24T11:58:41","date_gmt":"2021-05-24T09:58:41","guid":{"rendered":"https:\/\/pilot-shop.es\/avis-legal\/"},"modified":"2021-05-24T11:58:41","modified_gmt":"2021-05-24T09:58:41","slug":"avis-legal","status":"publish","type":"page","link":"https:\/\/pilot-shop.es\/ca\/avis-legal\/","title":{"rendered":"Av\u00eds legal"},"content":{"rendered":"<p>Qualsevol comunicaci\u00f3 amb Barcelona Flight School per qualsevol mitj\u00e0 o a trav\u00e9s de la seva adre\u00e7a de correu electr\u00f2nic, o dels formularis presents en aquest &#8220;web&#8221; o el seu &#8220;e-mail&#8221;, implica el consentiment expr\u00e9s perqu\u00e8 les seves dades personals siguin incorporades a fitxers propietat d&#8217;Aeroclub. Barcelona-Sabadell, l&#8217;adre\u00e7a de la qual \u00e9s protecciondedatos@aeroclub.es<\/p>\n<p>Aquestes dades personals seran tractades d&#8217;acord amb el que disposa la Llei org\u00e0nica 15\/1999, de 13 de desembre, de protecci\u00f3 de dades de car\u00e0cter personal.<\/p>\n<p>Per tant, l&#8217;interessat podr\u00e0 exercir el dret d&#8217;acc\u00e9s, rectificaci\u00f3, cancel\u00b7laci\u00f3 i oposici\u00f3 respecte de les dades personals contingudes en els esmentats fitxers, i podr\u00e0 revocar el seu consentiment per escrit en qualsevol moment.<\/p>\n<p>Per fer-ho, ho poden fer mitjan\u00e7ant comunicaci\u00f3 escrita adre\u00e7ada a:<\/p>\n<p><strong> Aeroclub de Barcelona-Sabadell <\/strong><br \/>\nG08375099<br \/>\nAeroport de Sabadell<br \/>\n08205 Sabadell (Barcelona)<br \/>\nTel\u00e8fon: +34 937 101 952<br \/>\naeroclub@aeroclub.es<\/p>\n","protected":false},"excerpt":{"rendered":"<p>Qualsevol comunicaci\u00f3 amb Barcelona Flight School per qualsevol mitj\u00e0 o a trav\u00e9s de la seva adre\u00e7a de correu electr\u00f2nic, o dels formularis presents en aquest &#8220;web&#8221; o el seu &#8220;e-mail&#8221;, implica el consentiment expr\u00e9s perqu\u00e8 les seves dades personals siguin incorporades a fitxers propietat d&#8217;Aeroclub. Barcelona-Sabadell, l&#8217;adre\u00e7a de la qual \u00e9s protecciondedatos@aeroclub.es Aquestes dades personals [&#8230;]\n","protected":false},"author":1,"featured_media":0,"parent":0,"menu_order":0,"comment_status":"closed","ping_status":"closed","template":"page-blank-title-center.php","meta":{"footnotes":""},"class_list":["post-40922","page","type-page","status-publish","hentry"],"_links":{"self":[{"href":"https:\/\/pilot-shop.es\/ca\/wp-json\/wp\/v2\/pages\/40922","targetHints":{"allow":["GET"]}}],"collection":[{"href":"https:\/\/pilot-shop.es\/ca\/wp-json\/wp\/v2\/pages"}],"about":[{"href":"https:\/\/pilot-shop.es\/ca\/wp-json\/wp\/v2\/types\/page"}],"author":[{"embeddable":true,"href":"https:\/\/pilot-shop.es\/ca\/wp-json\/wp\/v2\/users\/1"}],"replies":[{"embeddable":true,"href":"https:\/\/pilot-shop.es\/ca\/wp-json\/wp\/v2\/comments?post=40922"}],"version-history":[{"count":0,"href":"https:\/\/pilot-shop.es\/ca\/wp-json\/wp\/v2\/pages\/40922\/revisions"}],"wp:attachment":[{"href":"https:\/\/pilot-shop.es\/ca\/wp-json\/wp\/v2\/media?parent=40922"}],"curies":[{"name":"wp","href":"https:\/\/api.w.org\/{rel}","templated":true}]}}