{"id":40923,"date":"2021-06-01T17:01:13","date_gmt":"2021-06-01T15:01:13","guid":{"rendered":"https:\/\/pilot-shop.es\/condicions-dus\/"},"modified":"2021-06-01T17:01:13","modified_gmt":"2021-06-01T15:01:13","slug":"condicions-dus","status":"publish","type":"page","link":"https:\/\/pilot-shop.es\/ca\/condicions-dus\/","title":{"rendered":"Condicions d&#8217;\u00fas"},"content":{"rendered":"<p>Aquestes Condicions d&#8217;\u00das, Pol\u00edtica de Privacitat i Venda (d&#8217;ara endavant, les &#8220;Condicions Generals&#8221;) regulen l&#8217;\u00fas del lloc web <a href=\"http:\/\/www.pilot-shop.es\">www.pilot-shop.es<\/a> (d&#8217;ara endavant, el lloc web) que l&#8217;Aeroclub Barcelona-Sabadell (d&#8217;ara endavant \u201cL&#8217;AEROCLUB\u201d), posa a disposici\u00f3 de les persones que accedeixen al seu lloc web per facilitar informaci\u00f3 sobre productes i serveis, col\u00b7laboradors propis i\/o externs, i facilitar-ne l&#8217;acc\u00e9s, com a aix\u00ed com la contractaci\u00f3 de serveis i b\u00e9ns. a trav\u00e9s d&#8217;ell (tots coneguts col\u00b7lectivament com els &#8220;Serveis&#8221;).<\/p>\n<p>L&#8217;AEROCLUB, amb domicili social a l&#8217;Aeroport de Sabadell, 08205 Sabadell (Barcelona), titular d&#8217;aquest lloc web, l&#8217;\u00fas del qual est\u00e0 regulat per aquest document. Per contactar amb L&#8217;AEROCLUB, podeu utilitzar l&#8217;adre\u00e7a postal indicada m\u00e9s amunt, aix\u00ed com l&#8217;adre\u00e7a de correu electr\u00f2nic <a href=\"mailto:aeroclub@aeroclub.es\">aeroclub@aeroclub.es<\/a><\/p>\n<p>Per la pr\u00f2pia naturalesa del lloc web, aix\u00ed com pel seu contingut i finalitat, pr\u00e0cticament tota la navegaci\u00f3 que es pot fer a trav\u00e9s del mateix s&#8217;ha de fer gaudint de la condici\u00f3 de client. Per tant, l&#8217;esmentada condici\u00f3 del Client implica l&#8217;adhesi\u00f3 a les Condicions Generals de la versi\u00f3 publicada en el moment d&#8217;accedir al lloc web. L&#8217;AEROCLUB es reserva el dret a modificar, en qualsevol moment, la presentaci\u00f3 i configuraci\u00f3 del lloc web, aix\u00ed com les presents Condicions Generals. Per aquest motiu, L&#8217;AEROCLUB recomana al Client que el llegeixi atentament cada vegada que accedeixi al lloc web.<\/p>\n<p>En tot cas, hi ha p\u00e0gines del lloc web accessibles al p\u00fablic en general, respecte de les quals L&#8217;AEROCLUB tamb\u00e9 vol complir amb les seves obligacions legals, aix\u00ed com regular-ne l&#8217;\u00fas. En aquest sentit, els usuaris que accedeixen a aquestes parts del lloc web es comprometen a presentar, mitjan\u00e7ant l&#8217;acc\u00e9s a les p\u00e0gines esmentades, els termes i condicions establerts en aquestes Condicions Generals, en la mesura que els siguin aplicables.<\/p>\n<p>Finalment, per la pr\u00f2pia naturalesa d&#8217;aquest lloc web, el contingut d&#8217;aquests termes i condicions pot ser modificat o incl\u00f2s. Per tant, el Client, aix\u00ed com la resta d&#8217;usuaris que no gaudeixin d&#8217;aquesta condici\u00f3, estan obligats a accedir a les presents Condicions Generals cada vegada que accedeixi al lloc web, assumint que les condicions corresponents estan vigents en el moment del seu acc\u00e9s.<\/p>\n<p><strong>ACC\u00c9S I SEGURETAT<\/strong><\/p>\n<p>L&#8217;acc\u00e9s als Serveis requereix el registre previ dels usuaris, un cop acceptin les Condicions Generals, passant a ser considerats Clients. L&#8217;identificador del client constar\u00e0 de la seva adre\u00e7a de correu electr\u00f2nic i una contrasenya. Per accedir al compte propi del client cal incloure aquest identificador, aix\u00ed com una contrasenya que ha de contenir almenys 8 car\u00e0cters. L&#8217;\u00fas de la contrasenya \u00e9s personal i intransferible, no es permet la cessi\u00f3, ni tan sols temporal, a tercers. En aquest sentit, el Client es compromet a fer un \u00fas diligent i a mantenir-lo en secret, assumint la total responsabilitat de les conseq\u00fc\u00e8ncies de la seva divulgaci\u00f3 a tercers. En el cas que el Client s\u00e0piga o sospiti que l&#8217;\u00fas de la seva contrasenya per part de tercers ha de canviar-la immediatament, tal com s&#8217;indica a la p\u00e0gina web.<\/p>\n<p><strong>\u00daS CORRECT DELS SERVEIS I RESTRICCIONS LEGALS<\/strong><\/p>\n<p>El Client es compromet a utilitzar els Serveis de manera diligent, correcta i l\u00edcita i, en particular, a t\u00edtol il\u00b7lustratiu i no limitatiu, es compromet a abstenir-se de:<\/p>\n<ol>\n<li>utilitzar els Serveis de manera, amb finalitats o efectes contraris a la llei, la moral i els bons costums generalment acceptats o l&#8217;ordre p\u00fablic;<\/li>\n<li>reproduir o copiar, distribuir, permetre l&#8217;acc\u00e9s p\u00fablic a trav\u00e9s de qualsevol forma de comunicaci\u00f3 p\u00fablica, transformar o modificar els Serveis, llevat que es compti amb l&#8217;autoritzaci\u00f3 del titular dels drets corresponents o estigui legalment perm\u00e8s;<\/li>\n<li>realitzar qualsevol acte que pugui ser considerat com una vulneraci\u00f3 de qualsevol dret de propietat intel\u00b7lectual o industrial pertanyent a L&#8217;AEROCLUB o a tercers;<\/li>\n<li>utilitzar els Serveis i, en particular, la informaci\u00f3 de qualsevol classe obtinguda a trav\u00e9s del lloc web per enviar publicitat, comunicacions amb finalitats de venda directa o amb qualsevol altre tipus de finalitat comercial, missatges no sol\u00b7licitats dirigits a una pluralitat de persones amb independ\u00e8ncia de la seva finalitat. com a comercialitzaci\u00f3 o divulgaci\u00f3 d&#8217;aquesta informaci\u00f3 de qualsevol manera;<\/li>\n<\/ol>\n<p>El Client respondr\u00e0 dels danys i perjudicis de qualsevol naturalesa que L&#8217;AEROCLUB pogu\u00e9s sofrir, en ocasi\u00f3 o com a conseq\u00fc\u00e8ncia de l&#8217;incompliment de qualsevol de les obligacions anteriorment exposades, aix\u00ed com de qualsevol altra inclosa en aquestes Condicions Generals i\/o en aquelles imposada. per llei. en relaci\u00f3 amb l&#8217;\u00fas del lloc web. L&#8217;AEROCLUB vetllar\u00e0 en tot moment perqu\u00e8 es respecti l&#8217;ordenament jur\u00eddic vigent i tindr\u00e0 dret a interrompre, a la seva discreci\u00f3, el Servei o excloure el Client del lloc web en cas de suposada comissi\u00f3, completa o incompleta, d&#8217;alguna de les les faltes o faltes especificades en el vigent Codi Penal, o en el sup\u00f2sit de qualsevol conducta que, a parer de L&#8217;AEROCLUB, sigui contr\u00e0ria a les presents Condicions Generals, a les Condicions Generals de Contractaci\u00f3 que operen per a aquest lloc web, a la Llei, a la normes establertes per L&#8217;AEROCLUB o els seus col\u00b7laboradors o poden pertorbar el bon funcionament, imatge, credibilitat i\/o prestigi de pilot-shop.es o dels seus col\u00b7laboradors.<\/p>\n<p><strong>DRETS DE PROPIETAT<\/strong><\/p>\n<p>Tots els continguts del lloc web, com ara textos, gr\u00e0fics, fotografies, logotips, icones, imatges, aix\u00ed com el disseny gr\u00e0fic, codi font i programari, s\u00f3n propietat exclusiva de L&#8217;AEROCLUB o de tercers, els drets dels quals al respecte s\u00f3n leg\u00edtims. . de pilot-shop.es, per tant, est\u00e0 protegit per la legislaci\u00f3 nacional i internacional. Queda totalment prohibida la utilitzaci\u00f3 de tots els elements de propietat industrial i intel\u00b7lectual amb finalitats comercials, aix\u00ed com la seva distribuci\u00f3, modificaci\u00f3, alteraci\u00f3 o descompilaci\u00f3. La vulneraci\u00f3 d&#8217;algun dels drets esmentats pot constituir una vulneraci\u00f3 d&#8217;aquestes disposicions, aix\u00ed com una infracci\u00f3 punible d&#8217;acord amb els articles 270 i seg\u00fcents. del Codi Penal. Aquells Clients que envi\u00efn observacions, opinions o comentaris al lloc web a trav\u00e9s del servei de correu electr\u00f2nic o per qualsevol altre mitj\u00e0, en els casos en qu\u00e8 aix\u00f2 sigui possible per la naturalesa dels Serveis, s&#8217;entenen autoritzant a L&#8217;AEROCLUB per a la seva reproducci\u00f3. , distribuci\u00f3, comunicaci\u00f3 p\u00fablica, transformaci\u00f3 i exercici de qualsevol altre dret d&#8217;explotaci\u00f3, d&#8217;aquestes observacions, opinions o comentaris, durant tot el temps de protecci\u00f3 dels drets d&#8217;autor legalment previstos i sense limitacions territorials. Tamb\u00e9 s&#8217;ent\u00e9n que aquesta autoritzaci\u00f3 \u00e9s gratu\u00efta. Les queixes que els clients puguin presentar en relaci\u00f3 a possibles incompliments dels drets de propietat intel\u00b7lectual o industrial sobre qualsevol dels serveis d&#8217;aquest lloc web s&#8217;han d&#8217;adre\u00e7ar a la seg\u00fcent adre\u00e7a de correu electr\u00f2nic: aeroclub@aeroclub.es<\/p>\n<p><strong>EXCLUSI\u00d3 DE GARANTIES I RESPONSABILITAT<\/strong><\/p>\n<p>Sense perjudici del que estableixen les Condicions Generals de Contractaci\u00f3 relatives a la contractaci\u00f3 de b\u00e9ns continguts en aquest lloc web, L&#8217;AEROCLUB no es fa responsable de la veracitat, exactitud i qualitat d&#8217;aquest lloc web, dels seus serveis, informaci\u00f3 i materials. Aquests serveis, informaci\u00f3 i materials es presenten &#8220;tal com estan&#8221; i s\u00f3n accessibles sense cap tipus de garantia. L&#8217;AEROCLUB es reserva el dret d&#8217;interrompre l&#8217;acc\u00e9s al lloc web, aix\u00ed com la prestaci\u00f3 d&#8217;algun o de tots els Serveis que es presten a trav\u00e9s d&#8217;aquest en qualsevol moment i sense previ av\u00eds, ja sigui per motius t\u00e8cnics o de seguretat, de control, manteniment, fallada el\u00e8ctrica o qualsevol altra causa justificada. En conseq\u00fc\u00e8ncia, L&#8217;AEROCLUB no garanteix la fiabilitat, disponibilitat o continu\u00eftat de la seva p\u00e0gina web o dels Serveis, de manera que l&#8217;\u00fas dels mateixos per part del Client es fa sota el seu propi risc, sense que, en cap moment, L&#8217;AEROCLUB sigui responsable de aquest respecte. L&#8217;AEROCLUB no ser\u00e0 responsable en cas d&#8217;interrupcions dels Serveis, retards, errors, mal funcionament i, en general, altres inconvenients que es puguin ocasionar per causes alienes a la seva voluntat. pilot-shop.es, i\/o a causa d&#8217;una acci\u00f3 fraudulenta o culpable del Client i\/o causada per circumst\u00e0ncies imprevisibles o de for\u00e7a major. Sense perjudici del que disposa l&#8217;article 1105 del Codi Civil, tots els fets que es produeixin ali\u00e8 a la voluntat de L&#8217;AEROCLUB s&#8217;entendran inclosos en el concepte de for\u00e7a major, aix\u00ed mateix, i als efectes d&#8217;aquestes Condicions Generals tals com: fallades de tercers, operadors o empreses de serveis, actes governamentals, falta d&#8217;acc\u00e9s a xarxes de tercers, actes o omissions de les administracions p\u00fabliques, aquells altres produ\u00efts com a conseq\u00fc\u00e8ncia de fen\u00f2mens naturals, apagues, etc. i l&#8217;atac de pirates inform\u00e0tics o tercers especialitzats en la seguretat o integritat del sistema inform\u00e0tic, sempre que l&#8217;AEROCLUB hagi adoptat mesures de seguretat raonables d&#8217;acord amb l&#8217;estat de la t\u00e8cnica. En qualsevol cas, sigui quina sigui la seva causa, AEROCLUB no assumir\u00e0 cap responsabilitat per danys, p\u00e8rdues i\/o lucre ces directes o indirectes. L&#8217;AEROCLUB exclou qualsevol responsabilitat pels danys i perjudicis de qualsevol naturalesa que es puguin deure a la falta de veracitat, exactitud, integritat i\/o actualitat dels Serveis transmesos, difosos, emmagatzemats, posats a disposici\u00f3 o rebuts, obtinguts o accedits a trav\u00e9s del lloc web, com aix\u00ed com per als Serveis prestats o oferts per tercers o entitats. L&#8217;AEROCLUB intentar\u00e0, en la mesura del possible, actualitzar i rectificar qualsevol informaci\u00f3 allotjada a la seva p\u00e0gina web que no compleixi amb les m\u00ednimes garanties de veracitat. No obstant aix\u00f2, quedar\u00e0 exempt de responsabilitat per no actualitzar-lo o rectificar-lo, aix\u00ed com pel contingut i la informaci\u00f3 que s&#8217;hi proporcionen. En aquest sentit, L&#8217;AEROCLUB no t\u00e9 l&#8217;obligaci\u00f3 de controlar i no controla els continguts transmesos, difosos o posats a disposici\u00f3 de tercers pels clients o col\u00b7laboradors, excepte en els casos en qu\u00e8 ho requereixi la legislaci\u00f3 vigent o quan ho requereixi. per un \u00f2rgan judicial o administratiu competent. Autoritat. Aix\u00ed mateix, AEROCLUB exclou qualsevol responsabilitat pels danys i perjudicis de qualsevol naturalesa que es puguin deure a la pres\u00e8ncia de virus o a la pres\u00e8ncia d&#8217;altres elements lesius en els continguts que puguin produir alteracions en els sistemes inform\u00e0tics, aix\u00ed com en els documents o sistemes emmagatzemats en aquests. AEROCLUB no es fa responsable de l&#8217;\u00fas que el Client faci dels Serveis del Lloc Web o de les seves contrasenyes, aix\u00ed com de qualsevol altre material que infringeixi els drets de propietat intel\u00b7lectual o industrial o qualsevol altre dret de tercers. El Client es compromet a mantenir L&#8217;AEROCLUB indemnitzat per qualsevol dany, p\u00e8rdua, multa, despesa (inclosos, sense limitaci\u00f3, honoraris d&#8217;advocats) o responsabilitat civil, administrativa o qualsevol altra responsabilitat que L&#8217;AEROCLUB pugui patir en relaci\u00f3 amb l&#8221;incompliment. o parcial o defectuosa. compliment per vost\u00e8 del que estableixen aquestes Condicions Generals o la legislaci\u00f3 aplicable i, en particular, en relaci\u00f3 a les seves obligacions en mat\u00e8ria de protecci\u00f3 de dades personals recollides en aquestes condicions o establertes a la LOPD i la normativa de desenvolupament.<\/p>\n<p><strong>ENLLA\u00c7OS A ALTRES LLOCS WEB<\/strong><\/p>\n<p>L&#8217;AEROCLUB no garanteix ni assumeix cap responsabilitat pels danys i perjudicis patits per l&#8217;acc\u00e9s a Serveis de Tercers a trav\u00e9s de connexions, enlla\u00e7os o enlla\u00e7os des dels llocs enlla\u00e7ats o sobre l&#8217;exactitud o fiabilitat dels mateixos. La funci\u00f3 dels enlla\u00e7os que apareixen a pilot-sshop.es \u00e9s exclusivament la d&#8217;informar el Client sobre l&#8217;exist\u00e8ncia d&#8217;altres fonts d&#8217;informaci\u00f3 a Internet, on podr\u00e0 ampliar els Serveis que ofereix el Portal. L&#8217;AEROCLUB no ser\u00e0 en cap cas responsable del resultat obtingut a trav\u00e9s d&#8217;aquests enlla\u00e7os ni de les conseq\u00fc\u00e8ncies derivades de l&#8217;acc\u00e9s dels Clients als mateixos. Aquests Serveis de Tercers els proporcionen, per la qual cosa L&#8217;AEROCLUB no pot controlar la legalitat dels Serveis ni la seva qualitat. En conseq\u00fc\u00e8ncia, el Client ha de ser extremadament prudent en l&#8217;avaluaci\u00f3 i utilitzaci\u00f3 de la informaci\u00f3 i serveis disponibles en els continguts de tercers.<\/p>\n<p><strong>LLEI APLICABLE I JURISDICCI\u00d3<\/strong><\/p>\n<p>Per a qualsevol q\u00fcesti\u00f3 interpretativa o contenciosa que pogu\u00e9s sorgir, ser\u00e0 d&#8217;aplicaci\u00f3 la legislaci\u00f3 espanyola i, en cas de controv\u00e8rsia, ambdues parts es comprometen a sotmetre&#8217;s, amb ren\u00fancia a qualsevol altre fur que pogu\u00e9s correspondre&#8217;s, a la jurisdicci\u00f3 dels Jutjats i Tribunals de la ciutat de Barcelona.<\/p>\n","protected":false},"excerpt":{"rendered":"<p>Aquestes Condicions d&#8217;\u00das, Pol\u00edtica de Privacitat i Venda (d&#8217;ara endavant, les &#8220;Condicions Generals&#8221;) regulen l&#8217;\u00fas del lloc web www.pilot-shop.es (d&#8217;ara endavant, el lloc web) que l&#8217;Aeroclub Barcelona-Sabadell (d&#8217;ara endavant \u201cL&#8217;AEROCLUB\u201d), posa a disposici\u00f3 de les persones que accedeixen al seu lloc web per facilitar informaci\u00f3 sobre productes i serveis, col\u00b7laboradors propis i\/o externs, i facilitar-ne [&#8230;]\n","protected":false},"author":1,"featured_media":0,"parent":0,"menu_order":0,"comment_status":"closed","ping_status":"closed","template":"page-blank-title-center.php","meta":{"footnotes":""},"class_list":["post-40923","page","type-page","status-publish","hentry"],"_links":{"self":[{"href":"https:\/\/pilot-shop.es\/ca\/wp-json\/wp\/v2\/pages\/40923","targetHints":{"allow":["GET"]}}],"collection":[{"href":"https:\/\/pilot-shop.es\/ca\/wp-json\/wp\/v2\/pages"}],"about":[{"href":"https:\/\/pilot-shop.es\/ca\/wp-json\/wp\/v2\/types\/page"}],"author":[{"embeddable":true,"href":"https:\/\/pilot-shop.es\/ca\/wp-json\/wp\/v2\/users\/1"}],"replies":[{"embeddable":true,"href":"https:\/\/pilot-shop.es\/ca\/wp-json\/wp\/v2\/comments?post=40923"}],"version-history":[{"count":0,"href":"https:\/\/pilot-shop.es\/ca\/wp-json\/wp\/v2\/pages\/40923\/revisions"}],"wp:attachment":[{"href":"https:\/\/pilot-shop.es\/ca\/wp-json\/wp\/v2\/media?parent=40923"}],"curies":[{"name":"wp","href":"https:\/\/api.w.org\/{rel}","templated":true}]}}