{"id":40924,"date":"2021-06-01T17:13:36","date_gmt":"2021-06-01T15:13:36","guid":{"rendered":"https:\/\/pilot-shop.es\/politica-de-cookies\/"},"modified":"2021-06-01T17:13:36","modified_gmt":"2021-06-01T15:13:36","slug":"politica-de-cookies","status":"publish","type":"page","link":"https:\/\/pilot-shop.es\/ca\/politica-de-cookies\/","title":{"rendered":"Pol\u00edtica de cookies"},"content":{"rendered":"<p>Aquesta Pol\u00edtica de Cookies forma part integrant de la Pol\u00edtica de Privacitat del Lloc Web propietat de BFS. L&#8217;acc\u00e9s i la navegaci\u00f3 pel Lloc Web, o la utilitzaci\u00f3 dels serveis del mateix, impliquen l&#8217;acceptaci\u00f3 dels termes i condicions inclosos en aquesta Pol\u00edtica de Privacitat. Amb la finalitat de facilitar la seva navegaci\u00f3 pel Lloc Web, BFS l&#8217;informa que utilitza Cookies o altres fitxers amb funcionalitat similar (d&#8217;ara endavant &#8220;Cookies&#8221;). En qualsevol cas, l&#8217;informem que BFS \u00e9s responsable de les Cookies i del tractament de les dades obtingudes a trav\u00e9s de les Cookies i de tercers decidint la finalitat, contingut i \u00fas del tractament de la informaci\u00f3 recollida.<\/p>\n<p><strong>Qu\u00e8 \u00e9s una galeta?<\/strong><\/p>\n<p>Les cookies s\u00f3n fitxers que contenen petites quantitats d&#8217;informaci\u00f3 que es descarreguen al dispositiu de l&#8217;usuari quan visita una p\u00e0gina web. La seva finalitat principal \u00e9s recon\u00e8ixer l&#8217;usuari cada vegada que accedeix al Lloc Web, permetent tamb\u00e9 millorar la qualitat i oferir un millor \u00fas del Lloc Web. Les cookies s\u00f3n essencials per al funcionament d&#8217;Internet; no poden danyar l&#8217;equip\/dispositiu de l&#8217;usuari i, si estan activats en la configuraci\u00f3 del seu navegador, ajudaran a identificar i resoldre possibles errors de funcionament del lloc web.<br \/>\n\u00das de cookies per part del lloc web<\/p>\n<p>En accedir al Lloc Web, acceptes expressament l&#8217;\u00fas d&#8217;aquest tipus de Cookies als teus dispositius. Si desactiveu les galetes, \u00e9s possible que la vostra navegaci\u00f3 pel lloc web no sigui \u00f2ptima i algunes de les utilitats disponibles al lloc web poden no funcionar correctament. Concretament, BFS est\u00e0 utilitzant Cookies per a les finalitats que s&#8217;indiquen a continuaci\u00f3. Si en el futur BFS utilitza altres serveis per oferir m\u00e9s i millors serveis, se n&#8217;informar\u00e0 l&#8217;usuari.<\/p>\n<p><strong>Cookies pr\u00f2pies (cookies de personalitzaci\u00f3)<\/strong><\/p>\n<p>S\u00f3n aquelles que permeten a l&#8217;usuari accedir al servei amb unes caracter\u00edstiques generals predefinides segons una s\u00e8rie de criteris en el terminal de l&#8217;usuari com l&#8217;idioma, el tipus de navegador a trav\u00e9s del qual accedeix al servei, la configuraci\u00f3 regional des d&#8217;on accedeix al servei, etc.<\/p>\n<p><strong>Cookies de tercers (cookies de Google Analytics)<\/strong><\/p>\n<p>El lloc web utilitza Google Analytics, un servei prestat per Google, Inc., l&#8217;oficina principal del qual es troba a 1600 Amphitheatre Parkway, Mountain View (Calif\u00f2rnia), CA 94043, Estats Units (&#8220;Google&#8221;). Google Analytics utilitza galetes amb la finalitat d&#8217;analitzar l&#8217;\u00fas que fan els usuaris del lloc web. La informaci\u00f3 generada per la Cookie (inclosa la seva adre\u00e7a IP) ser\u00e0 directament transmesa i arxivada per Google als seus servidors als Estats Units. Google utilitzar\u00e0 aquesta informaci\u00f3 en nom de BFS amb la finalitat de fer un seguiment del vostre \u00fas del lloc, recopilar l&#8217;activitat del lloc i proporcionar altres serveis relacionats amb l&#8217;activitat del lloc web i l&#8217;\u00fas d&#8217;Internet. Google pot transferir aquesta informaci\u00f3 a tercers quan ho requereixi la llei, o quan aquests tercers tracten la informaci\u00f3 en nom de Google. Google no associar\u00e0 la vostra adre\u00e7a IP amb cap altra dada que tingueu. En utilitzar aquest lloc, consentiu el tractament de la vostra informaci\u00f3 per part de Google de la forma i per a les finalitats indicades anteriorment. Per obtenir m\u00e9s informaci\u00f3, podeu visitar l&#8217;URL seg\u00fcent http:\/\/www.google.com\/analytics.<br \/>\nConfiguraci\u00f3 de l&#8217;usuari per evitar cookies<\/p>\n<p>En compliment de la normativa legal vigent, li facilitem informaci\u00f3 que li permet configurar el seu navegador\/navegadors d&#8217;Internet per mantenir la seva privadesa i seguretat en relaci\u00f3 a les cookies. Per tant, oferim la informaci\u00f3 i els enlla\u00e7os als llocs oficials de suport dels principals navegadors perqu\u00e8 pugueu decidir si voleu o no acceptar l&#8217;\u00fas de Cookies.<\/p>\n<p>Aix\u00ed, podeu bloquejar les Cookies mitjan\u00e7ant les eines de configuraci\u00f3 del navegador, o b\u00e9 podeu configurar el vostre navegador perqu\u00e8 us avisi quan un servidor vulgui desar una Cookie:<\/p>\n<p>a) Si utilitzeu Microsoft Internet Explorer, trobareu l&#8217;opci\u00f3 al men\u00fa Eines &gt; Opcions d&#8217;Internet &gt; Privacitat &gt; Configuraci\u00f3. Per obtenir m\u00e9s informaci\u00f3 visiteu:<\/p>\n<p><a href=\"http:\/\/windows.microsoft.com\/en-us\/windows-vista\/block-or-allow-Cookies\">http:\/\/windows.microsoft.com\/en-us\/windows-vista\/block-or-allow-Cookies<\/a> i<\/p>\n<p><a href=\"http:\/\/windows.microsoft.com\/en-us\/windows7\/how-to-%20manage-Cookies-in-internetexplorer-9\">http:\/\/windows.microsoft.com\/en-us\/windows7\/how-to- manage-Cookies-in-internetexplorer-9<\/a>.<\/p>\n<p>b) Si feu servir Firefox, trobareu l&#8217;opci\u00f3 al men\u00fa Eines &gt; Opcions &gt; Privacitat &gt; Cookies. Per obtenir m\u00e9s informaci\u00f3 visiteu:<\/p>\n<p><a href=\"http:\/\/support.mozilla.org\/en\/kb\/disabled-Cookies-that-the-sites-we\">http:\/\/support.mozilla.org\/en\/kb\/disabled-Cookies-that-the-sites-we<\/a>.<\/p>\n<p>c) Si utilitzeu Chrome, a les Opcions &gt; Avan\u00e7at &gt; Secci\u00f3 de privadesa. Per obtenir m\u00e9s informaci\u00f3 visiteu:<\/p>\n<p><a href=\"https:\/\/support.google.com\/accounts\/answer\/61416?hl=en\">https:\/\/support.google.com\/accounts\/answer\/61416?hl=en<\/a><\/p>\n<p>d) Si utilitzeu Opera, a l&#8217;apartat de Seguretat i Privadesa. Per obtenir m\u00e9s informaci\u00f3 visiteu:<\/p>\n<p><a href=\"http:\/\/help.opera.com\/Windows\/11.50\/esES\/cookies.html\">http:\/\/help.opera.com\/Windows\/11.50\/esES\/cookies.html<\/a><\/p>\n<p>e) Si utilitzeu Safari, a les Opcions &gt; Secci\u00f3 de privadesa. Per obtenir m\u00e9s informaci\u00f3 visiteu:<\/p>\n<p><a href=\"http:\/\/support.apple.com\/kb\/HT1677?viewlocale=es_ES\">http:\/\/support.apple.com\/kb\/HT1677?viewlocale=es_ES<\/a><\/p>\n<p><strong>Llista de cookies<\/strong><\/p>\n<table>\n<tbody>\n<tr>\n<th>Nom<\/th>\n<th>Prove\u00efdor<\/th>\n<th>Prop\u00f2sit<\/th>\n<th>Caducitat<\/th>\n<\/tr>\n<tr>\n<td>PHPSESSID<\/td>\n<td>PHP Session<\/td>\n<td>persist\u00e8ncia<\/td>\n<td>Session<\/td>\n<\/tr>\n<tr>\n<td>wordpress_logged_in<\/td>\n<td>WordPress<\/td>\n<td>Log-in<\/td>\n<td>Session<\/td>\n<\/tr>\n<\/tbody>\n<\/table>\n","protected":false},"excerpt":{"rendered":"<p>Aquesta Pol\u00edtica de Cookies forma part integrant de la Pol\u00edtica de Privacitat del Lloc Web propietat de BFS. L&#8217;acc\u00e9s i la navegaci\u00f3 pel Lloc Web, o la utilitzaci\u00f3 dels serveis del mateix, impliquen l&#8217;acceptaci\u00f3 dels termes i condicions inclosos en aquesta Pol\u00edtica de Privacitat. Amb la finalitat de facilitar la seva navegaci\u00f3 pel Lloc Web, [&#8230;]\n","protected":false},"author":1,"featured_media":0,"parent":0,"menu_order":0,"comment_status":"closed","ping_status":"closed","template":"page-blank-title-center.php","meta":{"footnotes":""},"class_list":["post-40924","page","type-page","status-publish","hentry"],"_links":{"self":[{"href":"https:\/\/pilot-shop.es\/ca\/wp-json\/wp\/v2\/pages\/40924","targetHints":{"allow":["GET"]}}],"collection":[{"href":"https:\/\/pilot-shop.es\/ca\/wp-json\/wp\/v2\/pages"}],"about":[{"href":"https:\/\/pilot-shop.es\/ca\/wp-json\/wp\/v2\/types\/page"}],"author":[{"embeddable":true,"href":"https:\/\/pilot-shop.es\/ca\/wp-json\/wp\/v2\/users\/1"}],"replies":[{"embeddable":true,"href":"https:\/\/pilot-shop.es\/ca\/wp-json\/wp\/v2\/comments?post=40924"}],"version-history":[{"count":0,"href":"https:\/\/pilot-shop.es\/ca\/wp-json\/wp\/v2\/pages\/40924\/revisions"}],"wp:attachment":[{"href":"https:\/\/pilot-shop.es\/ca\/wp-json\/wp\/v2\/media?parent=40924"}],"curies":[{"name":"wp","href":"https:\/\/api.w.org\/{rel}","templated":true}]}}