{"id":40925,"date":"2021-06-01T17:25:47","date_gmt":"2021-06-01T15:25:47","guid":{"rendered":"https:\/\/pilot-shop.es\/mes-informacio-sobre-les-cookies\/"},"modified":"2021-06-01T17:25:47","modified_gmt":"2021-06-01T15:25:47","slug":"mes-informacio-sobre-les-cookies","status":"publish","type":"page","link":"https:\/\/pilot-shop.es\/ca\/mes-informacio-sobre-les-cookies\/","title":{"rendered":"M\u00e9s informaci\u00f3 sobre les cookies"},"content":{"rendered":"<p><strong>Qu\u00e8 \u00e9s una cookie?<\/strong><\/p>\n<p>Una cookie \u00e9s un fitxer de text inofensiu que s\u2019emmagatzema al vostre navegador quan visiteu gaireb\u00e9 qualsevol lloc web. La utilitat de la cookie \u00e9s que la web pot recordar la vostra visita la propera vegada que navegueu per aquesta p\u00e0gina. Tot i que molta gent no sap que les galetes s\u2019utilitzen des de fa 20 anys, quan va ser el primer navegador de la World Wide Web.<\/p>\n<p><strong>Qu\u00e8 NO \u00e9s una cookie?<\/strong><\/p>\n<p>No \u00e9s un virus ni un troi\u00e0, ni un cuc, ni correu brossa ni programari espia, ni s\u2019obre una finestra emergent.<\/p>\n<p><strong>Quina informaci\u00f3 emmagatzema una cookie?<\/strong><\/p>\n<p>Les cookies no solen emmagatzemar informaci\u00f3 sensible sobre vosaltres, com ara informaci\u00f3 de la targeta de cr\u00e8dit o del compte bancari, fotografies, la vostra targeta d\u2019identitat o informaci\u00f3 personal, etc. Les dades emmagatzemades s\u00f3n t\u00e8cniques, prefer\u00e8ncies personals, personalitzaci\u00f3 de contingut, etc.<\/p>\n<p>El servidor web no us associa com a persona si el vostre navegador web. De fet, si normalment navegueu amb Internet Explorer i proveu de navegar pel mateix web amb Firefox o Chrome, veureu que el web no s\u2019adona que sou la mateixa persona perqu\u00e8 realment esteu associant el navegador, no la persona.<\/p>\n<p><strong>Quin tipus de cookies existeixen?<\/strong><\/p>\n<ul>\n<li><em>Cookies t\u00e8cniques<\/em>: s\u00f3n les m\u00e9s b\u00e0siques i permeten, entre altres coses, saber quan es navega per una persona o una aplicaci\u00f3 automatitzada, quan navega un usuari an\u00f2nim i es registren tasques b\u00e0siques per al funcionament de qualsevol web din\u00e0mic.<\/li>\n<li><em>Cookies anal\u00edtiques<\/em>: recopilen informaci\u00f3 sobre el tipus de navegaci\u00f3 que realitza, seccions m\u00e9s utilitzades, productes vistos, idioma, etc.<\/li>\n<li><em>Cookies publicit\u00e0ries<\/em>: mostren publicitat en funci\u00f3 de la seva navegaci\u00f3, del seu pa\u00eds d\u2019origen, idioma, etc.<\/li>\n<\/ul>\n<p><strong>Quines s\u00f3n les cookies pr\u00f2pies i de tercers?<\/strong><\/p>\n<p>Les cookies propies s\u00f3n les generades per la p\u00e0gina que visiteu i les terceres s\u00f3n generades per prove\u00efdors interns o externs com Facebook, Twitter, Google, etc.<\/p>\n<p><strong>Qu\u00e8 passa si desactivo les cookies?<\/strong><\/p>\n<p>Per entendre l&#8217;abast que pot haver de desactivar les cookies, mostrem alguns exemples:<\/p>\n<ul>\n<li>No podreu compartir el contingut d\u2019aquest lloc a Facebook, Twitter o qualsevol altra xarxa social.<\/li>\n<li>El lloc web no adaptar\u00e0 el contingut a les teves prefer\u00e8ncies personals, com passa sovint a les botigues en l\u00ednia.<\/li>\n<li>No podreu accedir a l\u2019\u00e0rea personal de la web, com ara el meu compte, ni a les comandes.<\/li>\n<li>Botigues en l\u00ednia: ser\u00e0 impossible realitzar compres en l\u00ednia, haur\u00e0 de ser per tel\u00e8fon.<\/li>\n<li>No ser\u00e0 possible personalitzar les teves prefer\u00e8ncies geogr\u00e0fiques com a zona hor\u00e0ria, moneda o idioma.<\/li>\n<li>El lloc web no podr\u00e0 realitzar anal\u00edtiques de visites ni tr\u00e0nsit al web, cosa que fa que sigui dif\u00edcil ser competitiu en qualsevol lloc.<\/li>\n<li>No es podr\u00e0 publicar comentaris, avaluar o puntuar el contingut. \u00c9s possible que el web no s\u00e0piga si sou un \u00e9sser hum\u00e0 o una aplicaci\u00f3 automatitzada que publica correu brossa.<\/li>\n<li>Totes les xarxes socials utilitzen cookies, si els deshabiliteu no es podr\u00e0 utilitzar cap xarxa social.<\/li>\n<\/ul>\n<p><strong>Puc eliminar les cookies?<\/strong><\/p>\n<p>S\u00ed. I tamb\u00e8 es poden bloquejar, general o particularment d&#8217;un domini espec\u00edfic.<\/p>\n<p>Per eliminar les cookies d\u2019un lloc web, heu d\u2019anar a la configuraci\u00f3 del navegador i all\u00e0 podeu trobar el domini associat en q\u00fcesti\u00f3 i procedir a la seva eliminaci\u00f3.<\/p>\n<p><strong>Configuraci\u00f3 de cookies per als navegadors m\u00e9s populars<\/strong><\/p>\n<p>A continuaci\u00f3 s\u2019explica com accedir a una galeta determinada al navegador <strong>Chrome<\/strong>. Nota: Aquests passos poden variar en funci\u00f3 de la versi\u00f3 del navegador:<\/p>\n<ul>\n<li>Aneu a Configuraci\u00f3 o Prefer\u00e8ncies mitjan\u00e7ant el men\u00fa Fitxer o fent clic a la icona que apareix a la part superior dreta de la personalitzaci\u00f3.<\/li>\n<li>Veureu diferents seccions, feu clic a l&#8217;opci\u00f3 Mostra opcions avan\u00e7ades.<\/li>\n<li>Aneu al contingut de Configuraci\u00f3 de privadesa.<\/li>\n<li>Seleccioneu Totes les cookies i les dades del lloc.<\/li>\n<li>Apareix una llista de totes les cookies ordenades per domini. Per facilitar la cerca d&#8217;un domini espec\u00edfic de galetes, introdu\u00efu parcialment o completament l&#8217;adre\u00e7a al camp de cerca galetes.<\/li>\n<li>Despr\u00e9s de fer aquest filtre, apareixeran a la pantalla una o m\u00e9s l\u00ednies amb les cookies web sol\u00b7licitades. Ara nom\u00e9s cal seleccionar-lo i pr\u00e9mer X per procedir a l&#8217;eliminaci\u00f3.<\/li>\n<\/ul>\n<p>Per accedir a la configuraci\u00f3 de cookies a <strong>Internet Explorer<\/strong>, seguiu aquests passos (poden variar en funci\u00f3 de la versi\u00f3 del navegador):<\/p>\n<ul>\n<li>Aneu a Eines, Opcions d\u2019Internet<\/li>\n<li>Feu clic a Privadesa.<\/li>\n<li>Mou el control lliscant per ajustar el nivell de privadesa que desitgi.<\/li>\n<\/ul>\n<p>Per accedir a la configuraci\u00f3 de cookies al navegador <strong>Firefox<\/strong>, seguiu aquests passos (poden variar en funci\u00f3 de la versi\u00f3 del navegador):<\/p>\n<ul>\n<li>Aneu a Opcions o Prefer\u00e8ncies del vostre sistema operatiu.<\/li>\n<li>Feu clic a Privadesa.<\/li>\n<li>A Historial, trieu Utilitza configuracions personalitzades per a l&#8217;historial.<\/li>\n<li>Ara podeu veure l\u2019opci\u00f3 Acceptar cookies, podeu activar o desactivar el que vulgueu.<\/li>\n<\/ul>\n<p>Per accedir a la configuraci\u00f3 de cookies del navegador <strong>Safari<\/strong> per a OSX, seguiu aquests passos (poden variar en funci\u00f3 de la versi\u00f3 del navegador):<\/p>\n<ul>\n<li>Aneu a Configuraci\u00f3 i, a continuaci\u00f3, Privadesa.<\/li>\n<li>Aqu\u00ed podeu veure les cookies de bloqueig per adaptar-se al tipus de bloqueig que cal realitzar.<\/li>\n<\/ul>\n<p>Per accedir a la configuraci\u00f3 de cookies del navegador <strong>Safari<\/strong> per a iOS, seguiu aquests passos (poden variar en funci\u00f3 de la versi\u00f3 del navegador):<\/p>\n<ul>\n<li>Aneu a Configuraci\u00f3 i despr\u00e9s a Safari.<\/li>\n<li>Aneu a Privadesa i seguretat, consulteu la secci\u00f3 Bloqueja cookies per ajustar-se al tipus de bloqueig que cal realitzar.<\/li>\n<\/ul>\n<p>Per accedir a la configuraci\u00f3 de cookies del navegador per a dispositius <strong>Android<\/strong>, seguiu aquests passos (poden variar en funci\u00f3 de la versi\u00f3 del navegador):<\/p>\n<ul>\n<li>Executeu el navegador i premeu Men\u00fa i, a continuaci\u00f3, el bot\u00f3 Configuraci\u00f3.<\/li>\n<li>Aneu a seguretat i privadesa, consulteu l\u2019opci\u00f3 Acceptar cookies per marcar o desmarcar la casella.<\/li>\n<\/ul>\n<p>Per accedir a la configuraci\u00f3 de cookies del navegador per a dispositius <strong>Windows Phone<\/strong>, seguiu aquests passos (poden variar en funci\u00f3 de la versi\u00f3 del navegador):<\/p>\n<ul>\n<li>Obriu Internet Explorer, despr\u00e9s M\u00e9s, despr\u00e9s Configuraci\u00f3<\/li>\n<li>Ara podeu habilitar o desactivar Permetre galetes.<\/li>\n<\/ul>\n","protected":false},"excerpt":{"rendered":"<p>Qu\u00e8 \u00e9s una cookie? Una cookie \u00e9s un fitxer de text inofensiu que s\u2019emmagatzema al vostre navegador quan visiteu gaireb\u00e9 qualsevol lloc web. La utilitat de la cookie \u00e9s que la web pot recordar la vostra visita la propera vegada que navegueu per aquesta p\u00e0gina. Tot i que molta gent no sap que les galetes [&#8230;]\n","protected":false},"author":1,"featured_media":0,"parent":0,"menu_order":0,"comment_status":"closed","ping_status":"closed","template":"page-blank-title-center.php","meta":{"footnotes":""},"class_list":["post-40925","page","type-page","status-publish","hentry"],"_links":{"self":[{"href":"https:\/\/pilot-shop.es\/ca\/wp-json\/wp\/v2\/pages\/40925","targetHints":{"allow":["GET"]}}],"collection":[{"href":"https:\/\/pilot-shop.es\/ca\/wp-json\/wp\/v2\/pages"}],"about":[{"href":"https:\/\/pilot-shop.es\/ca\/wp-json\/wp\/v2\/types\/page"}],"author":[{"embeddable":true,"href":"https:\/\/pilot-shop.es\/ca\/wp-json\/wp\/v2\/users\/1"}],"replies":[{"embeddable":true,"href":"https:\/\/pilot-shop.es\/ca\/wp-json\/wp\/v2\/comments?post=40925"}],"version-history":[{"count":0,"href":"https:\/\/pilot-shop.es\/ca\/wp-json\/wp\/v2\/pages\/40925\/revisions"}],"wp:attachment":[{"href":"https:\/\/pilot-shop.es\/ca\/wp-json\/wp\/v2\/media?parent=40925"}],"curies":[{"name":"wp","href":"https:\/\/api.w.org\/{rel}","templated":true}]}}