{"id":40926,"date":"2021-06-01T17:34:29","date_gmt":"2021-06-01T15:34:29","guid":{"rendered":"https:\/\/pilot-shop.es\/politica-de-privacitat-2\/"},"modified":"2021-06-01T17:34:29","modified_gmt":"2021-06-01T15:34:29","slug":"politica-de-privacitat-2","status":"publish","type":"page","link":"https:\/\/pilot-shop.es\/ca\/politica-de-privacitat-2\/","title":{"rendered":"Pol\u00edtica de privacitat"},"content":{"rendered":"<p>En compliment del que disposa el Reglament (UE) 2016\/679 del Parlament Europeu i del Consell, de 27 d&#8217;abril de 2016, relatiu a la protecci\u00f3 de les persones f\u00edsiques pel que fa al tractament de dades personals i a la lliure circulaci\u00f3 d&#8217;aquestes, aix\u00ed com qualsevol altres regulacions de protecci\u00f3 de dades aplicables, us proporcionem informaci\u00f3 ampliada en aquesta pol\u00edtica de privadesa.<\/p>\n<p><strong>Qui \u00e9s el responsable del tractament de les seves dades<\/strong><\/p>\n<p>Identitat: Aeroclub de Barcelona-Sabadell (L&#8217;AEROCLUB)<br \/>\nAdre\u00e7a postal: 08205<br \/>\nTel\u00e8fon: +34 937 101 952<br \/>\nE-mail: aeroclub@aeroclub.es<\/p>\n<p><strong>Amb quina finalitat tractem les teves dades personals<\/strong><\/p>\n<p>A L&#8217;AEROCLUB tractem la informaci\u00f3 facilitada pels interessats per oferir i\/o comercialitzar els productes i\/o serveis que ofereix la nostra empresa.<\/p>\n<p><strong>Quant de temps conservarem les teves dades?<\/strong><\/p>\n<p>Les dades personals facilitades es conservaran durant el temps necessari per a la prestaci\u00f3 del servei sol\u00b7licitat o la comercialitzaci\u00f3 del producte i durant els terminis legalment establerts.<\/p>\n<p><strong>Quina \u00e9s la legitimitat per al tractament de les seves dades<\/strong><\/p>\n<p>La base legal per al tractament de les seves dades \u00e9s l&#8217;execuci\u00f3 d&#8217;un contracte o, en cas contrari, ser\u00e0 el consentiment de l&#8217;interessat.<\/p>\n<p><strong>A quins destinataris es comunicaran les teves dades<\/strong><\/p>\n<p>Les dades no seran comunicades a tercers excepte per obligaci\u00f3 legal.<\/p>\n<p><strong>Quins s\u00f3n els teus drets quan ens facilites les teves dades<\/strong><\/p>\n<p>Qualsevol persona t\u00e9 dret a obtenir informaci\u00f3 sobre si L&#8217;AEROCLUB tracta o no dades personals que els concerneixen.<\/p>\n<p>Les persones interessades tenen dret a accedir a les seves dades personals, aix\u00ed com a sol\u00b7licitar la rectificaci\u00f3 de les dades inexactes o, si escau, sol\u00b7licitar la seva supressi\u00f3 quan, entre altres motius, les dades ja no siguin necess\u00e0ries per a les finalitats per a les quals van ser recollides. .<\/p>\n<p>En determinades circumst\u00e0ncies, els interessats podran sol\u00b7licitar la limitaci\u00f3 del tractament de les seves dades, en aquest cas nom\u00e9s les conservarem per a l&#8217;exercici o la defensa de reclamacions. En determinades circumst\u00e0ncies i per motius relacionats amb la seva situaci\u00f3 particular, els interessats poden oposar-se al tractament de les seves dades. En aquest cas, L&#8217;AEROCLUB deixar\u00e0 de tractar les dades, excepte per motius leg\u00edtims imperiosos, o l&#8217;exercici o la defensa de possibles reclamacions.<\/p>\n<p>Pots exercir materialment els teus drets enviant un correu electr\u00f2nic a aeroclub@aeroclub.es identificant-te correctament i indicant expressament el dret concret que vols exercir.<\/p>\n<p>Si has donat el teu consentiment per a una finalitat concreta, tens dret a retirar el consentiment prestat en qualsevol moment, sense que aix\u00f2 afecti la licitud del tractament basat en el consentiment previ a la seva retirada.<\/p>\n<p>Si considera que s&#8217;estan vulnerant els seus drets en mat\u00e8ria de protecci\u00f3 de les seves dades personals, especialment quan no ha obtingut satisfacci\u00f3 en l&#8217;exercici dels seus drets, pot presentar una reclamaci\u00f3 davant l&#8217;autoritat de control competent. de protecci\u00f3 de dades des del seu lloc web: www.agpd.es<\/p>\n<p><strong>Obteniu m\u00e9s informaci\u00f3 sobre el tractament de les vostres dades<\/strong><\/p>\n<p>Quan necessitem obtenir la seva informaci\u00f3, sempre li demanarem que la faciliti volunt\u00e0riament, donant el seu consentiment expr\u00e9s a trav\u00e9s dels mitjans previstos per a aix\u00f2.<\/p>\n<p>El tractament de les dades recollides a trav\u00e9s dels formularis de recollida de dades del lloc web o altres mitjans s&#8217;incorporar\u00e0 al Registre d&#8217;Activitats de Tractament del qual \u00e9s responsable L&#8217;AEROCLUB.<\/p>\n<p>L&#8217;AEROCLUB tracta les dades de manera confidencial i adopta les mesures t\u00e8cniques i organitzatives adequades per garantir l&#8217;adequat nivell de seguretat del tractament, d&#8217;acord amb els requisits del Reglament (UE) 2016\/679 del Parlament Europeu i del Consell de 27 d&#8217;abril de 2016. i altres normes de protecci\u00f3 de dades aplicables.<\/p>\n<p>No obstant aix\u00f2, L&#8217;AEROCLUB no pot garantir l&#8217;absoluta invulnerabilitat dels sistemes, per tant, no assumeix cap responsabilitat pels danys derivats d&#8217;alteracions que tercers puguin ocasionar en els sistemes inform\u00e0tics, documents electr\u00f2nics o fitxers de l&#8217;usuari. Si decideixes abandonar la nostra web a trav\u00e9s d&#8217;enlla\u00e7os a webs que no pertanyen a la nostra entitat, L&#8217;AEROCLUB no ser\u00e0 responsable de les pol\u00edtiques de privacitat d&#8217;aquestes webs ni de les cookies que es puguin emmagatzemar al teu ordinador. usuari.<\/p>\n<p>La nostra pol\u00edtica de correu electr\u00f2nic se centra nom\u00e9s en l&#8217;enviament de comunicacions que heu sol\u00b7licitat rebre. Si prefereix no rebre aquests missatges per correu electr\u00f2nic, li oferirem la possibilitat d&#8217;exercir el seu dret a suprimir i renunciar a la recepci\u00f3 d&#8217;aquests missatges, d&#8217;acord amb el que estableix l&#8217;article 22 del t\u00edtol. III de la Llei 34\/2002, de serveis per a la societat de la informaci\u00f3 i de comer\u00e7 electr\u00f2nic.<\/p>\n","protected":false},"excerpt":{"rendered":"<p>En compliment del que disposa el Reglament (UE) 2016\/679 del Parlament Europeu i del Consell, de 27 d&#8217;abril de 2016, relatiu a la protecci\u00f3 de les persones f\u00edsiques pel que fa al tractament de dades personals i a la lliure circulaci\u00f3 d&#8217;aquestes, aix\u00ed com qualsevol altres regulacions de protecci\u00f3 de dades aplicables, us proporcionem informaci\u00f3 [&#8230;]\n","protected":false},"author":1,"featured_media":0,"parent":0,"menu_order":0,"comment_status":"closed","ping_status":"closed","template":"page-blank-title-center.php","meta":{"footnotes":""},"class_list":["post-40926","page","type-page","status-publish","hentry"],"_links":{"self":[{"href":"https:\/\/pilot-shop.es\/ca\/wp-json\/wp\/v2\/pages\/40926","targetHints":{"allow":["GET"]}}],"collection":[{"href":"https:\/\/pilot-shop.es\/ca\/wp-json\/wp\/v2\/pages"}],"about":[{"href":"https:\/\/pilot-shop.es\/ca\/wp-json\/wp\/v2\/types\/page"}],"author":[{"embeddable":true,"href":"https:\/\/pilot-shop.es\/ca\/wp-json\/wp\/v2\/users\/1"}],"replies":[{"embeddable":true,"href":"https:\/\/pilot-shop.es\/ca\/wp-json\/wp\/v2\/comments?post=40926"}],"version-history":[{"count":0,"href":"https:\/\/pilot-shop.es\/ca\/wp-json\/wp\/v2\/pages\/40926\/revisions"}],"wp:attachment":[{"href":"https:\/\/pilot-shop.es\/ca\/wp-json\/wp\/v2\/media?parent=40926"}],"curies":[{"name":"wp","href":"https:\/\/api.w.org\/{rel}","templated":true}]}}