{"id":40229,"date":"2021-10-13T19:55:14","date_gmt":"2021-10-13T17:55:14","guid":{"rendered":"https:\/\/pilot-shop.es\/shop\/sense%20categoria\/inscripcio-al-curs-atpl\/"},"modified":"2024-01-22T14:09:24","modified_gmt":"2024-01-22T13:09:24","slug":"inscripcio-al-curs-atpl","status":"publish","type":"product","link":"https:\/\/pilot-shop.es\/ca\/shop\/inscripcions\/inscripcio-al-curs-atpl\/","title":{"rendered":"Inscripci\u00f3 Curs ATPL"},"content":{"rendered":"","protected":false},"excerpt":{"rendered":"<p>Aquest programa us portar\u00e0 a un ATPL a trav\u00e9s del que comunament s&#8217;anomena la via integrada. Aix\u00f2 vol dir que tota la teva formaci\u00f3, des de zero fins a l&#8217;obtenci\u00f3 de la teva llic\u00e8ncia, s&#8217;estructura en un \u00fanic curs, dividit en diferents fases per\u00f2 dissenyat com un conjunt d&#8217;entitats. D&#8217;aquesta manera, podeu comen\u00e7ar a volar d&#8217;hora en el vostre entrenament en combinaci\u00f3 amb la vostra escola terrestre.<\/p>\n","protected":false},"featured_media":40148,"comment_status":"closed","ping_status":"closed","template":"","meta":[],"product_cat":[288],"product_tag":[],"class_list":{"0":"post-40229","1":"product","2":"type-product","3":"status-publish","4":"has-post-thumbnail","6":"product_cat-inscripcions","8":"first","9":"instock","10":"virtual","11":"taxable","12":"purchasable","13":"product-type-simple"},"_links":{"self":[{"href":"https:\/\/pilot-shop.es\/ca\/wp-json\/wp\/v2\/product\/40229","targetHints":{"allow":["GET"]}}],"collection":[{"href":"https:\/\/pilot-shop.es\/ca\/wp-json\/wp\/v2\/product"}],"about":[{"href":"https:\/\/pilot-shop.es\/ca\/wp-json\/wp\/v2\/types\/product"}],"replies":[{"embeddable":true,"href":"https:\/\/pilot-shop.es\/ca\/wp-json\/wp\/v2\/comments?post=40229"}],"wp:featuredmedia":[{"embeddable":true,"href":"https:\/\/pilot-shop.es\/ca\/wp-json\/wp\/v2\/media\/40148"}],"wp:attachment":[{"href":"https:\/\/pilot-shop.es\/ca\/wp-json\/wp\/v2\/media?parent=40229"}],"wp:term":[{"taxonomy":"product_cat","embeddable":true,"href":"https:\/\/pilot-shop.es\/ca\/wp-json\/wp\/v2\/product_cat?post=40229"},{"taxonomy":"product_tag","embeddable":true,"href":"https:\/\/pilot-shop.es\/ca\/wp-json\/wp\/v2\/product_tag?post=40229"}],"curies":[{"name":"wp","href":"https:\/\/api.w.org\/{rel}","templated":true}]}}