{"id":40231,"date":"2022-02-11T19:04:05","date_gmt":"2022-02-11T18:04:05","guid":{"rendered":"https:\/\/pilot-shop.es\/shop\/sense%20categoria\/inscripcio-atpl-online\/"},"modified":"2024-01-22T14:13:33","modified_gmt":"2024-01-22T13:13:33","slug":"inscripcio-atpl-online","status":"publish","type":"product","link":"https:\/\/pilot-shop.es\/ca\/shop\/inscripcions\/inscripcio-atpl-online\/","title":{"rendered":"Inscripci\u00f3 ATPL en l\u00ednia"},"content":{"rendered":"","protected":false},"excerpt":{"rendered":"<p>Aquest curs ofereix tota l&#8217;escola b\u00e0sica necess\u00e0ria per a la vostra formaci\u00f3 ATPL des del vostre ordinador. Seguir\u00e0s tots els Objectius d&#8217;Aprenentatge mitjan\u00e7ant un programa inform\u00e0tic innovador que et permetr\u00e0 fer el curs des de casa teva.<\/p>\n<p><a href=\"https:\/\/barcelonaflightschool.com\/pilot-training\/online-atpla-course\/\" target=\"_blank\" rel=\"noopener\">M\u00e9s informaci\u00f3<\/a><\/p>\n","protected":false},"featured_media":40148,"comment_status":"closed","ping_status":"closed","template":"","meta":[],"product_cat":[288],"product_tag":[],"class_list":{"0":"post-40231","1":"product","2":"type-product","3":"status-publish","4":"has-post-thumbnail","6":"product_cat-inscripcions","8":"first","9":"instock","10":"virtual","11":"taxable","12":"purchasable","13":"product-type-simple"},"_links":{"self":[{"href":"https:\/\/pilot-shop.es\/ca\/wp-json\/wp\/v2\/product\/40231","targetHints":{"allow":["GET"]}}],"collection":[{"href":"https:\/\/pilot-shop.es\/ca\/wp-json\/wp\/v2\/product"}],"about":[{"href":"https:\/\/pilot-shop.es\/ca\/wp-json\/wp\/v2\/types\/product"}],"replies":[{"embeddable":true,"href":"https:\/\/pilot-shop.es\/ca\/wp-json\/wp\/v2\/comments?post=40231"}],"wp:featuredmedia":[{"embeddable":true,"href":"https:\/\/pilot-shop.es\/ca\/wp-json\/wp\/v2\/media\/40148"}],"wp:attachment":[{"href":"https:\/\/pilot-shop.es\/ca\/wp-json\/wp\/v2\/media?parent=40231"}],"wp:term":[{"taxonomy":"product_cat","embeddable":true,"href":"https:\/\/pilot-shop.es\/ca\/wp-json\/wp\/v2\/product_cat?post=40231"},{"taxonomy":"product_tag","embeddable":true,"href":"https:\/\/pilot-shop.es\/ca\/wp-json\/wp\/v2\/product_tag?post=40231"}],"curies":[{"name":"wp","href":"https:\/\/api.w.org\/{rel}","templated":true}]}}