{"id":40610,"date":"2021-07-13T10:53:38","date_gmt":"2021-07-13T08:53:38","guid":{"rendered":"https:\/\/pilot-shop.es\/shop\/sense%20categoria\/tauler-sense-funda\/"},"modified":"2024-01-17T18:56:28","modified_gmt":"2024-01-17T17:56:28","slug":"tauler-sense-funda","status":"publish","type":"product","link":"https:\/\/pilot-shop.es\/ca\/shop\/accesoris\/tauler-sense-funda\/","title":{"rendered":"Genollera sense funda"},"content":{"rendered":"<p>El tauler de genoll VFR d&#8217;alumini raspallat \u00e9s una manera fant\u00e0stica d&#8217;organitzar les dades de vol, proporcionant una superf\u00edcie s\u00f2lida per a la presa de notes a bord i un acc\u00e9s r\u00e0pid a la informaci\u00f3 VFR important en forma de p\u00f2ster permanent. Aquesta nova versi\u00f3 ha actualitzat la informaci\u00f3 per reflectir les necessitats modernes de la cabina, incl\u00f2s el sostre VFR, la visibilitat i l&#8217;espai lliure dels n\u00favols, les altituds de creuer VFR, les freq\u00fc\u00e8ncies de comunicaci\u00f3, la seq\u00fc\u00e8ncia d&#8217;informes meteorol\u00f2gics del pilot, la clau de senyal del can\u00f3 lleuger i un gr\u00e0fic de components de vent creuat.<\/p>\n<p>Les caracter\u00edstiques inclouen: una c\u00f2moda banda el\u00e0stica de 1,4 polzades d&#8217;ample que abra\u00e7a la cama sense enganxar. Els tancaments de velcro s&#8217;ajusten sense treure el genoll. Porta llapis i llapis dins de la banda per prendre notes r\u00e0pides. El clip met\u00e0l\u00b7lic de 4,3 &#8220;d&#8217;ample \u00e9s f\u00e0cil d&#8217;aixecar i prou fort com per subjectar gr\u00e0fics i altres papers necessaris.<\/p>\n","protected":false},"excerpt":{"rendered":"<p>Aquest piern\u00f2graf d&#8217;alumini durador \u00e9s una manera fant\u00e0stica d&#8217;organitzar la vostra informaci\u00f3 de vol, proporcionant una superf\u00edcie r\u00edgida per prendre notes en vol, aix\u00ed com per accedir r\u00e0pidament a la informaci\u00f3 VFR important en forma de cartell permanent.<\/p>\n","protected":false},"featured_media":40026,"comment_status":"open","ping_status":"closed","template":"","meta":[],"product_cat":[284],"product_tag":[],"class_list":{"0":"post-40610","1":"product","2":"type-product","3":"status-publish","4":"has-post-thumbnail","6":"product_cat-accesoris","8":"first","9":"instock","10":"taxable","11":"shipping-taxable","12":"purchasable","13":"product-type-simple"},"_links":{"self":[{"href":"https:\/\/pilot-shop.es\/ca\/wp-json\/wp\/v2\/product\/40610","targetHints":{"allow":["GET"]}}],"collection":[{"href":"https:\/\/pilot-shop.es\/ca\/wp-json\/wp\/v2\/product"}],"about":[{"href":"https:\/\/pilot-shop.es\/ca\/wp-json\/wp\/v2\/types\/product"}],"replies":[{"embeddable":true,"href":"https:\/\/pilot-shop.es\/ca\/wp-json\/wp\/v2\/comments?post=40610"}],"wp:featuredmedia":[{"embeddable":true,"href":"https:\/\/pilot-shop.es\/ca\/wp-json\/wp\/v2\/media\/40026"}],"wp:attachment":[{"href":"https:\/\/pilot-shop.es\/ca\/wp-json\/wp\/v2\/media?parent=40610"}],"wp:term":[{"taxonomy":"product_cat","embeddable":true,"href":"https:\/\/pilot-shop.es\/ca\/wp-json\/wp\/v2\/product_cat?post=40610"},{"taxonomy":"product_tag","embeddable":true,"href":"https:\/\/pilot-shop.es\/ca\/wp-json\/wp\/v2\/product_tag?post=40610"}],"curies":[{"name":"wp","href":"https:\/\/api.w.org\/{rel}","templated":true}]}}