{"id":40794,"date":"2021-07-13T10:53:34","date_gmt":"2021-07-13T08:53:34","guid":{"rendered":"https:\/\/pilot-shop.es\/shop\/sense%20categoria\/mapa-cartografic-de-catalunya\/"},"modified":"2024-01-16T15:11:40","modified_gmt":"2024-01-16T14:11:40","slug":"mapa-cartografic-de-catalunya","status":"publish","type":"product","link":"https:\/\/pilot-shop.es\/ca\/shop\/llibres-manuals\/mapa-cartografic-de-catalunya\/","title":{"rendered":"Mapa Cartogr\u00e0fic de Catalunya"},"content":{"rendered":"<p>Els contorns a intervals de 100 mi d&#8217;ombreig del relleu es complementen amb noms de cadenes muntanyenques, pics i passos, parcs nacionals i \u00e0rees protegides, a m\u00e9s de colors per indicar diferents tipus de vegetaci\u00f3.<\/p>\n<p>La xarxa de carreteres est\u00e0 gradualment graduada en diferents colors, per\u00f2 no mostra les dist\u00e0ncies recorregudes. S&#8217;ha perfeccionat el mapeig de l&#8217;edici\u00f3 actual i s&#8217;ha aclarit el color de fons general perqu\u00e8 les carreteres secund\u00e0ries a les zones muntanyoses de la regi\u00f3 ara siguin clarament visibles. La grilla UTM t\u00e9 intervals de 25 km, amb marques de marge als 5 km.<\/p>\n<p>La llegenda es presenta com un extracte del mapa amb 70 elements diferents: carreteres i ferrocarrils, l\u00edmits administratius, informaci\u00f3 topogr\u00e0fica, etc., numerats i despr\u00e9s enumerats amb explicacions \u00fanicament en catal\u00e0. El mapa no t\u00e9 cap \u00edndex.<\/p>\n<p>Una ampliaci\u00f3 mostra amb m\u00e9s detall l&#8217;entorn de Barcelona. Tota la informaci\u00f3 topogr\u00e0fica i de carreteres s&#8217;est\u00e9n a Fran\u00e7a i Andorra per presentar una bona visi\u00f3 general de la part oriental dels Pirineus. Tamb\u00e9 s&#8217;hi inclou un petit mapa que mostra la divisi\u00f3 administrativa de Catalunya.<\/p>\n","protected":false},"excerpt":{"rendered":"<p>Catalunya en un full de ruta gran i molt detallat de l&#8217;organitzaci\u00f3 catalana d&#8217;enquestes, amb una presentaci\u00f3 excel\u00b7lent de la topografia de la regi\u00f3, a m\u00e9s d&#8217;una ampliaci\u00f3 d&#8217;1:125.000 per a l&#8217;\u00e0rea al voltant de Barcelona.<\/p>\n","protected":false},"featured_media":40022,"comment_status":"open","ping_status":"closed","template":"","meta":[],"product_cat":[268],"product_tag":[],"class_list":{"0":"post-40794","1":"product","2":"type-product","3":"status-publish","4":"has-post-thumbnail","6":"product_cat-llibres-manuals","8":"first","9":"instock","10":"taxable","11":"shipping-taxable","12":"purchasable","13":"product-type-simple"},"_links":{"self":[{"href":"https:\/\/pilot-shop.es\/ca\/wp-json\/wp\/v2\/product\/40794","targetHints":{"allow":["GET"]}}],"collection":[{"href":"https:\/\/pilot-shop.es\/ca\/wp-json\/wp\/v2\/product"}],"about":[{"href":"https:\/\/pilot-shop.es\/ca\/wp-json\/wp\/v2\/types\/product"}],"replies":[{"embeddable":true,"href":"https:\/\/pilot-shop.es\/ca\/wp-json\/wp\/v2\/comments?post=40794"}],"wp:featuredmedia":[{"embeddable":true,"href":"https:\/\/pilot-shop.es\/ca\/wp-json\/wp\/v2\/media\/40022"}],"wp:attachment":[{"href":"https:\/\/pilot-shop.es\/ca\/wp-json\/wp\/v2\/media?parent=40794"}],"wp:term":[{"taxonomy":"product_cat","embeddable":true,"href":"https:\/\/pilot-shop.es\/ca\/wp-json\/wp\/v2\/product_cat?post=40794"},{"taxonomy":"product_tag","embeddable":true,"href":"https:\/\/pilot-shop.es\/ca\/wp-json\/wp\/v2\/product_tag?post=40794"}],"curies":[{"name":"wp","href":"https:\/\/api.w.org\/{rel}","templated":true}]}}