{"id":40795,"date":"2021-07-13T10:53:34","date_gmt":"2021-07-13T08:53:34","guid":{"rendered":"https:\/\/pilot-shop.es\/shop\/sense%20categoria\/manual-del-pilot-dultralleuger\/"},"modified":"2024-01-17T08:12:41","modified_gmt":"2024-01-17T07:12:41","slug":"manual-del-pilot-dultralleuger","status":"publish","type":"product","link":"https:\/\/pilot-shop.es\/ca\/shop\/llibres-manuals\/manual-del-pilot-dultralleuger\/","title":{"rendered":"Manual del Pilot d&#8217;Ultralleuger"},"content":{"rendered":"<p>Aerodin\u00e0mica. Components del ultralleuger. T\u00e8cnica de vol. Meteorologia. Normativa per a ultralleugers. Regles generals de l&#8217;aire. Senyals. Alfabet de les telecomunicacions aeron\u00e0utiques Unitats de mesura utilitzades en l&#8217;aviaci\u00f3 Definicions. Q\u00fcestionari. Solucions<\/p>\n","protected":false},"excerpt":{"rendered":"<p>L&#8217;objectiu principal d&#8217;aquest treball \u00e9s dotar al futur pilot d&#8217;ultralleuger d&#8217;una s\u00f2lida base, al m\u00e9s alt nivell, de coneixement i domini dels controls, funcions i comportament en vol de l&#8217;ultralleuger, i de tot all\u00f2 que contribueixi a una bona formaci\u00f3 d&#8217;aquests pilots.<\/p>\n","protected":false},"featured_media":39930,"comment_status":"open","ping_status":"closed","template":"","meta":[],"product_cat":[268],"product_tag":[],"class_list":{"0":"post-40795","1":"product","2":"type-product","3":"status-publish","4":"has-post-thumbnail","6":"product_cat-llibres-manuals","8":"first","9":"instock","10":"taxable","11":"shipping-taxable","12":"purchasable","13":"product-type-simple"},"_links":{"self":[{"href":"https:\/\/pilot-shop.es\/ca\/wp-json\/wp\/v2\/product\/40795","targetHints":{"allow":["GET"]}}],"collection":[{"href":"https:\/\/pilot-shop.es\/ca\/wp-json\/wp\/v2\/product"}],"about":[{"href":"https:\/\/pilot-shop.es\/ca\/wp-json\/wp\/v2\/types\/product"}],"replies":[{"embeddable":true,"href":"https:\/\/pilot-shop.es\/ca\/wp-json\/wp\/v2\/comments?post=40795"}],"wp:featuredmedia":[{"embeddable":true,"href":"https:\/\/pilot-shop.es\/ca\/wp-json\/wp\/v2\/media\/39930"}],"wp:attachment":[{"href":"https:\/\/pilot-shop.es\/ca\/wp-json\/wp\/v2\/media?parent=40795"}],"wp:term":[{"taxonomy":"product_cat","embeddable":true,"href":"https:\/\/pilot-shop.es\/ca\/wp-json\/wp\/v2\/product_cat?post=40795"},{"taxonomy":"product_tag","embeddable":true,"href":"https:\/\/pilot-shop.es\/ca\/wp-json\/wp\/v2\/product_tag?post=40795"}],"curies":[{"name":"wp","href":"https:\/\/api.w.org\/{rel}","templated":true}]}}