{"id":40796,"date":"2021-07-13T10:53:34","date_gmt":"2021-07-13T08:53:34","guid":{"rendered":"https:\/\/pilot-shop.es\/shop\/sense%20categoria\/manual-basic-dhelicopters\/"},"modified":"2024-01-17T08:04:02","modified_gmt":"2024-01-17T07:04:02","slug":"manual-basic-dhelicopters","status":"publish","type":"product","link":"https:\/\/pilot-shop.es\/ca\/shop\/llibres-manuals\/manual-basic-dhelicopters\/","title":{"rendered":"Manual B\u00e0sic d&#8217;Helic\u00f2pters"},"content":{"rendered":"<p>Amb aquesta publicaci\u00f3, esperem haver dotat al futur pilot d&#8217;helic\u00f2pter d&#8217;un treball molt pr\u00e0ctic, directament centrat en el desenvolupament de les assignatures essencials, no nom\u00e9s en les caracter\u00edstiques, controls, funcions i operacions de l&#8217;helic\u00f2pter, sin\u00f3 tamb\u00e9 com a manual t\u00e8cnic imprescindible per a aquells candidats que es preparen per obtenir certificats de pilot privat, pilot comercial o instructor amb habilitaci\u00f3 d&#8217;helic\u00f2pter.<\/p>\n<p>El seu contingut \u00e9s una valuosa ajuda per a l&#8217;aprenentatge i l&#8217;ensenyament de l&#8217;aerodin\u00e0mica, les operacions i les maniobres de vol de l&#8217;helic\u00f2pter.<\/p>\n","protected":false},"excerpt":{"rendered":"<p>El treball s&#8217;ajusta als temes requerits al pla d&#8217;estudis i a la preparaci\u00f3 del futur pilot.<\/p>\n","protected":false},"featured_media":39928,"comment_status":"open","ping_status":"closed","template":"","meta":[],"product_cat":[268],"product_tag":[],"class_list":{"0":"post-40796","1":"product","2":"type-product","3":"status-publish","4":"has-post-thumbnail","6":"product_cat-llibres-manuals","8":"first","9":"outofstock","10":"taxable","11":"shipping-taxable","12":"purchasable","13":"product-type-simple"},"_links":{"self":[{"href":"https:\/\/pilot-shop.es\/ca\/wp-json\/wp\/v2\/product\/40796","targetHints":{"allow":["GET"]}}],"collection":[{"href":"https:\/\/pilot-shop.es\/ca\/wp-json\/wp\/v2\/product"}],"about":[{"href":"https:\/\/pilot-shop.es\/ca\/wp-json\/wp\/v2\/types\/product"}],"replies":[{"embeddable":true,"href":"https:\/\/pilot-shop.es\/ca\/wp-json\/wp\/v2\/comments?post=40796"}],"wp:featuredmedia":[{"embeddable":true,"href":"https:\/\/pilot-shop.es\/ca\/wp-json\/wp\/v2\/media\/39928"}],"wp:attachment":[{"href":"https:\/\/pilot-shop.es\/ca\/wp-json\/wp\/v2\/media?parent=40796"}],"wp:term":[{"taxonomy":"product_cat","embeddable":true,"href":"https:\/\/pilot-shop.es\/ca\/wp-json\/wp\/v2\/product_cat?post=40796"},{"taxonomy":"product_tag","embeddable":true,"href":"https:\/\/pilot-shop.es\/ca\/wp-json\/wp\/v2\/product_tag?post=40796"}],"curies":[{"name":"wp","href":"https:\/\/api.w.org\/{rel}","templated":true}]}}