{"id":40812,"date":"2021-07-13T10:53:36","date_gmt":"2021-07-13T08:53:36","guid":{"rendered":"https:\/\/pilot-shop.es\/shop\/sense%20categoria\/serie-dentrenament-de-terra-datpl-navegacio-i\/"},"modified":"2024-01-16T14:54:29","modified_gmt":"2024-01-16T13:54:29","slug":"serie-dentrenament-de-terra-datpl-navegacio-i","status":"publish","type":"product","link":"https:\/\/pilot-shop.es\/ca\/shop\/llibres-manuals\/serie-dentrenament-de-terra-datpl-navegacio-i\/","title":{"rendered":"S\u00e8rie d&#8217;entrenament de terra d&#8217;ATPL \u00abNavegaci\u00f3 I\u00bb"},"content":{"rendered":"<p>Cobreix tots els aspectes de la navegaci\u00f3 a\u00e8ria cl\u00e0ssica, des de la navegaci\u00f3 b\u00e0sica fins al tra\u00e7at avan\u00e7at. Els nombrosos diagrames i mapes acolorits ajudaran el futur pilot professional a dominar aquesta apassionant mat\u00e8ria que molts estudiants, en el passat, consideraven el m\u00e9s gran obstacle per aprovar els ex\u00e0mens te\u00f2rics d&#8217;ATPL. <\/p>\n","protected":false},"excerpt":{"rendered":"<p>Aquest llibre, n\u00famero 10 d&#8217;una s\u00e8rie de 14, titulat Navegaci\u00f3 Part 1 &#8211; Navegaci\u00f3 general, cobreix el programa d&#8217;estudis JAA\/EASA ATPL i els objectius d&#8217;aprenentatge per a aquesta mat\u00e8ria i tamb\u00e9 inclou exemples de rep\u00e0s i preguntes i respostes d&#8217;ex\u00e0mens.<\/p>\n","protected":false},"featured_media":39940,"comment_status":"open","ping_status":"closed","template":"","meta":[],"product_cat":[268],"product_tag":[],"class_list":{"0":"post-40812","1":"product","2":"type-product","3":"status-publish","4":"has-post-thumbnail","6":"product_cat-llibres-manuals","8":"first","9":"instock","10":"taxable","11":"shipping-taxable","12":"purchasable","13":"product-type-simple"},"_links":{"self":[{"href":"https:\/\/pilot-shop.es\/ca\/wp-json\/wp\/v2\/product\/40812","targetHints":{"allow":["GET"]}}],"collection":[{"href":"https:\/\/pilot-shop.es\/ca\/wp-json\/wp\/v2\/product"}],"about":[{"href":"https:\/\/pilot-shop.es\/ca\/wp-json\/wp\/v2\/types\/product"}],"replies":[{"embeddable":true,"href":"https:\/\/pilot-shop.es\/ca\/wp-json\/wp\/v2\/comments?post=40812"}],"wp:featuredmedia":[{"embeddable":true,"href":"https:\/\/pilot-shop.es\/ca\/wp-json\/wp\/v2\/media\/39940"}],"wp:attachment":[{"href":"https:\/\/pilot-shop.es\/ca\/wp-json\/wp\/v2\/media?parent=40812"}],"wp:term":[{"taxonomy":"product_cat","embeddable":true,"href":"https:\/\/pilot-shop.es\/ca\/wp-json\/wp\/v2\/product_cat?post=40812"},{"taxonomy":"product_tag","embeddable":true,"href":"https:\/\/pilot-shop.es\/ca\/wp-json\/wp\/v2\/product_tag?post=40812"}],"curies":[{"name":"wp","href":"https:\/\/api.w.org\/{rel}","templated":true}]}}