{"id":40813,"date":"2021-07-13T10:53:36","date_gmt":"2021-07-13T08:53:36","guid":{"rendered":"https:\/\/pilot-shop.es\/shop\/sense%20categoria\/motxilla-aeroclub-2018-amb-nanses\/"},"modified":"2024-01-18T19:18:40","modified_gmt":"2024-01-18T18:18:40","slug":"motxilla-aeroclub-2018-amb-nanses","status":"publish","type":"product","link":"https:\/\/pilot-shop.es\/ca\/shop\/bosses-de-pilot\/motxilla-aeroclub-2018-amb-nanses\/","title":{"rendered":"Motxilla Aeroclub 2018 -amb nanses-"},"content":{"rendered":"<p>Fabricada amb un teixit resistent i resistent a l&#8217;aigua, aquesta motxilla mant\u00e9 els llibres i l&#8217;equip organitzats i protegits.<\/p>\n<p>Dos compartiments amb cremallera ofereixen espai per gaireb\u00e9 tot el que necessita un pilot. A la butxaca davantera hi haur\u00e0 claus per a bol\u00edgrafs, llapis, ordinadors de vol. El compartiment principal cont\u00e9 llibres de text i manuals.<\/p>\n","protected":false},"excerpt":{"rendered":"<p>La motxilla de pilot de l&#8217;Aeroclub ofereix la funcionalitat i la pr\u00e0ctica que els estudiants i els pilots necessiten per portar c\u00f2modament llibres de pilot i equipament a terra, a l&#8217;aire, des del campus fins a l&#8217;aeroport i a tot arreu.<\/p>\n","protected":false},"featured_media":39908,"comment_status":"open","ping_status":"closed","template":"","meta":[],"product_cat":[292],"product_tag":[],"class_list":{"0":"post-40813","1":"product","2":"type-product","3":"status-publish","4":"has-post-thumbnail","6":"product_cat-bosses-de-pilot","8":"first","9":"instock","10":"taxable","11":"shipping-taxable","12":"purchasable","13":"product-type-simple"},"_links":{"self":[{"href":"https:\/\/pilot-shop.es\/ca\/wp-json\/wp\/v2\/product\/40813","targetHints":{"allow":["GET"]}}],"collection":[{"href":"https:\/\/pilot-shop.es\/ca\/wp-json\/wp\/v2\/product"}],"about":[{"href":"https:\/\/pilot-shop.es\/ca\/wp-json\/wp\/v2\/types\/product"}],"replies":[{"embeddable":true,"href":"https:\/\/pilot-shop.es\/ca\/wp-json\/wp\/v2\/comments?post=40813"}],"wp:featuredmedia":[{"embeddable":true,"href":"https:\/\/pilot-shop.es\/ca\/wp-json\/wp\/v2\/media\/39908"}],"wp:attachment":[{"href":"https:\/\/pilot-shop.es\/ca\/wp-json\/wp\/v2\/media?parent=40813"}],"wp:term":[{"taxonomy":"product_cat","embeddable":true,"href":"https:\/\/pilot-shop.es\/ca\/wp-json\/wp\/v2\/product_cat?post=40813"},{"taxonomy":"product_tag","embeddable":true,"href":"https:\/\/pilot-shop.es\/ca\/wp-json\/wp\/v2\/product_tag?post=40813"}],"curies":[{"name":"wp","href":"https:\/\/api.w.org\/{rel}","templated":true}]}}