{"id":40814,"date":"2021-07-13T10:53:36","date_gmt":"2021-07-13T08:53:36","guid":{"rendered":"https:\/\/pilot-shop.es\/shop\/sense%20categoria\/meteorologia-ppl\/"},"modified":"2024-01-17T14:09:36","modified_gmt":"2024-01-17T13:09:36","slug":"meteorologia-ppl","status":"publish","type":"product","link":"https:\/\/pilot-shop.es\/ca\/shop\/llibres-manuals\/meteorologia-ppl\/","title":{"rendered":"Meteorologia &#8211; PPL"},"content":{"rendered":"<p>Els requisits per a l&#8217;examen de coneixements te\u00f2rics es recullen en un pla d&#8217;estudis que consta de nou temes: Dret aeri, Coneixements generals d&#8217;aeronaus, Rendiment i planificaci\u00f3 del vol, Factors humans, Meteorologia, Navegaci\u00f3, Procediments operatius, Principis de vol i Comunicacions.<\/p>\n<p>L&#8217;autor, amb m\u00e9s de 30 anys d&#8217;experi\u00e8ncia en formaci\u00f3 te\u00f2rica i en vol, desenvolupa \u00edntegrament el pla d&#8217;estudis oficial JAR de la llic\u00e8ncia de pilot privat de METEOROLOGIA i tamb\u00e9 inclou tots aquells comentaris o preguntes que, al seu parer, puguin ajudar a garantir que l&#8217;objectiu fonamental no es traslladi de l&#8217;aprenentatge puntual a la simple superaci\u00f3 d&#8217;una prova.<\/p>\n","protected":false},"excerpt":{"rendered":"<p>Un sol\u00b7licitant d&#8217;una llic\u00e8ncia de pilot privat (PPL) ha de demostrar un nivell de coneixements te\u00f2rics adequat als privilegis concedits al titular d&#8217;aquesta llic\u00e8ncia (JAR-FCL).<\/p>\n","protected":false},"featured_media":40024,"comment_status":"open","ping_status":"closed","template":"","meta":[],"product_cat":[268],"product_tag":[],"class_list":{"0":"post-40814","1":"product","2":"type-product","3":"status-publish","4":"has-post-thumbnail","6":"product_cat-llibres-manuals","8":"first","9":"outofstock","10":"taxable","11":"shipping-taxable","12":"purchasable","13":"product-type-simple"},"_links":{"self":[{"href":"https:\/\/pilot-shop.es\/ca\/wp-json\/wp\/v2\/product\/40814","targetHints":{"allow":["GET"]}}],"collection":[{"href":"https:\/\/pilot-shop.es\/ca\/wp-json\/wp\/v2\/product"}],"about":[{"href":"https:\/\/pilot-shop.es\/ca\/wp-json\/wp\/v2\/types\/product"}],"replies":[{"embeddable":true,"href":"https:\/\/pilot-shop.es\/ca\/wp-json\/wp\/v2\/comments?post=40814"}],"wp:featuredmedia":[{"embeddable":true,"href":"https:\/\/pilot-shop.es\/ca\/wp-json\/wp\/v2\/media\/40024"}],"wp:attachment":[{"href":"https:\/\/pilot-shop.es\/ca\/wp-json\/wp\/v2\/media?parent=40814"}],"wp:term":[{"taxonomy":"product_cat","embeddable":true,"href":"https:\/\/pilot-shop.es\/ca\/wp-json\/wp\/v2\/product_cat?post=40814"},{"taxonomy":"product_tag","embeddable":true,"href":"https:\/\/pilot-shop.es\/ca\/wp-json\/wp\/v2\/product_tag?post=40814"}],"curies":[{"name":"wp","href":"https:\/\/api.w.org\/{rel}","templated":true}]}}