{"id":40821,"date":"2021-07-13T10:53:38","date_gmt":"2021-07-13T08:53:38","guid":{"rendered":"https:\/\/pilot-shop.es\/shop\/sense%20categoria\/plotter-ralli\/"},"modified":"2024-01-17T19:34:58","modified_gmt":"2024-01-17T18:34:58","slug":"plotter-ralli","status":"publish","type":"product","link":"https:\/\/pilot-shop.es\/ca\/shop\/accesoris\/plotter-ralli\/","title":{"rendered":"Plotter de Navegaci\u00f3"},"content":{"rendered":"<p>La seva forma quadrada fa que aquest plotter sigui el preferit dels pilots ral-li, ja que \u00e9s senzill, prec\u00eds i f\u00e0cil d&#8217;utilitzar per a la planificaci\u00f3 del vol. Utilitza una escala 1:200.000 i inclou una escala en quil\u00f2metres i milles n\u00e0utiques per a un mesurament r\u00e0pid i senzill. Azimut giratori per facilitar la planificaci\u00f3 del vol amb lectura directa del rumb.<\/p>\n","protected":false},"excerpt":{"rendered":"<p>El plotter ral-li est\u00e0 fet de pl\u00e0stic i transparent, amb escales i n\u00fameros f\u00e0cils de llegir. Una escala proporciona una refer\u00e8ncia r\u00e0pida a milles n\u00e0utiques i quil\u00f2metres. L&#8217;azimut giratori antilliscant facilita la planificaci\u00f3 del vol.<\/p>\n","protected":false},"featured_media":39992,"comment_status":"open","ping_status":"closed","template":"","meta":[],"product_cat":[284],"product_tag":[],"class_list":{"0":"post-40821","1":"product","2":"type-product","3":"status-publish","4":"has-post-thumbnail","6":"product_cat-accesoris","8":"first","9":"instock","10":"taxable","11":"shipping-taxable","12":"purchasable","13":"product-type-simple"},"_links":{"self":[{"href":"https:\/\/pilot-shop.es\/ca\/wp-json\/wp\/v2\/product\/40821","targetHints":{"allow":["GET"]}}],"collection":[{"href":"https:\/\/pilot-shop.es\/ca\/wp-json\/wp\/v2\/product"}],"about":[{"href":"https:\/\/pilot-shop.es\/ca\/wp-json\/wp\/v2\/types\/product"}],"replies":[{"embeddable":true,"href":"https:\/\/pilot-shop.es\/ca\/wp-json\/wp\/v2\/comments?post=40821"}],"wp:featuredmedia":[{"embeddable":true,"href":"https:\/\/pilot-shop.es\/ca\/wp-json\/wp\/v2\/media\/39992"}],"wp:attachment":[{"href":"https:\/\/pilot-shop.es\/ca\/wp-json\/wp\/v2\/media?parent=40821"}],"wp:term":[{"taxonomy":"product_cat","embeddable":true,"href":"https:\/\/pilot-shop.es\/ca\/wp-json\/wp\/v2\/product_cat?post=40821"},{"taxonomy":"product_tag","embeddable":true,"href":"https:\/\/pilot-shop.es\/ca\/wp-json\/wp\/v2\/product_tag?post=40821"}],"curies":[{"name":"wp","href":"https:\/\/api.w.org\/{rel}","templated":true}]}}