{"id":40857,"date":"2021-07-13T10:53:03","date_gmt":"2021-07-13T08:53:03","guid":{"rendered":"https:\/\/pilot-shop.es\/shop\/sense%20categoria\/bossa-de-nilo-espirit\/"},"modified":"2024-01-18T19:22:08","modified_gmt":"2024-01-18T18:22:08","slug":"bossa-de-nilo-espirit","status":"publish","type":"product","link":"https:\/\/pilot-shop.es\/ca\/shop\/bosses-de-pilot\/bossa-de-nilo-espirit\/","title":{"rendered":"Bossa de nil\u00f3 Espirit"},"content":{"rendered":"","protected":false},"excerpt":{"rendered":"<p>Motxilla plana, de nil\u00f3, pr\u00e0ctica amb nanses de cord\u00f3 en color taronja fluorescent estampades al davant amb el logotip de L&#8217;Aeroclub.<\/p>\n","protected":false},"featured_media":39914,"comment_status":"open","ping_status":"closed","template":"","meta":[],"product_cat":[292],"product_tag":[],"class_list":{"0":"post-40857","1":"product","2":"type-product","3":"status-publish","4":"has-post-thumbnail","6":"product_cat-bosses-de-pilot","8":"first","9":"instock","10":"taxable","11":"shipping-taxable","12":"purchasable","13":"product-type-simple"},"_links":{"self":[{"href":"https:\/\/pilot-shop.es\/ca\/wp-json\/wp\/v2\/product\/40857","targetHints":{"allow":["GET"]}}],"collection":[{"href":"https:\/\/pilot-shop.es\/ca\/wp-json\/wp\/v2\/product"}],"about":[{"href":"https:\/\/pilot-shop.es\/ca\/wp-json\/wp\/v2\/types\/product"}],"replies":[{"embeddable":true,"href":"https:\/\/pilot-shop.es\/ca\/wp-json\/wp\/v2\/comments?post=40857"}],"wp:featuredmedia":[{"embeddable":true,"href":"https:\/\/pilot-shop.es\/ca\/wp-json\/wp\/v2\/media\/39914"}],"wp:attachment":[{"href":"https:\/\/pilot-shop.es\/ca\/wp-json\/wp\/v2\/media?parent=40857"}],"wp:term":[{"taxonomy":"product_cat","embeddable":true,"href":"https:\/\/pilot-shop.es\/ca\/wp-json\/wp\/v2\/product_cat?post=40857"},{"taxonomy":"product_tag","embeddable":true,"href":"https:\/\/pilot-shop.es\/ca\/wp-json\/wp\/v2\/product_tag?post=40857"}],"curies":[{"name":"wp","href":"https:\/\/api.w.org\/{rel}","templated":true}]}}