{"id":40859,"date":"2021-07-13T10:53:04","date_gmt":"2021-07-13T08:53:04","guid":{"rendered":"https:\/\/pilot-shop.es\/shop\/sense%20categoria\/jaqueta-de-pell-aeroclub\/"},"modified":"2024-01-19T15:30:18","modified_gmt":"2024-01-19T14:30:18","slug":"jaqueta-de-pell-aeroclub","status":"publish","type":"product","link":"https:\/\/pilot-shop.es\/ca\/shop\/roba-de-pilot\/jaqueta-de-pell-aeroclub\/","title":{"rendered":"Jaqueta de pell Aeroclub"},"content":{"rendered":"<p>Les petites irregularitats en el color i l&#8217;estructura no s\u00f3n defectes, sin\u00f3 caracter\u00edstiques naturals de la pell, disponible en color marr\u00f3.<\/p>\n<p>Per mantenir la pell en bones condicions s&#8217;aconsella utilitzar els productes adequats per a una correcta neteja i cura.<\/p>\n","protected":false},"excerpt":{"rendered":"<p>La pell de la jaqueta \u00e9s un producte natural.<\/p>\n","protected":false},"featured_media":39994,"comment_status":"open","ping_status":"closed","template":"","meta":[],"product_cat":[294],"product_tag":[],"class_list":{"0":"post-40859","1":"product","2":"type-product","3":"status-publish","4":"has-post-thumbnail","6":"product_cat-roba-de-pilot","7":"product_shipping_class-enviament-mitja","9":"first","10":"instock","11":"taxable","12":"shipping-taxable","13":"purchasable","14":"product-type-simple"},"_links":{"self":[{"href":"https:\/\/pilot-shop.es\/ca\/wp-json\/wp\/v2\/product\/40859","targetHints":{"allow":["GET"]}}],"collection":[{"href":"https:\/\/pilot-shop.es\/ca\/wp-json\/wp\/v2\/product"}],"about":[{"href":"https:\/\/pilot-shop.es\/ca\/wp-json\/wp\/v2\/types\/product"}],"replies":[{"embeddable":true,"href":"https:\/\/pilot-shop.es\/ca\/wp-json\/wp\/v2\/comments?post=40859"}],"wp:featuredmedia":[{"embeddable":true,"href":"https:\/\/pilot-shop.es\/ca\/wp-json\/wp\/v2\/media\/39994"}],"wp:attachment":[{"href":"https:\/\/pilot-shop.es\/ca\/wp-json\/wp\/v2\/media?parent=40859"}],"wp:term":[{"taxonomy":"product_cat","embeddable":true,"href":"https:\/\/pilot-shop.es\/ca\/wp-json\/wp\/v2\/product_cat?post=40859"},{"taxonomy":"product_tag","embeddable":true,"href":"https:\/\/pilot-shop.es\/ca\/wp-json\/wp\/v2\/product_tag?post=40859"}],"curies":[{"name":"wp","href":"https:\/\/api.w.org\/{rel}","templated":true}]}}