{"id":40866,"date":"2021-07-13T10:53:05","date_gmt":"2021-07-13T08:53:05","guid":{"rendered":"https:\/\/pilot-shop.es\/shop\/sense%20categoria\/cinta-aeroclub-bfs\/"},"modified":"2024-01-18T18:33:33","modified_gmt":"2024-01-18T17:33:33","slug":"cinta-aeroclub-bfs","status":"publish","type":"product","link":"https:\/\/pilot-shop.es\/ca\/shop\/merchandising-ca\/cinta-aeroclub-bfs\/","title":{"rendered":"Cinta Aeroclub\/BFS"},"content":{"rendered":"<p>El clauer pot estar en contacte amb la pell de manera segura. Est\u00e0 disponible en dues versions.<\/p>\n<p>Versi\u00f3 Aeroclub. Color Vermell<br \/>\nVersi\u00f3 Barcelona Flight School. Color Blau<\/p>\n","protected":false},"excerpt":{"rendered":"<p>100% poli\u00e8ster amb tancament ajustable C\u00f2mode i durador: la corretja est\u00e0 feta de poli\u00e8ster d&#8217;alta qualitat, molt c\u00f2mode i suau al tacte.<\/p>\n","protected":false},"featured_media":39984,"comment_status":"open","ping_status":"closed","template":"","meta":[],"product_cat":[290],"product_tag":[],"class_list":{"0":"post-40866","1":"product","2":"type-product","3":"status-publish","4":"has-post-thumbnail","6":"product_cat-merchandising-ca","8":"first","9":"instock","10":"taxable","11":"shipping-taxable","12":"purchasable","13":"product-type-variable"},"_links":{"self":[{"href":"https:\/\/pilot-shop.es\/ca\/wp-json\/wp\/v2\/product\/40866","targetHints":{"allow":["GET"]}}],"collection":[{"href":"https:\/\/pilot-shop.es\/ca\/wp-json\/wp\/v2\/product"}],"about":[{"href":"https:\/\/pilot-shop.es\/ca\/wp-json\/wp\/v2\/types\/product"}],"replies":[{"embeddable":true,"href":"https:\/\/pilot-shop.es\/ca\/wp-json\/wp\/v2\/comments?post=40866"}],"wp:featuredmedia":[{"embeddable":true,"href":"https:\/\/pilot-shop.es\/ca\/wp-json\/wp\/v2\/media\/39984"}],"wp:attachment":[{"href":"https:\/\/pilot-shop.es\/ca\/wp-json\/wp\/v2\/media?parent=40866"}],"wp:term":[{"taxonomy":"product_cat","embeddable":true,"href":"https:\/\/pilot-shop.es\/ca\/wp-json\/wp\/v2\/product_cat?post=40866"},{"taxonomy":"product_tag","embeddable":true,"href":"https:\/\/pilot-shop.es\/ca\/wp-json\/wp\/v2\/product_tag?post=40866"}],"curies":[{"name":"wp","href":"https:\/\/api.w.org\/{rel}","templated":true}]}}