{"id":40869,"date":"2021-07-13T10:53:06","date_gmt":"2021-07-13T08:53:06","guid":{"rendered":"https:\/\/pilot-shop.es\/shop\/sense%20categoria\/corbata-aeroclub\/"},"modified":"2024-01-19T15:41:30","modified_gmt":"2024-01-19T14:41:30","slug":"corbata-aeroclub","status":"publish","type":"product","link":"https:\/\/pilot-shop.es\/ca\/shop\/roba-de-pilot\/corbata-aeroclub\/","title":{"rendered":"Corbata Aeroclub"},"content":{"rendered":"","protected":false},"excerpt":{"rendered":"<p>Corbata blau mar\u00ed d&#8217;un lux\u00f3s poli\u00e8ster amb una textura acanalada i un disseny \u00fanic amb la versi\u00f3 Aeroclub.<\/p>\n","protected":false},"featured_media":39996,"comment_status":"open","ping_status":"closed","template":"","meta":[],"product_cat":[294],"product_tag":[],"class_list":{"0":"post-40869","1":"product","2":"type-product","3":"status-publish","4":"has-post-thumbnail","6":"product_cat-roba-de-pilot","8":"first","9":"instock","10":"taxable","11":"shipping-taxable","12":"purchasable","13":"product-type-simple"},"_links":{"self":[{"href":"https:\/\/pilot-shop.es\/ca\/wp-json\/wp\/v2\/product\/40869","targetHints":{"allow":["GET"]}}],"collection":[{"href":"https:\/\/pilot-shop.es\/ca\/wp-json\/wp\/v2\/product"}],"about":[{"href":"https:\/\/pilot-shop.es\/ca\/wp-json\/wp\/v2\/types\/product"}],"replies":[{"embeddable":true,"href":"https:\/\/pilot-shop.es\/ca\/wp-json\/wp\/v2\/comments?post=40869"}],"wp:featuredmedia":[{"embeddable":true,"href":"https:\/\/pilot-shop.es\/ca\/wp-json\/wp\/v2\/media\/39996"}],"wp:attachment":[{"href":"https:\/\/pilot-shop.es\/ca\/wp-json\/wp\/v2\/media?parent=40869"}],"wp:term":[{"taxonomy":"product_cat","embeddable":true,"href":"https:\/\/pilot-shop.es\/ca\/wp-json\/wp\/v2\/product_cat?post=40869"},{"taxonomy":"product_tag","embeddable":true,"href":"https:\/\/pilot-shop.es\/ca\/wp-json\/wp\/v2\/product_tag?post=40869"}],"curies":[{"name":"wp","href":"https:\/\/api.w.org\/{rel}","templated":true}]}}