{"id":40871,"date":"2021-07-13T10:53:08","date_gmt":"2021-07-13T08:53:08","guid":{"rendered":"https:\/\/pilot-shop.es\/shop\/sense%20categoria\/dret-aeri-i-procediments-atc\/"},"modified":"2024-01-17T07:59:11","modified_gmt":"2024-01-17T06:59:11","slug":"dret-aeri-i-procediments-atc","status":"publish","type":"product","link":"https:\/\/pilot-shop.es\/ca\/shop\/llibres-manuals\/dret-aeri-i-procediments-atc\/","title":{"rendered":"Dret aeri i procediments ATC"},"content":{"rendered":"<p>A trav\u00e9s de multitud de cap\u00edtols s&#8217;analitza l&#8217;\u00e0mbit jur\u00eddic, tant te\u00f2ric com pr\u00e0ctic, que regeix el nostre entorn. Les convencions internacionals que ens afecten, les lleis estatals que ens controlen, les normes de tr\u00e0nsit aeri que marquen la nostra feina. Tots ells estableixen els par\u00e0metres que delimiten el que \u00e9s legal del que \u00e9s il\u00b7legal, el que \u00e9s legal del que \u00e9s il\u00b7l\u00edcit, en definitiva, les premisses que haurien de regir la nostra fugida d&#8217;aquelles que ho restringeixen.  <\/p>\n","protected":false},"excerpt":{"rendered":"<p>Aquest llibre pret\u00e9n oferir els coneixements b\u00e0sics que s&#8217;espera de qualsevol persona que vulgui fer de l&#8217;aviaci\u00f3 la seva vida professional.<\/p>\n","protected":false},"featured_media":39922,"comment_status":"open","ping_status":"closed","template":"","meta":[],"product_cat":[268],"product_tag":[],"class_list":{"0":"post-40871","1":"product","2":"type-product","3":"status-publish","4":"has-post-thumbnail","6":"product_cat-llibres-manuals","8":"first","9":"instock","10":"taxable","11":"shipping-taxable","12":"purchasable","13":"product-type-simple"},"_links":{"self":[{"href":"https:\/\/pilot-shop.es\/ca\/wp-json\/wp\/v2\/product\/40871","targetHints":{"allow":["GET"]}}],"collection":[{"href":"https:\/\/pilot-shop.es\/ca\/wp-json\/wp\/v2\/product"}],"about":[{"href":"https:\/\/pilot-shop.es\/ca\/wp-json\/wp\/v2\/types\/product"}],"replies":[{"embeddable":true,"href":"https:\/\/pilot-shop.es\/ca\/wp-json\/wp\/v2\/comments?post=40871"}],"wp:featuredmedia":[{"embeddable":true,"href":"https:\/\/pilot-shop.es\/ca\/wp-json\/wp\/v2\/media\/39922"}],"wp:attachment":[{"href":"https:\/\/pilot-shop.es\/ca\/wp-json\/wp\/v2\/media?parent=40871"}],"wp:term":[{"taxonomy":"product_cat","embeddable":true,"href":"https:\/\/pilot-shop.es\/ca\/wp-json\/wp\/v2\/product_cat?post=40871"},{"taxonomy":"product_tag","embeddable":true,"href":"https:\/\/pilot-shop.es\/ca\/wp-json\/wp\/v2\/product_tag?post=40871"}],"curies":[{"name":"wp","href":"https:\/\/api.w.org\/{rel}","templated":true}]}}