{"id":40872,"date":"2021-07-13T10:53:08","date_gmt":"2021-07-13T08:53:08","guid":{"rendered":"https:\/\/pilot-shop.es\/shop\/sense%20categoria\/dret-aeri-ppl\/"},"modified":"2024-01-17T07:54:41","modified_gmt":"2024-01-17T06:54:41","slug":"dret-aeri-ppl","status":"publish","type":"product","link":"https:\/\/pilot-shop.es\/ca\/shop\/llibres-manuals\/dret-aeri-ppl\/","title":{"rendered":"Dret Aeri &#8211; PPL"},"content":{"rendered":"","protected":false},"excerpt":{"rendered":"<p>Aquest llibre desenvolupa \u00edntegrament el pla d&#8217;estudis oficial JAR de la Llic\u00e8ncia de Pilot Privat de Dret Aeri i tamb\u00e9 inclou tots aquells comentaris o preguntes que, en opini\u00f3 de l&#8217;autor, podrien contribuir a que l&#8217;objectiu fonamental no es traslladi del proc\u00e9s d&#8217;aprenentatge oport\u00fa a la simple superaci\u00f3 d&#8217;una prova.<\/p>\n","protected":false},"featured_media":39932,"comment_status":"open","ping_status":"closed","template":"","meta":[],"product_cat":[268],"product_tag":[],"class_list":{"0":"post-40872","1":"product","2":"type-product","3":"status-publish","4":"has-post-thumbnail","6":"product_cat-llibres-manuals","8":"first","9":"instock","10":"taxable","11":"shipping-taxable","12":"purchasable","13":"product-type-simple"},"_links":{"self":[{"href":"https:\/\/pilot-shop.es\/ca\/wp-json\/wp\/v2\/product\/40872","targetHints":{"allow":["GET"]}}],"collection":[{"href":"https:\/\/pilot-shop.es\/ca\/wp-json\/wp\/v2\/product"}],"about":[{"href":"https:\/\/pilot-shop.es\/ca\/wp-json\/wp\/v2\/types\/product"}],"replies":[{"embeddable":true,"href":"https:\/\/pilot-shop.es\/ca\/wp-json\/wp\/v2\/comments?post=40872"}],"wp:featuredmedia":[{"embeddable":true,"href":"https:\/\/pilot-shop.es\/ca\/wp-json\/wp\/v2\/media\/39932"}],"wp:attachment":[{"href":"https:\/\/pilot-shop.es\/ca\/wp-json\/wp\/v2\/media?parent=40872"}],"wp:term":[{"taxonomy":"product_cat","embeddable":true,"href":"https:\/\/pilot-shop.es\/ca\/wp-json\/wp\/v2\/product_cat?post=40872"},{"taxonomy":"product_tag","embeddable":true,"href":"https:\/\/pilot-shop.es\/ca\/wp-json\/wp\/v2\/product_tag?post=40872"}],"curies":[{"name":"wp","href":"https:\/\/api.w.org\/{rel}","templated":true}]}}