{"id":40873,"date":"2021-07-13T10:53:08","date_gmt":"2021-07-13T08:53:08","guid":{"rendered":"https:\/\/pilot-shop.es\/shop\/sense%20categoria\/crp5-computer\/"},"modified":"2024-01-17T14:32:48","modified_gmt":"2024-01-17T13:32:48","slug":"crp5-computer","status":"publish","type":"product","link":"https:\/\/pilot-shop.es\/ca\/shop\/accesoris\/crp5-computer\/","title":{"rendered":"CRP5 &#8211; Computer"},"content":{"rendered":"<p>El CRP-5 est\u00e0 constru\u00eft i dissenyat especialment per al pilot professional. Inclou totes les funcions necess\u00e0ries per als ex\u00e0mens de pilot comercial i de l\u00ednia a\u00e8ria. Es poden fer c\u00e0lculs i conversions de temperatura, temps, dist\u00e0ncia, volum, altitud, velocitat, massa, combustible, resist\u00e8ncia, multiplicaci\u00f3 i divisi\u00f3, etc. T\u00e9 lletres de colors i escales per facilitar-ne l&#8217;\u00fas.<\/p>\n<p>Cara circular de la regla de c\u00e0lcul amb cursor clar i durador. Per al c\u00e0lcul i conversi\u00f3 de temperatura, temps, dist\u00e0ncia, volum, altitud, altitud, velocitat, pes, combustible, resist\u00e8ncia, multiplicaci\u00f3 i divisi\u00f3, regla 1 en 60, correcci\u00f3 de compressibilitat, etc.<\/p>\n<p>Les escales de color i les lletres milloren el rendiment i la claredat.<\/p>\n<p>Triangle de vent lateral que incorpora escala lliscant amb un rang de velocitat de 40-1000 i escales de mesura a les vores exteriors de 1:500.000 NM, 1:250.000 NM, polzades i mm. Disc giratori transparent per tra\u00e7ar amb llapis de plom.<\/p>\n<p>Per calcular el rumb i la velocitat del vent, la velocitat del vent, la direcci\u00f3 i els components del vent creuat, etc.<\/p>\n","protected":false},"excerpt":{"rendered":"<p>\u00c9s una calculadora de vol dissenyada especialment per al pilot professional, inclou totes les funcions necess\u00e0ries per als ex\u00e0mens de pilot comercial i transport aeri.<\/p>\n","protected":false},"featured_media":39990,"comment_status":"open","ping_status":"closed","template":"","meta":[],"product_cat":[284],"product_tag":[],"class_list":{"0":"post-40873","1":"product","2":"type-product","3":"status-publish","4":"has-post-thumbnail","6":"product_cat-accesoris","8":"first","9":"outofstock","10":"taxable","11":"shipping-taxable","12":"purchasable","13":"product-type-simple"},"_links":{"self":[{"href":"https:\/\/pilot-shop.es\/ca\/wp-json\/wp\/v2\/product\/40873","targetHints":{"allow":["GET"]}}],"collection":[{"href":"https:\/\/pilot-shop.es\/ca\/wp-json\/wp\/v2\/product"}],"about":[{"href":"https:\/\/pilot-shop.es\/ca\/wp-json\/wp\/v2\/types\/product"}],"replies":[{"embeddable":true,"href":"https:\/\/pilot-shop.es\/ca\/wp-json\/wp\/v2\/comments?post=40873"}],"wp:featuredmedia":[{"embeddable":true,"href":"https:\/\/pilot-shop.es\/ca\/wp-json\/wp\/v2\/media\/39990"}],"wp:attachment":[{"href":"https:\/\/pilot-shop.es\/ca\/wp-json\/wp\/v2\/media?parent=40873"}],"wp:term":[{"taxonomy":"product_cat","embeddable":true,"href":"https:\/\/pilot-shop.es\/ca\/wp-json\/wp\/v2\/product_cat?post=40873"},{"taxonomy":"product_tag","embeddable":true,"href":"https:\/\/pilot-shop.es\/ca\/wp-json\/wp\/v2\/product_tag?post=40873"}],"curies":[{"name":"wp","href":"https:\/\/api.w.org\/{rel}","templated":true}]}}