{"id":40877,"date":"2021-07-13T10:53:09","date_gmt":"2021-07-13T08:53:09","guid":{"rendered":"https:\/\/pilot-shop.es\/shop\/sense%20categoria\/drenador-de-combustible-asa\/"},"modified":"2024-01-17T19:50:54","modified_gmt":"2024-01-17T18:50:54","slug":"drenador-de-combustible-asa","status":"publish","type":"product","link":"https:\/\/pilot-shop.es\/ca\/shop\/accesoris\/drenador-de-combustible-asa\/","title":{"rendered":"Provador de combustible curt ASA"},"content":{"rendered":"<p>Protegiu-vos de la contaminaci\u00f3 del combustible comprovant visualment si hi ha aigua i residus. La sonda \u00fanica a pressi\u00f3 s&#8217;adapta a totes les v\u00e0lvules de drenatge r\u00e0pid, s&#8217;emmagatzema de manera compacta i redueix els vessaments, les p\u00e8rdues i el trencament de la sonda. El cilindre transparent de 4&#8243; (10,16 cm) t\u00e9 la codificaci\u00f3 de colors d&#8217;oct\u00e0 modelada al lateral per a una refer\u00e8ncia r\u00e0pida. Tamb\u00e9 inclou una fulla de tornav\u00eds cromada amb un cap Phillips i un cap ranurat.<\/p>\n","protected":false},"excerpt":{"rendered":"<p>La sonda de pressi\u00f3 \u00fanica s&#8217;adapta a totes les v\u00e0lvules de drenatge r\u00e0pid, s&#8217;emmagatzema de manera compacta i redueix els vessaments.<\/p>\n","protected":false},"featured_media":39904,"comment_status":"open","ping_status":"closed","template":"","meta":[],"product_cat":[284],"product_tag":[],"class_list":{"0":"post-40877","1":"product","2":"type-product","3":"status-publish","4":"has-post-thumbnail","6":"product_cat-accesoris","8":"first","9":"instock","10":"taxable","11":"shipping-taxable","12":"purchasable","13":"product-type-simple"},"_links":{"self":[{"href":"https:\/\/pilot-shop.es\/ca\/wp-json\/wp\/v2\/product\/40877","targetHints":{"allow":["GET"]}}],"collection":[{"href":"https:\/\/pilot-shop.es\/ca\/wp-json\/wp\/v2\/product"}],"about":[{"href":"https:\/\/pilot-shop.es\/ca\/wp-json\/wp\/v2\/types\/product"}],"replies":[{"embeddable":true,"href":"https:\/\/pilot-shop.es\/ca\/wp-json\/wp\/v2\/comments?post=40877"}],"wp:featuredmedia":[{"embeddable":true,"href":"https:\/\/pilot-shop.es\/ca\/wp-json\/wp\/v2\/media\/39904"}],"wp:attachment":[{"href":"https:\/\/pilot-shop.es\/ca\/wp-json\/wp\/v2\/media?parent=40877"}],"wp:term":[{"taxonomy":"product_cat","embeddable":true,"href":"https:\/\/pilot-shop.es\/ca\/wp-json\/wp\/v2\/product_cat?post=40877"},{"taxonomy":"product_tag","embeddable":true,"href":"https:\/\/pilot-shop.es\/ca\/wp-json\/wp\/v2\/product_tag?post=40877"}],"curies":[{"name":"wp","href":"https:\/\/api.w.org\/{rel}","templated":true}]}}