{"id":40879,"date":"2021-07-13T10:53:09","date_gmt":"2021-07-13T08:53:09","guid":{"rendered":"https:\/\/pilot-shop.es\/shop\/sense%20categoria\/diari-de-vol-del-pilot\/"},"modified":"2024-01-17T14:15:18","modified_gmt":"2024-01-17T13:15:18","slug":"diari-de-vol-del-pilot","status":"publish","type":"product","link":"https:\/\/pilot-shop.es\/ca\/shop\/llibres-manuals\/diari-de-vol-del-pilot\/","title":{"rendered":"Diari de Vol del Pilot"},"content":{"rendered":"<p>Mides 22,5 x 17<\/p>\n<p>El registre de vol est\u00e0 pensat per registrar tot el temps de vol realitzat pel pilot a dist\u00e0ncia, independentment del tipus d&#8217;activitat. Tamb\u00e9 s&#8217;anotaran els processos d&#8217;instrucci\u00f3 reglament\u00e0ria. El seu contingut \u00e9s fiable a l&#8217;efecte de demostrar el compliment dels requisits normatius d&#8217;experi\u00e8ncia i formaci\u00f3 exigits al pilot a dist\u00e0ncia.<\/p>\n","protected":false},"excerpt":{"rendered":"<p>Registre de vol del pilot en el seu nou format per a drons, aprovat per AESA.<\/p>\n","protected":false},"featured_media":39938,"comment_status":"open","ping_status":"closed","template":"","meta":[],"product_cat":[268],"product_tag":[],"class_list":{"0":"post-40879","1":"product","2":"type-product","3":"status-publish","4":"has-post-thumbnail","6":"product_cat-llibres-manuals","8":"first","9":"instock","10":"taxable","11":"shipping-taxable","12":"purchasable","13":"product-type-simple"},"_links":{"self":[{"href":"https:\/\/pilot-shop.es\/ca\/wp-json\/wp\/v2\/product\/40879","targetHints":{"allow":["GET"]}}],"collection":[{"href":"https:\/\/pilot-shop.es\/ca\/wp-json\/wp\/v2\/product"}],"about":[{"href":"https:\/\/pilot-shop.es\/ca\/wp-json\/wp\/v2\/types\/product"}],"replies":[{"embeddable":true,"href":"https:\/\/pilot-shop.es\/ca\/wp-json\/wp\/v2\/comments?post=40879"}],"wp:featuredmedia":[{"embeddable":true,"href":"https:\/\/pilot-shop.es\/ca\/wp-json\/wp\/v2\/media\/39938"}],"wp:attachment":[{"href":"https:\/\/pilot-shop.es\/ca\/wp-json\/wp\/v2\/media?parent=40879"}],"wp:term":[{"taxonomy":"product_cat","embeddable":true,"href":"https:\/\/pilot-shop.es\/ca\/wp-json\/wp\/v2\/product_cat?post=40879"},{"taxonomy":"product_tag","embeddable":true,"href":"https:\/\/pilot-shop.es\/ca\/wp-json\/wp\/v2\/product_tag?post=40879"}],"curies":[{"name":"wp","href":"https:\/\/api.w.org\/{rel}","templated":true}]}}