{"id":40927,"date":"2021-07-13T10:53:02","date_gmt":"2021-07-13T08:53:02","guid":{"rendered":"https:\/\/pilot-shop.es\/shop\/sense%20categoria\/auriculars-telex-echelon-20\/"},"modified":"2025-08-16T20:56:34","modified_gmt":"2025-08-16T18:56:34","slug":"auriculars-telex-echelon-20","status":"publish","type":"product","link":"https:\/\/pilot-shop.es\/ca\/shop\/accesoris\/auriculars-telex-echelon-20\/","title":{"rendered":"Auriculars TELEX Echelon 20"},"content":{"rendered":"<p>Els auriculars Telex Echelon 20 ofereixen una protecci\u00f3 contra el soroll passiva impressionant de m\u00e9s de 20 dB i un micr\u00f2fon electret amb cancel\u00b7laci\u00f3 de soroll d&#8217;alta qualitat per a comunicacions clares i fiables. L&#8217;Echelon 20 inclou una diadema de perfil baix per a una distribuci\u00f3 uniforme del pes, a m\u00e9s de la tecnologia patentada ComfortCam(TM), un sistema d&#8217;ajust de tensi\u00f3 de tres clics per a un ajust personalitzat. Les auriculars especials amb segells d&#8217;escuma giren de dues maneres per adaptar-se a qualsevol usuari mentre que els controls lliscants de fre ajusten la diadema, fent del Telex Echelon 20 un auricular c\u00f2mode per a qualsevol vol.<\/p>\n","protected":false},"excerpt":{"rendered":"<p>Els millors <em>auriculars<\/em> de reducci\u00f3 passiva de soroll per a estudiants i pilots nous.<\/p>\n","protected":false},"featured_media":39918,"comment_status":"open","ping_status":"closed","template":"","meta":[],"product_cat":[284],"product_tag":[],"class_list":{"0":"post-40927","1":"product","2":"type-product","3":"status-publish","4":"has-post-thumbnail","6":"product_cat-accesoris","8":"first","9":"instock","10":"taxable","11":"shipping-taxable","12":"purchasable","13":"product-type-simple"},"_links":{"self":[{"href":"https:\/\/pilot-shop.es\/ca\/wp-json\/wp\/v2\/product\/40927","targetHints":{"allow":["GET"]}}],"collection":[{"href":"https:\/\/pilot-shop.es\/ca\/wp-json\/wp\/v2\/product"}],"about":[{"href":"https:\/\/pilot-shop.es\/ca\/wp-json\/wp\/v2\/types\/product"}],"replies":[{"embeddable":true,"href":"https:\/\/pilot-shop.es\/ca\/wp-json\/wp\/v2\/comments?post=40927"}],"wp:featuredmedia":[{"embeddable":true,"href":"https:\/\/pilot-shop.es\/ca\/wp-json\/wp\/v2\/media\/39918"}],"wp:attachment":[{"href":"https:\/\/pilot-shop.es\/ca\/wp-json\/wp\/v2\/media?parent=40927"}],"wp:term":[{"taxonomy":"product_cat","embeddable":true,"href":"https:\/\/pilot-shop.es\/ca\/wp-json\/wp\/v2\/product_cat?post=40927"},{"taxonomy":"product_tag","embeddable":true,"href":"https:\/\/pilot-shop.es\/ca\/wp-json\/wp\/v2\/product_tag?post=40927"}],"curies":[{"name":"wp","href":"https:\/\/api.w.org\/{rel}","templated":true}]}}