{"id":41403,"date":"2024-02-12T16:34:02","date_gmt":"2024-02-12T15:34:02","guid":{"rendered":"https:\/\/pilot-shop.es\/?post_type=product&#038;p=41403"},"modified":"2024-02-18T12:19:37","modified_gmt":"2024-02-18T11:19:37","slug":"curs-iniciacio-planador","status":"publish","type":"product","link":"https:\/\/pilot-shop.es\/ca\/shop\/targetes-regal\/curs-iniciacio-planador\/","title":{"rendered":"Curs Iniciaci\u00f3 Planador"},"content":{"rendered":"","protected":false},"excerpt":{"rendered":"<p>Regala aquest curs a aquells que vulguin m\u00e9s que un vol d&#8217;iniciaci\u00f3. Aquest curs d&#8217;iniciaci\u00f3 al planador consta de tres vols de 30 minuts en qu\u00e8 abans de sortir hi ha una classe te\u00f2rica igual que si estiguessin fent el curs on aprendran com es pilota un planador.<\/p>\n","protected":false},"featured_media":41384,"comment_status":"closed","ping_status":"closed","template":"","meta":[],"product_cat":[479],"product_tag":[],"class_list":{"0":"post-41403","1":"product","2":"type-product","3":"status-publish","4":"has-post-thumbnail","6":"product_cat-targetes-regal","8":"first","9":"instock","10":"shipping-taxable","11":"purchasable","12":"product-type-wgm_gift_card"},"_links":{"self":[{"href":"https:\/\/pilot-shop.es\/ca\/wp-json\/wp\/v2\/product\/41403","targetHints":{"allow":["GET"]}}],"collection":[{"href":"https:\/\/pilot-shop.es\/ca\/wp-json\/wp\/v2\/product"}],"about":[{"href":"https:\/\/pilot-shop.es\/ca\/wp-json\/wp\/v2\/types\/product"}],"replies":[{"embeddable":true,"href":"https:\/\/pilot-shop.es\/ca\/wp-json\/wp\/v2\/comments?post=41403"}],"wp:featuredmedia":[{"embeddable":true,"href":"https:\/\/pilot-shop.es\/ca\/wp-json\/wp\/v2\/media\/41384"}],"wp:attachment":[{"href":"https:\/\/pilot-shop.es\/ca\/wp-json\/wp\/v2\/media?parent=41403"}],"wp:term":[{"taxonomy":"product_cat","embeddable":true,"href":"https:\/\/pilot-shop.es\/ca\/wp-json\/wp\/v2\/product_cat?post=41403"},{"taxonomy":"product_tag","embeddable":true,"href":"https:\/\/pilot-shop.es\/ca\/wp-json\/wp\/v2\/product_tag?post=41403"}],"curies":[{"name":"wp","href":"https:\/\/api.w.org\/{rel}","templated":true}]}}