{"id":41407,"date":"2024-02-12T16:39:41","date_gmt":"2024-02-12T15:39:41","guid":{"rendered":"https:\/\/pilot-shop.es\/?post_type=product&#038;p=41407"},"modified":"2024-02-18T12:16:41","modified_gmt":"2024-02-18T11:16:41","slug":"vol-avio-30-minuts","status":"publish","type":"product","link":"https:\/\/pilot-shop.es\/ca\/shop\/targetes-regal\/vol-avio-30-minuts\/","title":{"rendered":"Vol a Avi\u00f3 30 minuts"},"content":{"rendered":"","protected":false},"excerpt":{"rendered":"<p>Regala l&#8217;experi\u00e8ncia de volar per la Cerdanya, amb avi\u00f3, gaudint del meravell\u00f3s paisatge del Pirineu.<\/p>\n","protected":false},"featured_media":40162,"comment_status":"closed","ping_status":"closed","template":"","meta":[],"product_cat":[479],"product_tag":[],"class_list":{"0":"post-41407","1":"product","2":"type-product","3":"status-publish","4":"has-post-thumbnail","6":"product_cat-targetes-regal","8":"first","9":"instock","10":"shipping-taxable","11":"purchasable","12":"product-type-wgm_gift_card"},"_links":{"self":[{"href":"https:\/\/pilot-shop.es\/ca\/wp-json\/wp\/v2\/product\/41407","targetHints":{"allow":["GET"]}}],"collection":[{"href":"https:\/\/pilot-shop.es\/ca\/wp-json\/wp\/v2\/product"}],"about":[{"href":"https:\/\/pilot-shop.es\/ca\/wp-json\/wp\/v2\/types\/product"}],"replies":[{"embeddable":true,"href":"https:\/\/pilot-shop.es\/ca\/wp-json\/wp\/v2\/comments?post=41407"}],"wp:featuredmedia":[{"embeddable":true,"href":"https:\/\/pilot-shop.es\/ca\/wp-json\/wp\/v2\/media\/40162"}],"wp:attachment":[{"href":"https:\/\/pilot-shop.es\/ca\/wp-json\/wp\/v2\/media?parent=41407"}],"wp:term":[{"taxonomy":"product_cat","embeddable":true,"href":"https:\/\/pilot-shop.es\/ca\/wp-json\/wp\/v2\/product_cat?post=41407"},{"taxonomy":"product_tag","embeddable":true,"href":"https:\/\/pilot-shop.es\/ca\/wp-json\/wp\/v2\/product_tag?post=41407"}],"curies":[{"name":"wp","href":"https:\/\/api.w.org\/{rel}","templated":true}]}}