{"id":41496,"date":"2024-04-11T17:13:22","date_gmt":"2024-04-11T15:13:22","guid":{"rendered":"https:\/\/pilot-shop.es\/?post_type=product&#038;p=41496"},"modified":"2024-04-11T17:21:38","modified_gmt":"2024-04-11T15:21:38","slug":"vol-diniciacio-amb-ultralleuger-copy","status":"publish","type":"product","link":"https:\/\/pilot-shop.es\/ca\/shop\/targetes-regal\/vol-diniciacio-amb-ultralleuger-copy\/","title":{"rendered":"Curs d&#8217;iniciaci\u00f3 amb Ultralleuger"},"content":{"rendered":"","protected":false},"excerpt":{"rendered":"<p>Regala aquest curs a aquells que vulguin experimentar m\u00e9s que un vol d\u2019iniciaci\u00f3. Aquest, consta de dues classes te\u00f2riques en primer lloc, i un cop fetes, l&#8217;alumne passar\u00e0 a realitzar dos vols de 45 min cadascun on es posar\u00e0 al control de l&#8217;aeronau.<\/p>\n","protected":false},"featured_media":40160,"comment_status":"closed","ping_status":"closed","template":"","meta":[],"product_cat":[479],"product_tag":[],"class_list":{"0":"post-41496","1":"product","2":"type-product","3":"status-publish","4":"has-post-thumbnail","6":"product_cat-targetes-regal","8":"first","9":"instock","10":"shipping-taxable","11":"purchasable","12":"product-type-wgm_gift_card"},"_links":{"self":[{"href":"https:\/\/pilot-shop.es\/ca\/wp-json\/wp\/v2\/product\/41496","targetHints":{"allow":["GET"]}}],"collection":[{"href":"https:\/\/pilot-shop.es\/ca\/wp-json\/wp\/v2\/product"}],"about":[{"href":"https:\/\/pilot-shop.es\/ca\/wp-json\/wp\/v2\/types\/product"}],"replies":[{"embeddable":true,"href":"https:\/\/pilot-shop.es\/ca\/wp-json\/wp\/v2\/comments?post=41496"}],"wp:featuredmedia":[{"embeddable":true,"href":"https:\/\/pilot-shop.es\/ca\/wp-json\/wp\/v2\/media\/40160"}],"wp:attachment":[{"href":"https:\/\/pilot-shop.es\/ca\/wp-json\/wp\/v2\/media?parent=41496"}],"wp:term":[{"taxonomy":"product_cat","embeddable":true,"href":"https:\/\/pilot-shop.es\/ca\/wp-json\/wp\/v2\/product_cat?post=41496"},{"taxonomy":"product_tag","embeddable":true,"href":"https:\/\/pilot-shop.es\/ca\/wp-json\/wp\/v2\/product_tag?post=41496"}],"curies":[{"name":"wp","href":"https:\/\/api.w.org\/{rel}","templated":true}]}}