{"id":38701,"date":"2021-07-13T10:53:04","date_gmt":"2021-07-13T08:53:04","guid":{"rendered":"https:\/\/pilot-shop.es\/?post_type=product&#038;p=38701"},"modified":"2024-01-19T15:28:00","modified_gmt":"2024-01-19T14:28:00","slug":"leather-jacket","status":"publish","type":"product","link":"https:\/\/pilot-shop.es\/es\/shop\/ropa-piloto\/leather-jacket\/","title":{"rendered":"Chaqueta de cuero Aeroclub"},"content":{"rendered":"<p>Las peque\u00f1as irregularidades en el color y la estructura no son defectos, sino caracter\u00edsticas naturales de la piel, disponible en color Marr\u00f3n.<\/p>\n<p>Para mantener el cuero en buen estado es recomendable utilizar los productos adecuados para una correcta limpieza y cuidado.<\/p>\n","protected":false},"excerpt":{"rendered":"<p>Chaqueta de cuero natural.<\/p>\n","protected":false},"featured_media":38979,"comment_status":"open","ping_status":"closed","template":"","meta":[],"product_cat":[203],"product_tag":[],"class_list":{"0":"post-38701","1":"product","2":"type-product","3":"status-publish","4":"has-post-thumbnail","6":"product_cat-ropa-piloto","7":"product_shipping_class-medium-shipping","9":"first","10":"instock","11":"taxable","12":"shipping-taxable","13":"purchasable","14":"product-type-simple"},"_links":{"self":[{"href":"https:\/\/pilot-shop.es\/es\/wp-json\/wp\/v2\/product\/38701","targetHints":{"allow":["GET"]}}],"collection":[{"href":"https:\/\/pilot-shop.es\/es\/wp-json\/wp\/v2\/product"}],"about":[{"href":"https:\/\/pilot-shop.es\/es\/wp-json\/wp\/v2\/types\/product"}],"replies":[{"embeddable":true,"href":"https:\/\/pilot-shop.es\/es\/wp-json\/wp\/v2\/comments?post=38701"}],"wp:featuredmedia":[{"embeddable":true,"href":"https:\/\/pilot-shop.es\/es\/wp-json\/wp\/v2\/media\/38979"}],"wp:attachment":[{"href":"https:\/\/pilot-shop.es\/es\/wp-json\/wp\/v2\/media?parent=38701"}],"wp:term":[{"taxonomy":"product_cat","embeddable":true,"href":"https:\/\/pilot-shop.es\/es\/wp-json\/wp\/v2\/product_cat?post=38701"},{"taxonomy":"product_tag","embeddable":true,"href":"https:\/\/pilot-shop.es\/es\/wp-json\/wp\/v2\/product_tag?post=38701"}],"curies":[{"name":"wp","href":"https:\/\/api.w.org\/{rel}","templated":true}]}}