{"id":38702,"date":"2021-07-13T10:53:05","date_gmt":"2021-07-13T08:53:05","guid":{"rendered":"https:\/\/pilot-shop.es\/?post_type=product&#038;p=38702"},"modified":"2024-01-18T18:32:17","modified_gmt":"2024-01-18T17:32:17","slug":"cinta-aeroclub-bfs","status":"publish","type":"product","link":"https:\/\/pilot-shop.es\/es\/shop\/merchandising\/cinta-aeroclub-bfs\/","title":{"rendered":"Cinta Aeroclub\/BFS"},"content":{"rendered":"<p>El llavero puede estar en contacto con la piel de forma segura. Est\u00e1 disponible en dos versiones.<\/p>\n<p>Versi\u00f3n Aeroclub. color rojo<br \/>\nVersi\u00f3n Barcelona Flight School. Color azul<\/p>\n","protected":false},"excerpt":{"rendered":"<p>100% poli\u00e9ster con cierre ajustable C\u00f3modo y duradero: la correa est\u00e1 hecha de poli\u00e9ster de alta calidad, muy c\u00f3modo y suave al tacto.<\/p>\n","protected":false},"featured_media":38956,"comment_status":"open","ping_status":"closed","template":"","meta":[],"product_cat":[205],"product_tag":[],"class_list":{"0":"post-38702","1":"product","2":"type-product","3":"status-publish","4":"has-post-thumbnail","6":"product_cat-merchandising","8":"first","9":"instock","10":"taxable","11":"shipping-taxable","12":"purchasable","13":"product-type-variable"},"_links":{"self":[{"href":"https:\/\/pilot-shop.es\/es\/wp-json\/wp\/v2\/product\/38702","targetHints":{"allow":["GET"]}}],"collection":[{"href":"https:\/\/pilot-shop.es\/es\/wp-json\/wp\/v2\/product"}],"about":[{"href":"https:\/\/pilot-shop.es\/es\/wp-json\/wp\/v2\/types\/product"}],"replies":[{"embeddable":true,"href":"https:\/\/pilot-shop.es\/es\/wp-json\/wp\/v2\/comments?post=38702"}],"wp:featuredmedia":[{"embeddable":true,"href":"https:\/\/pilot-shop.es\/es\/wp-json\/wp\/v2\/media\/38956"}],"wp:attachment":[{"href":"https:\/\/pilot-shop.es\/es\/wp-json\/wp\/v2\/media?parent=38702"}],"wp:term":[{"taxonomy":"product_cat","embeddable":true,"href":"https:\/\/pilot-shop.es\/es\/wp-json\/wp\/v2\/product_cat?post=38702"},{"taxonomy":"product_tag","embeddable":true,"href":"https:\/\/pilot-shop.es\/es\/wp-json\/wp\/v2\/product_tag?post=38702"}],"curies":[{"name":"wp","href":"https:\/\/api.w.org\/{rel}","templated":true}]}}