{"id":38703,"date":"2021-07-13T10:53:05","date_gmt":"2021-07-13T08:53:05","guid":{"rendered":"https:\/\/pilot-shop.es\/?post_type=product&#038;p=38703"},"modified":"2024-01-16T15:13:57","modified_gmt":"2024-01-16T14:13:57","slug":"comunicaciones-aeronauticas","status":"publish","type":"product","link":"https:\/\/pilot-shop.es\/es\/shop\/libros-manuales\/comunicaciones-aeronauticas\/","title":{"rendered":"Comunicaciones Aeron\u00e1uticas"},"content":{"rendered":"<p>En la formaci\u00f3n del personal aeron\u00e1utico es fundamental adquirir, formar y desarrollar los conocimientos de comunicaciones que nos permitan intercambiar mensajes correctamente.<\/p>\n<p>Este libro ha sido dise\u00f1ado para ofrecer una f\u00e1cil comprensi\u00f3n de su contenido a un amplio abanico de profesionales del mundo de la aviaci\u00f3n: pilotos, t\u00e9cnicos de mantenimiento, auxiliares de vuelo y, en general, todos aquellos apasionados por el campo aeron\u00e1utico.<\/p>\n<p>Su estructura es sistem\u00e1tica, accesible y entretenida, desde las explicaciones m\u00e1s sencillas, como el alfabeto aeron\u00e1utico, hasta las m\u00e1s complejas.<\/p>\n<p>Me gustar\u00eda agradecer a todos aquellos que han sido mis alumnos a lo largo de los a\u00f1os, as\u00ed como a quienes han demostrado su confianza adquiriendo este trabajo.<\/p>\n","protected":false},"excerpt":{"rendered":"<p>Comunicaciones Aeron\u00e1uticas es un manual que incluye todas las normas, procedimientos y t\u00e9cnicas necesarias para todo aquel que desee iniciarse en la fraseolog\u00eda aeron\u00e1utica.<\/p>\n","protected":false},"featured_media":38846,"comment_status":"open","ping_status":"closed","template":"","meta":[],"product_cat":[204],"product_tag":[],"class_list":{"0":"post-38703","1":"product","2":"type-product","3":"status-publish","4":"has-post-thumbnail","6":"product_cat-libros-manuales","8":"first","9":"instock","10":"taxable","11":"shipping-taxable","12":"purchasable","13":"product-type-simple"},"_links":{"self":[{"href":"https:\/\/pilot-shop.es\/es\/wp-json\/wp\/v2\/product\/38703","targetHints":{"allow":["GET"]}}],"collection":[{"href":"https:\/\/pilot-shop.es\/es\/wp-json\/wp\/v2\/product"}],"about":[{"href":"https:\/\/pilot-shop.es\/es\/wp-json\/wp\/v2\/types\/product"}],"replies":[{"embeddable":true,"href":"https:\/\/pilot-shop.es\/es\/wp-json\/wp\/v2\/comments?post=38703"}],"wp:featuredmedia":[{"embeddable":true,"href":"https:\/\/pilot-shop.es\/es\/wp-json\/wp\/v2\/media\/38846"}],"wp:attachment":[{"href":"https:\/\/pilot-shop.es\/es\/wp-json\/wp\/v2\/media?parent=38703"}],"wp:term":[{"taxonomy":"product_cat","embeddable":true,"href":"https:\/\/pilot-shop.es\/es\/wp-json\/wp\/v2\/product_cat?post=38703"},{"taxonomy":"product_tag","embeddable":true,"href":"https:\/\/pilot-shop.es\/es\/wp-json\/wp\/v2\/product_tag?post=38703"}],"curies":[{"name":"wp","href":"https:\/\/api.w.org\/{rel}","templated":true}]}}