{"id":38708,"date":"2021-07-13T10:53:08","date_gmt":"2021-07-13T08:53:08","guid":{"rendered":"https:\/\/pilot-shop.es\/?post_type=product&#038;p=38708"},"modified":"2024-10-20T20:51:29","modified_gmt":"2024-10-20T18:51:29","slug":"crp5-computer","status":"publish","type":"product","link":"https:\/\/pilot-shop.es\/es\/shop\/artilugios\/crp5-computer\/","title":{"rendered":"CRP5 &#8211; Computer"},"content":{"rendered":"<p>El CRP-5 est\u00e1 construido y dise\u00f1ado especialmente para el piloto profesional. Incluye todas las funciones requeridas para los ex\u00e1menes de piloto comercial y de l\u00ednea a\u00e9rea. Se pueden realizar c\u00e1lculos y conversiones de temperatura, tiempo, distancia, volumen, altitud, velocidad, masa, combustible, resistencia, multiplicaci\u00f3n y divisi\u00f3n, etc. Tiene letras de colores y escalas para facilitar su uso.<\/p>\n<p>Lado circular de la regla de c\u00e1lculo con cursor claro y duradero. Para c\u00e1lculo y conversi\u00f3n de temperatura, tiempo, distancia, volumen, altitud, altitud, velocidad, peso, combustible, resistencia, multiplicaci\u00f3n y divisi\u00f3n, regla 1 en 60, correcci\u00f3n de compresibilidad, etc.<\/p>\n<p>Las escalas de colores y las letras mejoran el rendimiento y la claridad.<\/p>\n<p>Lado triangular de viento que incorpora escala deslizante con un rango de velocidad de 40-1000 y escalas de medici\u00f3n en los bordes exteriores de 1:500.000 NM, 1:250.000 NM, pulgadas y mm. Disco giratorio transparente para trazar con l\u00e1piz.<\/p>\n<p>Para calcular el rumbo y la velocidad del viento, la velocidad del viento, la direcci\u00f3n y los componentes del viento cruzado, etc.<\/p>\n","protected":false},"excerpt":{"rendered":"<p>Es una calculadora de vuelo que est\u00e1 dise\u00f1ada especialmente para el piloto profesional, incluye todas las funciones necesarias para los ex\u00e1menes de piloto comercial y transporte a\u00e9reo.<\/p>\n","protected":false},"featured_media":38959,"comment_status":"open","ping_status":"closed","template":"","meta":[],"product_cat":[206],"product_tag":[],"class_list":{"0":"post-38708","1":"product","2":"type-product","3":"status-publish","4":"has-post-thumbnail","6":"product_cat-artilugios","8":"first","9":"outofstock","10":"taxable","11":"shipping-taxable","12":"purchasable","13":"product-type-simple"},"_links":{"self":[{"href":"https:\/\/pilot-shop.es\/es\/wp-json\/wp\/v2\/product\/38708","targetHints":{"allow":["GET"]}}],"collection":[{"href":"https:\/\/pilot-shop.es\/es\/wp-json\/wp\/v2\/product"}],"about":[{"href":"https:\/\/pilot-shop.es\/es\/wp-json\/wp\/v2\/types\/product"}],"replies":[{"embeddable":true,"href":"https:\/\/pilot-shop.es\/es\/wp-json\/wp\/v2\/comments?post=38708"}],"wp:featuredmedia":[{"embeddable":true,"href":"https:\/\/pilot-shop.es\/es\/wp-json\/wp\/v2\/media\/38959"}],"wp:attachment":[{"href":"https:\/\/pilot-shop.es\/es\/wp-json\/wp\/v2\/media?parent=38708"}],"wp:term":[{"taxonomy":"product_cat","embeddable":true,"href":"https:\/\/pilot-shop.es\/es\/wp-json\/wp\/v2\/product_cat?post=38708"},{"taxonomy":"product_tag","embeddable":true,"href":"https:\/\/pilot-shop.es\/es\/wp-json\/wp\/v2\/product_tag?post=38708"}],"curies":[{"name":"wp","href":"https:\/\/api.w.org\/{rel}","templated":true}]}}