{"id":38710,"date":"2021-07-13T10:53:08","date_gmt":"2021-07-13T08:53:08","guid":{"rendered":"https:\/\/pilot-shop.es\/?post_type=product&#038;p=38710"},"modified":"2024-01-17T07:56:58","modified_gmt":"2024-01-17T06:56:58","slug":"derecho-aereo-y-procedimientos-atc","status":"publish","type":"product","link":"https:\/\/pilot-shop.es\/es\/shop\/libros-manuales\/derecho-aereo-y-procedimientos-atc\/","title":{"rendered":"Derecho a\u00e9reo y Procedimientos ATC"},"content":{"rendered":"<p>A trav\u00e9s de multitud de cap\u00edtulos, se analiza el \u00e1mbito jur\u00eddico, tanto te\u00f3rico como pr\u00e1ctico, que rige nuestro entorno. Los convenios internacionales que nos afectan, las leyes estatales que nos controlan, las normas de tr\u00e1fico a\u00e9reo que marcan nuestro trabajo. Todos ellos establecen los par\u00e1metros que delimitan lo l\u00edcito de lo il\u00edcito, lo l\u00edcito de lo il\u00edcito, en definitiva, las premisas que deben regir nuestra huida de aquellas que lo restringen.<\/p>\n","protected":false},"excerpt":{"rendered":"<p>Este libro pretende proporcionar los conocimientos b\u00e1sicos que se esperan de cualquier persona que quiera hacer de la aviaci\u00f3n su vida profesional.<\/p>\n","protected":false},"featured_media":38845,"comment_status":"open","ping_status":"closed","template":"","meta":[],"product_cat":[204],"product_tag":[],"class_list":{"0":"post-38710","1":"product","2":"type-product","3":"status-publish","4":"has-post-thumbnail","6":"product_cat-libros-manuales","8":"first","9":"instock","10":"taxable","11":"shipping-taxable","12":"purchasable","13":"product-type-simple"},"_links":{"self":[{"href":"https:\/\/pilot-shop.es\/es\/wp-json\/wp\/v2\/product\/38710","targetHints":{"allow":["GET"]}}],"collection":[{"href":"https:\/\/pilot-shop.es\/es\/wp-json\/wp\/v2\/product"}],"about":[{"href":"https:\/\/pilot-shop.es\/es\/wp-json\/wp\/v2\/types\/product"}],"replies":[{"embeddable":true,"href":"https:\/\/pilot-shop.es\/es\/wp-json\/wp\/v2\/comments?post=38710"}],"wp:featuredmedia":[{"embeddable":true,"href":"https:\/\/pilot-shop.es\/es\/wp-json\/wp\/v2\/media\/38845"}],"wp:attachment":[{"href":"https:\/\/pilot-shop.es\/es\/wp-json\/wp\/v2\/media?parent=38710"}],"wp:term":[{"taxonomy":"product_cat","embeddable":true,"href":"https:\/\/pilot-shop.es\/es\/wp-json\/wp\/v2\/product_cat?post=38710"},{"taxonomy":"product_tag","embeddable":true,"href":"https:\/\/pilot-shop.es\/es\/wp-json\/wp\/v2\/product_tag?post=38710"}],"curies":[{"name":"wp","href":"https:\/\/api.w.org\/{rel}","templated":true}]}}