{"id":38711,"date":"2021-07-13T10:53:09","date_gmt":"2021-07-13T08:53:09","guid":{"rendered":"https:\/\/pilot-shop.es\/?post_type=product&#038;p=38711"},"modified":"2024-01-17T14:11:49","modified_gmt":"2024-01-17T13:11:49","slug":"diario-de-vuelo-del-piloto","status":"publish","type":"product","link":"https:\/\/pilot-shop.es\/es\/shop\/libros-manuales\/diario-de-vuelo-del-piloto\/","title":{"rendered":"Diario de Vuelo del Piloto"},"content":{"rendered":"<p>Medidas 22,5 x 17<\/p>\n<p>El diario de vuelo tiene como objetivo registrar todo el tiempo de vuelo realizado por el piloto remoto, independientemente del tipo de actividad. En el mismo tambi\u00e9n se se\u00f1alar\u00e1n los procesos de instrucci\u00f3n reglamentaria. Su contenido es confiable a los efectos de demostrar el cumplimiento de los requisitos reglamentarios de experiencia y formaci\u00f3n exigidos al piloto remoto.<\/p>\n","protected":false},"excerpt":{"rendered":"<p>Cuaderno de vuelo del piloto en su nuevo formato para drones, homologado por AESA.<\/p>\n","protected":false},"featured_media":38855,"comment_status":"open","ping_status":"closed","template":"","meta":[],"product_cat":[204],"product_tag":[],"class_list":{"0":"post-38711","1":"product","2":"type-product","3":"status-publish","4":"has-post-thumbnail","6":"product_cat-libros-manuales","8":"first","9":"instock","10":"taxable","11":"shipping-taxable","12":"purchasable","13":"product-type-simple"},"_links":{"self":[{"href":"https:\/\/pilot-shop.es\/es\/wp-json\/wp\/v2\/product\/38711","targetHints":{"allow":["GET"]}}],"collection":[{"href":"https:\/\/pilot-shop.es\/es\/wp-json\/wp\/v2\/product"}],"about":[{"href":"https:\/\/pilot-shop.es\/es\/wp-json\/wp\/v2\/types\/product"}],"replies":[{"embeddable":true,"href":"https:\/\/pilot-shop.es\/es\/wp-json\/wp\/v2\/comments?post=38711"}],"wp:featuredmedia":[{"embeddable":true,"href":"https:\/\/pilot-shop.es\/es\/wp-json\/wp\/v2\/media\/38855"}],"wp:attachment":[{"href":"https:\/\/pilot-shop.es\/es\/wp-json\/wp\/v2\/media?parent=38711"}],"wp:term":[{"taxonomy":"product_cat","embeddable":true,"href":"https:\/\/pilot-shop.es\/es\/wp-json\/wp\/v2\/product_cat?post=38711"},{"taxonomy":"product_tag","embeddable":true,"href":"https:\/\/pilot-shop.es\/es\/wp-json\/wp\/v2\/product_tag?post=38711"}],"curies":[{"name":"wp","href":"https:\/\/api.w.org\/{rel}","templated":true}]}}