{"id":38712,"date":"2021-07-13T10:53:09","date_gmt":"2021-07-13T08:53:09","guid":{"rendered":"https:\/\/pilot-shop.es\/?post_type=product&#038;p=38712"},"modified":"2024-01-17T14:18:56","modified_gmt":"2024-01-17T13:18:56","slug":"diario-de-vuelo-del-piloto-jepessen","status":"publish","type":"product","link":"https:\/\/pilot-shop.es\/es\/shop\/libros-manuales\/diario-de-vuelo-del-piloto-jepessen\/","title":{"rendered":"Diario de Vuelo del Piloto &#8211; Jepessen"},"content":{"rendered":"<p>Sin embargo, para las compa\u00f1\u00edas a\u00e9reas se recomienda utilizar un modelo m\u00e1s profesional, como el cuaderno de bit\u00e1cora Jeppesen o ASA.<\/p>\n<p>Medidas: 22,5 cm x 17 cm<\/p>\n","protected":false},"excerpt":{"rendered":"<p>Cuaderno de Vuelo dele Piloto en tapa blanda v\u00e1lido para cualquier modalidad, edici\u00f3n Ministerio de Fomento.<\/p>\n","protected":false},"featured_media":39689,"comment_status":"open","ping_status":"closed","template":"","meta":[],"product_cat":[204],"product_tag":[],"class_list":{"0":"post-38712","1":"product","2":"type-product","3":"status-publish","4":"has-post-thumbnail","6":"product_cat-libros-manuales","8":"first","9":"instock","10":"taxable","11":"shipping-taxable","12":"purchasable","13":"product-type-simple"},"_links":{"self":[{"href":"https:\/\/pilot-shop.es\/es\/wp-json\/wp\/v2\/product\/38712","targetHints":{"allow":["GET"]}}],"collection":[{"href":"https:\/\/pilot-shop.es\/es\/wp-json\/wp\/v2\/product"}],"about":[{"href":"https:\/\/pilot-shop.es\/es\/wp-json\/wp\/v2\/types\/product"}],"replies":[{"embeddable":true,"href":"https:\/\/pilot-shop.es\/es\/wp-json\/wp\/v2\/comments?post=38712"}],"wp:featuredmedia":[{"embeddable":true,"href":"https:\/\/pilot-shop.es\/es\/wp-json\/wp\/v2\/media\/39689"}],"wp:attachment":[{"href":"https:\/\/pilot-shop.es\/es\/wp-json\/wp\/v2\/media?parent=38712"}],"wp:term":[{"taxonomy":"product_cat","embeddable":true,"href":"https:\/\/pilot-shop.es\/es\/wp-json\/wp\/v2\/product_cat?post=38712"},{"taxonomy":"product_tag","embeddable":true,"href":"https:\/\/pilot-shop.es\/es\/wp-json\/wp\/v2\/product_tag?post=38712"}],"curies":[{"name":"wp","href":"https:\/\/api.w.org\/{rel}","templated":true}]}}