{"id":38713,"date":"2021-07-13T10:53:09","date_gmt":"2021-07-13T08:53:09","guid":{"rendered":"https:\/\/pilot-shop.es\/?post_type=product&#038;p=38713"},"modified":"2024-01-17T19:48:09","modified_gmt":"2024-01-17T18:48:09","slug":"short-fuel-tester-asa","status":"publish","type":"product","link":"https:\/\/pilot-shop.es\/es\/shop\/artilugios\/short-fuel-tester-asa\/","title":{"rendered":"Probador de combustible corto ASA"},"content":{"rendered":"<p>Prot\u00e9jase de la contaminaci\u00f3n del combustible comprobando visualmente que no haya agua ni residuos. La exclusiva sonda a presi\u00f3n se adapta a todas las v\u00e1lvulas de drenaje r\u00e1pido, se almacena de forma compacta y reduce los derrames, las p\u00e9rdidas y las roturas de la sonda. El cilindro transparente de 4&#8243; (10,16 cm) tiene el c\u00f3digo de colores de octanaje moldeado en el costado para una referencia r\u00e1pida. Tambi\u00e9n incluye una hoja de destornillador cromada con cabeza Phillips y ranurada.<\/p>\n","protected":false},"excerpt":{"rendered":"<p>La sonda de presi\u00f3n \u00fanica se adapta a todas las v\u00e1lvulas de drenaje r\u00e1pido, se almacena de forma compacta y reduce los derrames.<\/p>\n","protected":false},"featured_media":38831,"comment_status":"open","ping_status":"closed","template":"","meta":[],"product_cat":[206],"product_tag":[],"class_list":{"0":"post-38713","1":"product","2":"type-product","3":"status-publish","4":"has-post-thumbnail","6":"product_cat-artilugios","8":"first","9":"instock","10":"taxable","11":"shipping-taxable","12":"purchasable","13":"product-type-simple"},"_links":{"self":[{"href":"https:\/\/pilot-shop.es\/es\/wp-json\/wp\/v2\/product\/38713","targetHints":{"allow":["GET"]}}],"collection":[{"href":"https:\/\/pilot-shop.es\/es\/wp-json\/wp\/v2\/product"}],"about":[{"href":"https:\/\/pilot-shop.es\/es\/wp-json\/wp\/v2\/types\/product"}],"replies":[{"embeddable":true,"href":"https:\/\/pilot-shop.es\/es\/wp-json\/wp\/v2\/comments?post=38713"}],"wp:featuredmedia":[{"embeddable":true,"href":"https:\/\/pilot-shop.es\/es\/wp-json\/wp\/v2\/media\/38831"}],"wp:attachment":[{"href":"https:\/\/pilot-shop.es\/es\/wp-json\/wp\/v2\/media?parent=38713"}],"wp:term":[{"taxonomy":"product_cat","embeddable":true,"href":"https:\/\/pilot-shop.es\/es\/wp-json\/wp\/v2\/product_cat?post=38713"},{"taxonomy":"product_tag","embeddable":true,"href":"https:\/\/pilot-shop.es\/es\/wp-json\/wp\/v2\/product_tag?post=38713"}],"curies":[{"name":"wp","href":"https:\/\/api.w.org\/{rel}","templated":true}]}}