{"id":38723,"date":"2021-07-13T10:53:34","date_gmt":"2021-07-13T08:53:34","guid":{"rendered":"https:\/\/pilot-shop.es\/?post_type=product&#038;p=38723"},"modified":"2025-12-30T22:13:04","modified_gmt":"2025-12-30T21:13:04","slug":"manual-basico-de-helicopteros","status":"publish","type":"product","link":"https:\/\/pilot-shop.es\/es\/shop\/libros-manuales\/manual-basico-de-helicopteros\/","title":{"rendered":"Manual B\u00e1sico de Helic\u00f3pteros"},"content":{"rendered":"<p>Con esta publicaci\u00f3n esperamos haber proporcionado al futuro piloto de helic\u00f3ptero una labor altamente pr\u00e1ctica, directamente enfocada al desarrollo de los temas esenciales, no s\u00f3lo sobre las caracter\u00edsticas, controles, funciones y operaciones del helic\u00f3ptero, sino tambi\u00e9n como un manual t\u00e9cnico imprescindible para quienes candidatos que se preparan para obtener certificados de piloto privado, piloto comercial o instructor con habilitaciones de helic\u00f3pteros.<\/p>\n<p>Su contenido es una valiosa ayuda para el aprendizaje y la ense\u00f1anza de la aerodin\u00e1mica, las operaciones y las maniobras de vuelo de los helic\u00f3pteros.<\/p>\n","protected":false},"excerpt":{"rendered":"<p>El trabajo est\u00e1 alineado con los temas requeridos en el plan de estudios y la preparaci\u00f3n del futuro piloto.<\/p>\n","protected":false},"featured_media":38848,"comment_status":"open","ping_status":"closed","template":"","meta":[],"product_cat":[204],"product_tag":[],"class_list":{"0":"post-38723","1":"product","2":"type-product","3":"status-publish","4":"has-post-thumbnail","6":"product_cat-libros-manuales","8":"first","9":"outofstock","10":"taxable","11":"shipping-taxable","12":"purchasable","13":"product-type-simple"},"_links":{"self":[{"href":"https:\/\/pilot-shop.es\/es\/wp-json\/wp\/v2\/product\/38723","targetHints":{"allow":["GET"]}}],"collection":[{"href":"https:\/\/pilot-shop.es\/es\/wp-json\/wp\/v2\/product"}],"about":[{"href":"https:\/\/pilot-shop.es\/es\/wp-json\/wp\/v2\/types\/product"}],"replies":[{"embeddable":true,"href":"https:\/\/pilot-shop.es\/es\/wp-json\/wp\/v2\/comments?post=38723"}],"wp:featuredmedia":[{"embeddable":true,"href":"https:\/\/pilot-shop.es\/es\/wp-json\/wp\/v2\/media\/38848"}],"wp:attachment":[{"href":"https:\/\/pilot-shop.es\/es\/wp-json\/wp\/v2\/media?parent=38723"}],"wp:term":[{"taxonomy":"product_cat","embeddable":true,"href":"https:\/\/pilot-shop.es\/es\/wp-json\/wp\/v2\/product_cat?post=38723"},{"taxonomy":"product_tag","embeddable":true,"href":"https:\/\/pilot-shop.es\/es\/wp-json\/wp\/v2\/product_tag?post=38723"}],"curies":[{"name":"wp","href":"https:\/\/api.w.org\/{rel}","templated":true}]}}