{"id":38724,"date":"2021-07-13T10:53:34","date_gmt":"2021-07-13T08:53:34","guid":{"rendered":"https:\/\/pilot-shop.es\/?post_type=product&#038;p=38724"},"modified":"2024-01-17T08:07:12","modified_gmt":"2024-01-17T07:07:12","slug":"manual-del-piloto-de-ultraligero","status":"publish","type":"product","link":"https:\/\/pilot-shop.es\/es\/shop\/libros-manuales\/manual-del-piloto-de-ultraligero\/","title":{"rendered":"Manual del Piloto de Ultraligero"},"content":{"rendered":"<p>Aerodin\u00e1mica. Componentes del ultraligero. T\u00e9cnica de vuelo. Meteorolog\u00eda. Reglamento para ultraligeros. Reglas generales del aire. Se\u00f1ales. Alfabeto de telecomunicaciones aeron\u00e1uticas Unidades de medida utilizadas en aviaci\u00f3n Definiciones. Cuestionario. Soluciones<\/p>\n","protected":false},"excerpt":{"rendered":"<p>El objetivo principal de este trabajo es dotar al futuro piloto de ultraligeros de una base s\u00f3lida, al m\u00e1s alto nivel, de conocimiento y dominio de los controles, funciones y comportamiento en vuelo de los ultraligeros, y de todo lo que contribuya a una buena formaci\u00f3n de estos. pilotos.<\/p>\n","protected":false},"featured_media":38849,"comment_status":"open","ping_status":"closed","template":"","meta":[],"product_cat":[204],"product_tag":[],"class_list":{"0":"post-38724","1":"product","2":"type-product","3":"status-publish","4":"has-post-thumbnail","6":"product_cat-libros-manuales","8":"first","9":"instock","10":"taxable","11":"shipping-taxable","12":"purchasable","13":"product-type-simple"},"_links":{"self":[{"href":"https:\/\/pilot-shop.es\/es\/wp-json\/wp\/v2\/product\/38724","targetHints":{"allow":["GET"]}}],"collection":[{"href":"https:\/\/pilot-shop.es\/es\/wp-json\/wp\/v2\/product"}],"about":[{"href":"https:\/\/pilot-shop.es\/es\/wp-json\/wp\/v2\/types\/product"}],"replies":[{"embeddable":true,"href":"https:\/\/pilot-shop.es\/es\/wp-json\/wp\/v2\/comments?post=38724"}],"wp:featuredmedia":[{"embeddable":true,"href":"https:\/\/pilot-shop.es\/es\/wp-json\/wp\/v2\/media\/38849"}],"wp:attachment":[{"href":"https:\/\/pilot-shop.es\/es\/wp-json\/wp\/v2\/media?parent=38724"}],"wp:term":[{"taxonomy":"product_cat","embeddable":true,"href":"https:\/\/pilot-shop.es\/es\/wp-json\/wp\/v2\/product_cat?post=38724"},{"taxonomy":"product_tag","embeddable":true,"href":"https:\/\/pilot-shop.es\/es\/wp-json\/wp\/v2\/product_tag?post=38724"}],"curies":[{"name":"wp","href":"https:\/\/api.w.org\/{rel}","templated":true}]}}