{"id":38725,"date":"2021-07-13T10:53:34","date_gmt":"2021-07-13T08:53:34","guid":{"rendered":"https:\/\/pilot-shop.es\/?post_type=product&#038;p=38725"},"modified":"2025-04-29T17:30:01","modified_gmt":"2025-04-29T15:30:01","slug":"mapa-cartografico-de-catalunya","status":"publish","type":"product","link":"https:\/\/pilot-shop.es\/es\/shop\/libros-manuales\/mapa-cartografico-de-catalunya\/","title":{"rendered":"Mapa Cartogr\u00e1fico de Catalu\u00f1a"},"content":{"rendered":"<p>Los contornos a intervalos de 100 my de sombreado del relieve se complementan con nombres de cadenas monta\u00f1osas, picos y pasos, parques nacionales y \u00e1reas protegidas, adem\u00e1s de colores para indicar diferentes tipos de vegetaci\u00f3n.<\/p>\n<p>La red de carreteras est\u00e1 finamente graduada en diferentes colores, pero no muestra las distancias recorridas. Se ha perfeccionado el mapeo de la edici\u00f3n actual y se ha aclarado el color de fondo general para que las carreteras secundarias en las zonas monta\u00f1osas de la regi\u00f3n ahora sean claramente visibles. La grilla UTM tiene intervalos de 25 km, con marcas de margen a los 5 km.<\/p>\n<p>La leyenda se presenta como un extracto del mapa con 70 elementos diferentes: carreteras y ferrocarriles, l\u00edmites administrativos, informaci\u00f3n topogr\u00e1fica, etc., numerados y luego enumerados con explicaciones \u00fanicamente en catal\u00e1n. El mapa no tiene \u00edndice.<\/p>\n<p>Una ampliaci\u00f3n muestra con mayor detalle el entorno de Barcelona. Toda la informaci\u00f3n topogr\u00e1fica y de carreteras se extiende a Francia y Andorra, para presentar una buena visi\u00f3n general de la parte oriental de los Pirineos. Tambi\u00e9n se incluye un peque\u00f1o mapa que muestra la divisi\u00f3n administrativa de Catalu\u00f1a.<\/p>\n","protected":false},"excerpt":{"rendered":"<p>Catalu\u00f1a en una hoja de ruta grande y muy detallada de la organizaci\u00f3n catalana de encuestas, con una excelente presentaci\u00f3n de la topograf\u00eda de la regi\u00f3n, adem\u00e1s de una ampliaci\u00f3n de 1: 125.000 para el \u00e1rea alrededor de Barcelona.<\/p>\n","protected":false},"featured_media":39052,"comment_status":"open","ping_status":"closed","template":"","meta":[],"product_cat":[204],"product_tag":[],"class_list":{"0":"post-38725","1":"product","2":"type-product","3":"status-publish","4":"has-post-thumbnail","6":"product_cat-libros-manuales","8":"first","9":"instock","10":"taxable","11":"shipping-taxable","12":"purchasable","13":"product-type-simple"},"_links":{"self":[{"href":"https:\/\/pilot-shop.es\/es\/wp-json\/wp\/v2\/product\/38725","targetHints":{"allow":["GET"]}}],"collection":[{"href":"https:\/\/pilot-shop.es\/es\/wp-json\/wp\/v2\/product"}],"about":[{"href":"https:\/\/pilot-shop.es\/es\/wp-json\/wp\/v2\/types\/product"}],"replies":[{"embeddable":true,"href":"https:\/\/pilot-shop.es\/es\/wp-json\/wp\/v2\/comments?post=38725"}],"wp:featuredmedia":[{"embeddable":true,"href":"https:\/\/pilot-shop.es\/es\/wp-json\/wp\/v2\/media\/39052"}],"wp:attachment":[{"href":"https:\/\/pilot-shop.es\/es\/wp-json\/wp\/v2\/media?parent=38725"}],"wp:term":[{"taxonomy":"product_cat","embeddable":true,"href":"https:\/\/pilot-shop.es\/es\/wp-json\/wp\/v2\/product_cat?post=38725"},{"taxonomy":"product_tag","embeddable":true,"href":"https:\/\/pilot-shop.es\/es\/wp-json\/wp\/v2\/product_tag?post=38725"}],"curies":[{"name":"wp","href":"https:\/\/api.w.org\/{rel}","templated":true}]}}