{"id":38729,"date":"2021-07-13T10:53:35","date_gmt":"2021-07-13T08:53:35","guid":{"rendered":"https:\/\/pilot-shop.es\/?post_type=product&#038;p=38729"},"modified":"2024-01-17T08:18:05","modified_gmt":"2024-01-17T07:18:05","slug":"medicina-aeronautica-aeromadrid","status":"publish","type":"product","link":"https:\/\/pilot-shop.es\/es\/shop\/libros-manuales\/medicina-aeronautica-aeromadrid\/","title":{"rendered":"Medicina Aeron\u00e1utica &#8211; Aeromadrid"},"content":{"rendered":"<p>Escrito por profesionales de la medicina aeron\u00e1utica y declarado de inter\u00e9s por la Sociedad Espa\u00f1ola de Medicina Aeroespacial (S.E.M.A.), est\u00e1 dirigido al piloto y, en particular, al piloto en formaci\u00f3n.<\/p>\n","protected":false},"excerpt":{"rendered":"<p>Este libro ayudar\u00e1 a comprender las alteraciones que pueden aparecer en el ser humano cuando se ve sometido a las condiciones de un entorno que le es ajeno.<\/p>\n","protected":false},"featured_media":38847,"comment_status":"open","ping_status":"closed","template":"","meta":[],"product_cat":[204],"product_tag":[],"class_list":{"0":"post-38729","1":"product","2":"type-product","3":"status-publish","4":"has-post-thumbnail","6":"product_cat-libros-manuales","8":"first","9":"instock","10":"taxable","11":"shipping-taxable","12":"purchasable","13":"product-type-simple"},"_links":{"self":[{"href":"https:\/\/pilot-shop.es\/es\/wp-json\/wp\/v2\/product\/38729","targetHints":{"allow":["GET"]}}],"collection":[{"href":"https:\/\/pilot-shop.es\/es\/wp-json\/wp\/v2\/product"}],"about":[{"href":"https:\/\/pilot-shop.es\/es\/wp-json\/wp\/v2\/types\/product"}],"replies":[{"embeddable":true,"href":"https:\/\/pilot-shop.es\/es\/wp-json\/wp\/v2\/comments?post=38729"}],"wp:featuredmedia":[{"embeddable":true,"href":"https:\/\/pilot-shop.es\/es\/wp-json\/wp\/v2\/media\/38847"}],"wp:attachment":[{"href":"https:\/\/pilot-shop.es\/es\/wp-json\/wp\/v2\/media?parent=38729"}],"wp:term":[{"taxonomy":"product_cat","embeddable":true,"href":"https:\/\/pilot-shop.es\/es\/wp-json\/wp\/v2\/product_cat?post=38729"},{"taxonomy":"product_tag","embeddable":true,"href":"https:\/\/pilot-shop.es\/es\/wp-json\/wp\/v2\/product_tag?post=38729"}],"curies":[{"name":"wp","href":"https:\/\/api.w.org\/{rel}","templated":true}]}}