{"id":38730,"date":"2021-07-13T10:53:36","date_gmt":"2021-07-13T08:53:36","guid":{"rendered":"https:\/\/pilot-shop.es\/?post_type=product&#038;p=38730"},"modified":"2024-11-04T17:38:40","modified_gmt":"2024-11-04T16:38:40","slug":"meteorologia-ppl","status":"publish","type":"product","link":"https:\/\/pilot-shop.es\/es\/shop\/libros-manuales\/meteorologia-ppl\/","title":{"rendered":"Meteorolog\u00eda &#8211; PPL"},"content":{"rendered":"<p>Los requisitos para el examen de conocimientos te\u00f3ricos est\u00e1n contenidos en un programa de estudios que comprende nueve temas: Derecho A\u00e9reo, Conocimiento General de Aeronaves, Performance y Planificaci\u00f3n de Vuelo, Factores Humanos, Meteorolog\u00eda, Navegaci\u00f3n, Procedimientos Operativos, Principios de Vuelo y Comunicaciones.<\/p>\n<p>El autor, con m\u00e1s de 30 a\u00f1os de experiencia en formaci\u00f3n te\u00f3rica y en vuelo, desarrolla \u00edntegramente el temario oficial JAR para la licencia de piloto privado en METEOROLOG\u00cdA e incluye tambi\u00e9n todos aquellos comentarios o dudas que, a su juicio, puedan ayudar a garantizar que el objetivo fundamental no se desplace del aprendizaje oportuno a la simple superaci\u00f3n de una prueba.<\/p>\n","protected":false},"excerpt":{"rendered":"<p>El solicitante de una Licencia de Piloto Privado (PPL) deber\u00e1 demostrar un nivel de conocimientos te\u00f3ricos adecuado a las atribuciones otorgadas al titular de esa licencia (JAR-FCL).<\/p>\n","protected":false},"featured_media":39053,"comment_status":"open","ping_status":"closed","template":"","meta":[],"product_cat":[204],"product_tag":[],"class_list":{"0":"post-38730","1":"product","2":"type-product","3":"status-publish","4":"has-post-thumbnail","6":"product_cat-libros-manuales","8":"first","9":"outofstock","10":"taxable","11":"shipping-taxable","12":"purchasable","13":"product-type-simple"},"_links":{"self":[{"href":"https:\/\/pilot-shop.es\/es\/wp-json\/wp\/v2\/product\/38730","targetHints":{"allow":["GET"]}}],"collection":[{"href":"https:\/\/pilot-shop.es\/es\/wp-json\/wp\/v2\/product"}],"about":[{"href":"https:\/\/pilot-shop.es\/es\/wp-json\/wp\/v2\/types\/product"}],"replies":[{"embeddable":true,"href":"https:\/\/pilot-shop.es\/es\/wp-json\/wp\/v2\/comments?post=38730"}],"wp:featuredmedia":[{"embeddable":true,"href":"https:\/\/pilot-shop.es\/es\/wp-json\/wp\/v2\/media\/39053"}],"wp:attachment":[{"href":"https:\/\/pilot-shop.es\/es\/wp-json\/wp\/v2\/media?parent=38730"}],"wp:term":[{"taxonomy":"product_cat","embeddable":true,"href":"https:\/\/pilot-shop.es\/es\/wp-json\/wp\/v2\/product_cat?post=38730"},{"taxonomy":"product_tag","embeddable":true,"href":"https:\/\/pilot-shop.es\/es\/wp-json\/wp\/v2\/product_tag?post=38730"}],"curies":[{"name":"wp","href":"https:\/\/api.w.org\/{rel}","templated":true}]}}