{"id":38733,"date":"2021-07-13T10:53:36","date_gmt":"2021-07-13T08:53:36","guid":{"rendered":"https:\/\/pilot-shop.es\/?post_type=product&#038;p=38733"},"modified":"2024-01-16T14:51:46","modified_gmt":"2024-01-16T13:51:46","slug":"oxford-jaa-atpl-navigation-general","status":"publish","type":"product","link":"https:\/\/pilot-shop.es\/es\/shop\/libros-manuales\/oxford-jaa-atpl-navigation-general\/","title":{"rendered":"Serie de entrenamiento en tierra ATPL \u00abNavegaci\u00f3n I\u00bb"},"content":{"rendered":"<p>Cubre todos los aspectos de la navegaci\u00f3n a\u00e9rea cl\u00e1sica, desde la navegaci\u00f3n b\u00e1sica hasta el trazado avanzado. Los numerosos diagramas y mapas coloreados ayudar\u00e1n al futuro piloto profesional a dominar esta apasionante materia que muchos estudiantes, en el pasado, consideraban el mayor obst\u00e1culo para aprobar los ex\u00e1menes te\u00f3ricos de ATPL.<\/p>\n","protected":false},"excerpt":{"rendered":"<p>Este libro, el n\u00famero 10 de una serie de 14, titulado Navegaci\u00f3n Parte 1 &#8211; Navegaci\u00f3n general, cubre el programa de estudios JAA\/EASA ATPL y los objetivos de aprendizaje para esta materia y tambi\u00e9n incluye ejemplos de repaso y preguntas y respuestas de ex\u00e1menes.<\/p>\n","protected":false},"featured_media":38856,"comment_status":"open","ping_status":"closed","template":"","meta":[],"product_cat":[204],"product_tag":[],"class_list":{"0":"post-38733","1":"product","2":"type-product","3":"status-publish","4":"has-post-thumbnail","6":"product_cat-libros-manuales","8":"first","9":"instock","10":"taxable","11":"shipping-taxable","12":"purchasable","13":"product-type-simple"},"_links":{"self":[{"href":"https:\/\/pilot-shop.es\/es\/wp-json\/wp\/v2\/product\/38733","targetHints":{"allow":["GET"]}}],"collection":[{"href":"https:\/\/pilot-shop.es\/es\/wp-json\/wp\/v2\/product"}],"about":[{"href":"https:\/\/pilot-shop.es\/es\/wp-json\/wp\/v2\/types\/product"}],"replies":[{"embeddable":true,"href":"https:\/\/pilot-shop.es\/es\/wp-json\/wp\/v2\/comments?post=38733"}],"wp:featuredmedia":[{"embeddable":true,"href":"https:\/\/pilot-shop.es\/es\/wp-json\/wp\/v2\/media\/38856"}],"wp:attachment":[{"href":"https:\/\/pilot-shop.es\/es\/wp-json\/wp\/v2\/media?parent=38733"}],"wp:term":[{"taxonomy":"product_cat","embeddable":true,"href":"https:\/\/pilot-shop.es\/es\/wp-json\/wp\/v2\/product_cat?post=38733"},{"taxonomy":"product_tag","embeddable":true,"href":"https:\/\/pilot-shop.es\/es\/wp-json\/wp\/v2\/product_tag?post=38733"}],"curies":[{"name":"wp","href":"https:\/\/api.w.org\/{rel}","templated":true}]}}