{"id":38737,"date":"2021-07-13T10:53:37","date_gmt":"2021-07-13T08:53:37","guid":{"rendered":"https:\/\/pilot-shop.es\/?post_type=product&#038;p=38737"},"modified":"2024-01-17T18:46:56","modified_gmt":"2024-01-17T17:46:56","slug":"rodillera-con-funda","status":"publish","type":"product","link":"https:\/\/pilot-shop.es\/es\/shop\/artilugios\/rodillera-con-funda\/","title":{"rendered":"Rodillera con funda"},"content":{"rendered":"<p>El panel izquierdo tiene un amplio espacio para libros peque\u00f1os, documentos y otros elementos que no caben en ning\u00fan otro lugar. El panel central dispone de una placa met\u00e1lica bajo una l\u00e1mina de pl\u00e1stico transparente, con informaci\u00f3n pr\u00e1ctica para vuelo IFR, como leyenda del plan de vuelo, c\u00f3digos de equipos especiales, lista de verificaci\u00f3n IFR, tabla de entrada al circuito as\u00ed como datos de visibilidad para vuelo VFR, verificaci\u00f3n VOR, etc. El panel derecho contiene un bolsillo transparente para una f\u00e1cil visualizaci\u00f3n del mapa. El piern\u00f3grafo se ajusta perfectamente a la pierna mediante una correa el\u00e1stica con velcro.<\/p>\n","protected":false},"excerpt":{"rendered":"<p>Esta rodillera es muy pr\u00e1ctica para organizar sus art\u00edculos esenciales durante el vuelo.<\/p>\n","protected":false},"featured_media":38835,"comment_status":"open","ping_status":"closed","template":"","meta":[],"product_cat":[206],"product_tag":[],"class_list":{"0":"post-38737","1":"product","2":"type-product","3":"status-publish","4":"has-post-thumbnail","6":"product_cat-artilugios","8":"first","9":"instock","10":"taxable","11":"shipping-taxable","12":"purchasable","13":"product-type-simple"},"_links":{"self":[{"href":"https:\/\/pilot-shop.es\/es\/wp-json\/wp\/v2\/product\/38737","targetHints":{"allow":["GET"]}}],"collection":[{"href":"https:\/\/pilot-shop.es\/es\/wp-json\/wp\/v2\/product"}],"about":[{"href":"https:\/\/pilot-shop.es\/es\/wp-json\/wp\/v2\/types\/product"}],"replies":[{"embeddable":true,"href":"https:\/\/pilot-shop.es\/es\/wp-json\/wp\/v2\/comments?post=38737"}],"wp:featuredmedia":[{"embeddable":true,"href":"https:\/\/pilot-shop.es\/es\/wp-json\/wp\/v2\/media\/38835"}],"wp:attachment":[{"href":"https:\/\/pilot-shop.es\/es\/wp-json\/wp\/v2\/media?parent=38737"}],"wp:term":[{"taxonomy":"product_cat","embeddable":true,"href":"https:\/\/pilot-shop.es\/es\/wp-json\/wp\/v2\/product_cat?post=38737"},{"taxonomy":"product_tag","embeddable":true,"href":"https:\/\/pilot-shop.es\/es\/wp-json\/wp\/v2\/product_tag?post=38737"}],"curies":[{"name":"wp","href":"https:\/\/api.w.org\/{rel}","templated":true}]}}