{"id":38738,"date":"2021-07-13T10:53:38","date_gmt":"2021-07-13T08:53:38","guid":{"rendered":"https:\/\/pilot-shop.es\/?post_type=product&#038;p=38738"},"modified":"2024-01-17T18:52:48","modified_gmt":"2024-01-17T17:52:48","slug":"rodillera-sin-funda","status":"publish","type":"product","link":"https:\/\/pilot-shop.es\/es\/shop\/artilugios\/rodillera-sin-funda\/","title":{"rendered":"Rodillera sin funda"},"content":{"rendered":"<p>La rodillera VFR de aluminio cepillado es una excelente manera de organizar los datos de vuelo, ya que proporciona una superficie resistente para tomar notas a bordo y acceder r\u00e1pidamente a informaci\u00f3n VFR importante en forma de p\u00f3ster permanente. Esta nueva versi\u00f3n tiene informaci\u00f3n actualizada para reflejar las necesidades de la cabina moderna, incluido el techo VFR, la visibilidad y la distancia de nubes, las altitudes de crucero VFR, las frecuencias de comunicaci\u00f3n, la secuencia del informe meteorol\u00f3gico del piloto, la clave de se\u00f1ales del arma ligera y una tabla de componentes de viento cruzado.<\/p>\n<p>Las caracter\u00edsticas incluyen: C\u00f3moda banda el\u00e1stica de 1,4 pulgadas de ancho que abraza la pierna sin atar. Los cierres de velcro se ajustan sin quitar la rodilla. Bol\u00edgrafo y soporte para bol\u00edgrafo dentro de la correa para tomar notas r\u00e1pidamente. El clip met\u00e1lico de 4,3&#8243; de ancho es f\u00e1cil de levantar y lo suficientemente fuerte como para sostener gr\u00e1ficos y otros papeles necesarios.<\/p>\n","protected":false},"excerpt":{"rendered":"<p>Este piern\u00f3grafo de aluminio duradero es una excelente manera de organizar la informaci\u00f3n de su vuelo, ya que proporciona una superficie r\u00edgida para tomar notas durante el vuelo, as\u00ed como para acceder r\u00e1pidamente a informaci\u00f3n VFR importante en forma de un cartel permanente.<\/p>\n","protected":false},"featured_media":39054,"comment_status":"open","ping_status":"closed","template":"","meta":[],"product_cat":[206],"product_tag":[],"class_list":{"0":"post-38738","1":"product","2":"type-product","3":"status-publish","4":"has-post-thumbnail","6":"product_cat-artilugios","8":"first","9":"instock","10":"taxable","11":"shipping-taxable","12":"purchasable","13":"product-type-simple"},"_links":{"self":[{"href":"https:\/\/pilot-shop.es\/es\/wp-json\/wp\/v2\/product\/38738","targetHints":{"allow":["GET"]}}],"collection":[{"href":"https:\/\/pilot-shop.es\/es\/wp-json\/wp\/v2\/product"}],"about":[{"href":"https:\/\/pilot-shop.es\/es\/wp-json\/wp\/v2\/types\/product"}],"replies":[{"embeddable":true,"href":"https:\/\/pilot-shop.es\/es\/wp-json\/wp\/v2\/comments?post=38738"}],"wp:featuredmedia":[{"embeddable":true,"href":"https:\/\/pilot-shop.es\/es\/wp-json\/wp\/v2\/media\/39054"}],"wp:attachment":[{"href":"https:\/\/pilot-shop.es\/es\/wp-json\/wp\/v2\/media?parent=38738"}],"wp:term":[{"taxonomy":"product_cat","embeddable":true,"href":"https:\/\/pilot-shop.es\/es\/wp-json\/wp\/v2\/product_cat?post=38738"},{"taxonomy":"product_tag","embeddable":true,"href":"https:\/\/pilot-shop.es\/es\/wp-json\/wp\/v2\/product_tag?post=38738"}],"curies":[{"name":"wp","href":"https:\/\/api.w.org\/{rel}","templated":true}]}}