{"id":38746,"date":"2021-07-13T10:54:06","date_gmt":"2021-07-13T08:54:06","guid":{"rendered":"https:\/\/pilot-shop.es\/?post_type=product&#038;p=38746"},"modified":"2024-01-19T15:47:37","modified_gmt":"2024-01-19T14:47:37","slug":"unisex-polo-volta-aeria","status":"publish","type":"product","link":"https:\/\/pilot-shop.es\/es\/shop\/ropa-piloto\/unisex-polo-volta-aeria\/","title":{"rendered":"Polo Unisex \u00abVolta A\u00e8ria\u00bb"},"content":{"rendered":"","protected":false},"excerpt":{"rendered":"<p>Polo unisex edici\u00f3n especial por los 60 a\u00f1os de aniversarios de L&#8217;Aeroclub con un dise\u00f1o moderno disponible en varios colores, confeccionado en tejido suave y duradero, con un acabado de alta calidad y logo bordado, apto para uso casual o deportivo.<\/p>\n","protected":false},"featured_media":39004,"comment_status":"open","ping_status":"closed","template":"","meta":[],"product_cat":[203],"product_tag":[],"class_list":{"0":"post-38746","1":"product","2":"type-product","3":"status-publish","4":"has-post-thumbnail","6":"product_cat-ropa-piloto","8":"first","9":"instock","10":"taxable","11":"shipping-taxable","12":"purchasable","13":"product-type-variable"},"_links":{"self":[{"href":"https:\/\/pilot-shop.es\/es\/wp-json\/wp\/v2\/product\/38746","targetHints":{"allow":["GET"]}}],"collection":[{"href":"https:\/\/pilot-shop.es\/es\/wp-json\/wp\/v2\/product"}],"about":[{"href":"https:\/\/pilot-shop.es\/es\/wp-json\/wp\/v2\/types\/product"}],"replies":[{"embeddable":true,"href":"https:\/\/pilot-shop.es\/es\/wp-json\/wp\/v2\/comments?post=38746"}],"wp:featuredmedia":[{"embeddable":true,"href":"https:\/\/pilot-shop.es\/es\/wp-json\/wp\/v2\/media\/39004"}],"wp:attachment":[{"href":"https:\/\/pilot-shop.es\/es\/wp-json\/wp\/v2\/media?parent=38746"}],"wp:term":[{"taxonomy":"product_cat","embeddable":true,"href":"https:\/\/pilot-shop.es\/es\/wp-json\/wp\/v2\/product_cat?post=38746"},{"taxonomy":"product_tag","embeddable":true,"href":"https:\/\/pilot-shop.es\/es\/wp-json\/wp\/v2\/product_tag?post=38746"}],"curies":[{"name":"wp","href":"https:\/\/api.w.org\/{rel}","templated":true}]}}