{"id":38748,"date":"2021-07-13T10:54:06","date_gmt":"2021-07-13T08:54:06","guid":{"rendered":"https:\/\/pilot-shop.es\/?post_type=product&#038;p=38748"},"modified":"2024-01-17T14:23:11","modified_gmt":"2024-01-17T13:23:11","slug":"vytautas-lapenas","status":"publish","type":"product","link":"https:\/\/pilot-shop.es\/es\/shop\/libros-manuales\/vytautas-lapenas\/","title":{"rendered":"Vytautas Lapenas"},"content":{"rendered":"<p>En \u00e9l, el lector encontrar\u00e1 no s\u00f3lo los hechos de la biograf\u00eda del piloto que falleci\u00f3 de manera lamentable el 14 de enero de 2008, sino que tambi\u00e9n experimentar\u00e1 la belleza y la fuerza de esp\u00edritu con la que estaba dotado este hombre.<\/p>\n","protected":false},"excerpt":{"rendered":"<p>El libro est\u00e1 dedicado a la memoria del legendario piloto Vytautas Fox.<\/p>\n","protected":false},"featured_media":38859,"comment_status":"open","ping_status":"closed","template":"","meta":[],"product_cat":[204],"product_tag":[],"class_list":{"0":"post-38748","1":"product","2":"type-product","3":"status-publish","4":"has-post-thumbnail","6":"product_cat-libros-manuales","8":"first","9":"instock","10":"taxable","11":"shipping-taxable","12":"purchasable","13":"product-type-simple"},"_links":{"self":[{"href":"https:\/\/pilot-shop.es\/es\/wp-json\/wp\/v2\/product\/38748","targetHints":{"allow":["GET"]}}],"collection":[{"href":"https:\/\/pilot-shop.es\/es\/wp-json\/wp\/v2\/product"}],"about":[{"href":"https:\/\/pilot-shop.es\/es\/wp-json\/wp\/v2\/types\/product"}],"replies":[{"embeddable":true,"href":"https:\/\/pilot-shop.es\/es\/wp-json\/wp\/v2\/comments?post=38748"}],"wp:featuredmedia":[{"embeddable":true,"href":"https:\/\/pilot-shop.es\/es\/wp-json\/wp\/v2\/media\/38859"}],"wp:attachment":[{"href":"https:\/\/pilot-shop.es\/es\/wp-json\/wp\/v2\/media?parent=38748"}],"wp:term":[{"taxonomy":"product_cat","embeddable":true,"href":"https:\/\/pilot-shop.es\/es\/wp-json\/wp\/v2\/product_cat?post=38748"},{"taxonomy":"product_tag","embeddable":true,"href":"https:\/\/pilot-shop.es\/es\/wp-json\/wp\/v2\/product_tag?post=38748"}],"curies":[{"name":"wp","href":"https:\/\/api.w.org\/{rel}","templated":true}]}}