{"id":39524,"date":"2022-02-11T19:04:05","date_gmt":"2022-02-11T18:04:05","guid":{"rendered":"https:\/\/pilot-shop.es\/?post_type=product&#038;p=39524"},"modified":"2024-01-22T14:11:21","modified_gmt":"2024-01-22T13:11:21","slug":"inscription-atpl-online","status":"publish","type":"product","link":"https:\/\/pilot-shop.es\/es\/shop\/inscripciones\/inscription-atpl-online\/","title":{"rendered":"Inscripci\u00f3n ATPL Online"},"content":{"rendered":"","protected":false},"excerpt":{"rendered":"<p>Este curso proporciona toda la escuela b\u00e1sica necesaria para su capacitaci\u00f3n ATPL desde su computadora. Seguir\u00e1s todos los objetivos de aprendizaje utilizando un innovador programa de software que te permitir\u00e1 realizar el curso desde tu casa.<\/p>\n<p><a href=\"https:\/\/barcelonaflightschool.com\/pilot-training\/online-atpla-course\/\" target=\"_blank\" rel=\"noopener\">M\u00e1s informaci\u00f3n<\/a><\/p>\n","protected":false},"featured_media":39469,"comment_status":"closed","ping_status":"closed","template":"","meta":[],"product_cat":[242],"product_tag":[],"class_list":{"0":"post-39524","1":"product","2":"type-product","3":"status-publish","4":"has-post-thumbnail","6":"product_cat-inscripciones","8":"first","9":"instock","10":"virtual","11":"taxable","12":"purchasable","13":"product-type-simple"},"_links":{"self":[{"href":"https:\/\/pilot-shop.es\/es\/wp-json\/wp\/v2\/product\/39524","targetHints":{"allow":["GET"]}}],"collection":[{"href":"https:\/\/pilot-shop.es\/es\/wp-json\/wp\/v2\/product"}],"about":[{"href":"https:\/\/pilot-shop.es\/es\/wp-json\/wp\/v2\/types\/product"}],"replies":[{"embeddable":true,"href":"https:\/\/pilot-shop.es\/es\/wp-json\/wp\/v2\/comments?post=39524"}],"wp:featuredmedia":[{"embeddable":true,"href":"https:\/\/pilot-shop.es\/es\/wp-json\/wp\/v2\/media\/39469"}],"wp:attachment":[{"href":"https:\/\/pilot-shop.es\/es\/wp-json\/wp\/v2\/media?parent=39524"}],"wp:term":[{"taxonomy":"product_cat","embeddable":true,"href":"https:\/\/pilot-shop.es\/es\/wp-json\/wp\/v2\/product_cat?post=39524"},{"taxonomy":"product_tag","embeddable":true,"href":"https:\/\/pilot-shop.es\/es\/wp-json\/wp\/v2\/product_tag?post=39524"}],"curies":[{"name":"wp","href":"https:\/\/api.w.org\/{rel}","templated":true}]}}