{"id":39525,"date":"2022-02-11T19:06:58","date_gmt":"2022-02-11T18:06:58","guid":{"rendered":"https:\/\/pilot-shop.es\/?post_type=product&#038;p=39525"},"modified":"2024-01-16T14:45:11","modified_gmt":"2024-01-16T13:45:11","slug":"inscripcion-ppl-online","status":"publish","type":"product","link":"https:\/\/pilot-shop.es\/es\/shop\/inscripciones\/inscripcion-ppl-online\/","title":{"rendered":"Inscripci\u00f3n PPL Online"},"content":{"rendered":"","protected":false},"excerpt":{"rendered":"<p>La Licencia de Piloto Privado (PPL) es el primer paso hacia tu formaci\u00f3n modular. Tener una licencia PPL es un requisito previo para iniciar un programa ATPL modular. Adem\u00e1s, si lo \u00fanico que quieres es volar por diversi\u00f3n o deporte, definitivamente esto es lo que necesitas.<\/p>\n<p><a href=\"https:\/\/barcelonaflightschool.com\/pilot-training\/private-pilot-license-ppl-course\/\" target=\"_blank\" rel=\"noopener\">M\u00e1s informaci\u00f3n<\/a><\/p>\n","protected":false},"featured_media":39467,"comment_status":"closed","ping_status":"closed","template":"","meta":[],"product_cat":[242],"product_tag":[],"class_list":{"0":"post-39525","1":"product","2":"type-product","3":"status-publish","4":"has-post-thumbnail","6":"product_cat-inscripciones","8":"first","9":"instock","10":"virtual","11":"taxable","12":"purchasable","13":"product-type-simple"},"_links":{"self":[{"href":"https:\/\/pilot-shop.es\/es\/wp-json\/wp\/v2\/product\/39525","targetHints":{"allow":["GET"]}}],"collection":[{"href":"https:\/\/pilot-shop.es\/es\/wp-json\/wp\/v2\/product"}],"about":[{"href":"https:\/\/pilot-shop.es\/es\/wp-json\/wp\/v2\/types\/product"}],"replies":[{"embeddable":true,"href":"https:\/\/pilot-shop.es\/es\/wp-json\/wp\/v2\/comments?post=39525"}],"wp:featuredmedia":[{"embeddable":true,"href":"https:\/\/pilot-shop.es\/es\/wp-json\/wp\/v2\/media\/39467"}],"wp:attachment":[{"href":"https:\/\/pilot-shop.es\/es\/wp-json\/wp\/v2\/media?parent=39525"}],"wp:term":[{"taxonomy":"product_cat","embeddable":true,"href":"https:\/\/pilot-shop.es\/es\/wp-json\/wp\/v2\/product_cat?post=39525"},{"taxonomy":"product_tag","embeddable":true,"href":"https:\/\/pilot-shop.es\/es\/wp-json\/wp\/v2\/product_tag?post=39525"}],"curies":[{"name":"wp","href":"https:\/\/api.w.org\/{rel}","templated":true}]}}