{"id":41475,"date":"2024-04-09T17:29:27","date_gmt":"2024-04-09T15:29:27","guid":{"rendered":"https:\/\/pilot-shop.es\/?post_type=product&#038;p=41475"},"modified":"2024-04-09T17:36:01","modified_gmt":"2024-04-09T15:36:01","slug":"vuelo-iniciacion-ultraligero","status":"publish","type":"product","link":"https:\/\/pilot-shop.es\/es\/shop\/tarjetas-regalo\/vuelo-iniciacion-ultraligero\/","title":{"rendered":"Vuelo de iniciaci\u00f3n en Ultraligero"},"content":{"rendered":"","protected":false},"excerpt":{"rendered":"<p>Regala este vuelo de indicaci\u00f3n de ULM que tiene una duraci\u00f3n de entre 30 y un precio de 95\u20ac. Durante estos 30min se dar\u00e1 un paseo por la zona acompa\u00f1ado de un piloto profesional.<\/p>\n","protected":false},"featured_media":39701,"comment_status":"closed","ping_status":"closed","template":"","meta":[],"product_cat":[482],"product_tag":[],"class_list":{"0":"post-41475","1":"product","2":"type-product","3":"status-publish","4":"has-post-thumbnail","6":"product_cat-tarjetas-regalo","8":"first","9":"instock","10":"shipping-taxable","11":"purchasable","12":"product-type-wgm_gift_card"},"_links":{"self":[{"href":"https:\/\/pilot-shop.es\/es\/wp-json\/wp\/v2\/product\/41475","targetHints":{"allow":["GET"]}}],"collection":[{"href":"https:\/\/pilot-shop.es\/es\/wp-json\/wp\/v2\/product"}],"about":[{"href":"https:\/\/pilot-shop.es\/es\/wp-json\/wp\/v2\/types\/product"}],"replies":[{"embeddable":true,"href":"https:\/\/pilot-shop.es\/es\/wp-json\/wp\/v2\/comments?post=41475"}],"wp:featuredmedia":[{"embeddable":true,"href":"https:\/\/pilot-shop.es\/es\/wp-json\/wp\/v2\/media\/39701"}],"wp:attachment":[{"href":"https:\/\/pilot-shop.es\/es\/wp-json\/wp\/v2\/media?parent=41475"}],"wp:term":[{"taxonomy":"product_cat","embeddable":true,"href":"https:\/\/pilot-shop.es\/es\/wp-json\/wp\/v2\/product_cat?post=41475"},{"taxonomy":"product_tag","embeddable":true,"href":"https:\/\/pilot-shop.es\/es\/wp-json\/wp\/v2\/product_tag?post=41475"}],"curies":[{"name":"wp","href":"https:\/\/api.w.org\/{rel}","templated":true}]}}